{"id":43,"date":"2024-09-09T08:36:53","date_gmt":"2024-09-09T07:36:53","guid":{"rendered":"https:\/\/rake-back-poker.de\/domov\/"},"modified":"2024-09-09T08:36:53","modified_gmt":"2024-09-09T07:36:53","slug":"domov","status":"publish","type":"page","link":"https:\/\/rake-back-poker.de\/cs\/","title":{"rendered":"Domov"},"content":{"rendered":"<h2 data-start=\"0\" data-end=\"42\"><strong data-start=\"0\" data-end=\"40\">Pokerov\u00e9 weby s nejlep\u0161\u00edm Rakebackem<\/strong><\/h2>\n<p class=\"\" data-start=\"44\" data-end=\"247\">Pokud hrajete online poker o skute\u010dn\u00e9 pen\u00edze, plat\u00edte rake \u2013 \u010d\u00e1stku, kterou si pokerov\u00fd web bere z ka\u017ed\u00e9ho banku. Samotn\u00e9 \u010d\u00e1stky jsou obvykle pom\u011brn\u011b mal\u00e9, ale v pr\u016fb\u011bhu \u010dasu se mohou v\u00fdrazn\u011b nas\u010d\u00edtat.<\/p>\n<p class=\"\" data-start=\"249\" data-end=\"643\">Aby poskytli hr\u00e1\u010d\u016fm co nejlep\u0161\u00ed motivaci k del\u0161\u00ed h\u0159e, v\u011bt\u0161ina provozovatel\u016f nab\u00edz\u00ed intern\u00ed rakeback program. Rakeback znamen\u00e1, \u017ee hr\u00e1\u010d dostane zp\u011bt \u010d\u00e1st zaplacen\u00e9ho rake od pokerov\u00e9ho webu. Tento syst\u00e9m v\u011bt\u0161inou funguje na principu bodov\u00e9ho programu. Podle toho, kolik rake hr\u00e1\u010d zaplatil, z\u00edsk\u00e1v\u00e1 \u201ev\u011brnostn\u00ed body\u201c (ka\u017ed\u00e1 pokerov\u00e1 herna je naz\u00fdv\u00e1 jinak), kter\u00e9 lze pozd\u011bji vym\u011bnit za hotovost.<\/p>\n<p class=\"\" data-start=\"645\" data-end=\"997\">\u010casto lze tyto body tak\u00e9 vym\u011bnit za vstupenky do turnaj\u016f nebo za zbo\u017e\u00ed z obchodu (k\u0161iltovky, tri\u010dka apod.). Mimochodem, tak\u00e9 u turnaj\u016f se plat\u00ed \u201erake\u201c \u2013 nap\u0159\u00edklad buy-in b\u00fdv\u00e1 ozna\u010den jako $10+$1. Men\u0161\u00ed \u010d\u00e1stka $1 jde \u201edomu\u201c, av\u0161ak v pokerov\u00e9m \u017eargonu se nenaz\u00fdv\u00e1 rake, ale \u201ejuice\u201c. V\u011bt\u0161ina pokerov\u00fdch web\u016f ale tento \u201ejuice\u201c tak\u00e9 zahrnuje do rakebacku.<\/p>\n<p class=\"\" data-start=\"999\" data-end=\"1109\"><strong data-start=\"999\" data-end=\"1007\">Tip:<\/strong> Pokerov\u00e9 str\u00e1nky, kter\u00e9 si berou v\u00edce ne\u017e 10 % buy-inu jako \u201ejuice\u201c, je nejlep\u0161\u00ed se p\u0159edem vyhnout!<\/p>\n<h3 class=\"\" data-start=\"1111\" data-end=\"1145\">Kolik rakebacku mohu z\u00edskat?<\/h3>\n<p class=\"\" data-start=\"1146\" data-end=\"1492\">V\u00fd\u0161e rakebacku z\u00e1vis\u00ed na n\u011bkolika faktorech. Obvykle pokerov\u00fd web pou\u017e\u00edv\u00e1 \u201eprogresivn\u00ed\u201c bodov\u00fd syst\u00e9m. \u010c\u00edm v\u00edce hrajete, t\u00edm vy\u0161\u0161\u00ed status z\u00edsk\u00e1v\u00e1te (nap\u0159\u00edklad Bronz\/St\u0159\u00edbro\/Zlato\/Platina), a podle \u00farovn\u011b obdr\u017e\u00edte vy\u0161\u0161\u00ed procento rakebacku. Jin\u00fdmi slovy, pokud ji\u017e m\u00e1te vy\u0161\u0161\u00ed status, z\u00edsk\u00e1te v\u00edce v\u011brnostn\u00edch bod\u016f za ka\u017ed\u00fd dolar zaplacen\u00e9ho rake.<\/p>\n<h3 class=\"\" data-start=\"1494\" data-end=\"1551\">Jak\u00fd je rozd\u00edl mezi extern\u00edm a intern\u00edm rakebackem?<\/h3>\n<p class=\"\" data-start=\"1552\" data-end=\"1952\">D\u0159\u00edve se hr\u00e1\u010di registrovali v pokerov\u00fdch hern\u00e1ch prost\u0159ednictv\u00edm speci\u00e1ln\u00edho extern\u00edho poskytovatele rakebacku. Pokerov\u00e1 herna poskytovala t\u011bmto poskytovatel\u016fm informace o zaplacen\u00e9m rake, a oni pak vypl\u00e1celi rakeback hr\u00e1\u010d\u016fm. V dne\u0161n\u00ed dob\u011b v\u0161ak v\u011bt\u0161ina pokerov\u00fdch heren ji\u017e tyto informace t\u0159et\u00edm stran\u00e1m neposkytuje a m\u00edsto toho nab\u00edz\u00ed vlastn\u00ed intern\u00ed rakeback programy zalo\u017een\u00e9 na bodov\u00e9m syst\u00e9mu.<\/p>\n<h3 class=\"\" data-start=\"1954\" data-end=\"1998\">Co je to vlastn\u011b bonus pro nov\u00e9 hr\u00e1\u010de?<\/h3>\n<p class=\"\" data-start=\"1999\" data-end=\"2251\">Bonus pro nov\u00e9 hr\u00e1\u010de je tak\u00e9 ur\u010dit\u00e1 forma rakebacku, av\u0161ak je \u010dasov\u011b omezen\u00fd a m\u00e1 maxim\u00e1ln\u00ed v\u00fd\u0161i. Kdo nab\u00edz\u00ed nejlep\u0161\u00ed bonusy, se m\u016f\u017eete dozv\u011bd\u011bt na <a href=\"http:\/\/www.poker-bonuscode.de\" target=\"_new\" rel=\"noopener\" data-start=\"2147\" data-end=\"2169\">www.poker-bonuscode.de<\/a>. Skute\u010dn\u00fd rakeback se v\u0161ak hr\u00e1\u010di vypl\u00e1c\u00ed trvale, pokud hraje o skute\u010dn\u00e9 pen\u00edze.<\/p>\n<h3 class=\"\" data-start=\"2253\" data-end=\"2307\">Kter\u00e1 pokerov\u00e1 str\u00e1nka nab\u00edz\u00ed nejlep\u0161\u00ed rakeback?<\/h3>\n<p class=\"\" data-start=\"2308\" data-end=\"2454\">Testujeme pro v\u00e1s nejlep\u0161\u00ed pokerov\u00e9 str\u00e1nky a poskytujeme podrobn\u00e9 informace o r\u016fzn\u00fdch rakeback programech, bodov\u00fdch syst\u00e9mech a dal\u0161\u00edch v\u00fdhod\u00e1ch.<\/p>\n","protected":false},"excerpt":{"rendered":"<p>Pokerov\u00e9 weby s nejlep\u0161\u00edm Rakebackem Pokud hrajete online poker o skute\u010dn\u00e9 pen\u00edze, plat\u00edte rake \u2013 \u010d\u00e1stku, kterou si pokerov\u00fd web bere z ka\u017ed\u00e9ho banku. Samotn\u00e9 \u010d\u00e1stky jsou obvykle pom\u011brn\u011b mal\u00e9, ale v pr\u016fb\u011bhu \u010dasu se mohou v\u00fdrazn\u011b nas\u010d\u00edtat. Aby poskytli hr\u00e1\u010d\u016fm co nejlep\u0161\u00ed motivaci k del\u0161\u00ed h\u0159e, v\u011bt\u0161ina provozovatel\u016f nab\u00edz\u00ed intern\u00ed rakeback program. Rakeback znamen\u00e1, [&hellip;]<\/p>\n","protected":false},"author":1,"featured_media":0,"parent":0,"menu_order":0,"comment_status":"closed","ping_status":"closed","template":"","meta":{"footnotes":""},"class_list":["post-43","page","type-page","status-publish","hentry","entry"],"yoast_head":"<!-- This site is optimized with the Yoast SEO plugin v25.9 - https:\/\/yoast.com\/wordpress\/plugins\/seo\/ -->\n<title>Pokerov\u00e9 str\u00e1nky s nejlep\u0161\u00edm rakebackem<\/title>\n<meta name=\"description\" content=\"Hled\u00e1te pokerov\u00fd rakeback? Zde najdete nejlep\u0161\u00ed nab\u00eddky rakebacku pro hr\u00e1\u010de online pokeru\" \/>\n<meta name=\"robots\" content=\"index, follow, max-snippet:-1, max-image-preview:large, max-video-preview:-1\" \/>\n<link rel=\"canonical\" href=\"https:\/\/rake-back-poker.de\/cs\/\" \/>\n<meta property=\"og:locale\" content=\"cs_CZ\" \/>\n<meta property=\"og:type\" content=\"article\" \/>\n<meta property=\"og:title\" content=\"Pokerov\u00e9 str\u00e1nky s nejlep\u0161\u00edm rakebackem\" \/>\n<meta property=\"og:description\" content=\"Hled\u00e1te pokerov\u00fd rakeback? Zde najdete nejlep\u0161\u00ed nab\u00eddky rakebacku pro hr\u00e1\u010de online pokeru\" \/>\n<meta property=\"og:url\" content=\"https:\/\/rake-back-poker.de\/cs\/\" \/>\n<meta property=\"og:site_name\" content=\"Rakeback Poker\" \/>\n<meta name=\"twitter:card\" content=\"summary_large_image\" \/>\n<meta name=\"twitter:label1\" content=\"Odhadovan\u00e1 doba \u010dten\u00ed\" \/>\n\t<meta name=\"twitter:data1\" content=\"2 minuty\" \/>\n<script type=\"application\/ld+json\" class=\"yoast-schema-graph\">{\"@context\":\"https:\/\/schema.org\",\"@graph\":[{\"@type\":\"WebPage\",\"@id\":\"https:\/\/rake-back-poker.de\/cs\/\",\"url\":\"https:\/\/rake-back-poker.de\/cs\/\",\"name\":\"Pokerov\u00e9 str\u00e1nky s nejlep\u0161\u00edm rakebackem\",\"isPartOf\":{\"@id\":\"https:\/\/rake-back-poker.de\/cs\/#website\"},\"datePublished\":\"2024-09-09T07:36:53+00:00\",\"description\":\"Hled\u00e1te pokerov\u00fd rakeback? Zde najdete nejlep\u0161\u00ed nab\u00eddky rakebacku pro hr\u00e1\u010de online pokeru\",\"breadcrumb\":{\"@id\":\"https:\/\/rake-back-poker.de\/cs\/#breadcrumb\"},\"inLanguage\":\"cs\",\"potentialAction\":[{\"@type\":\"ReadAction\",\"target\":[\"https:\/\/rake-back-poker.de\/cs\/\"]}]},{\"@type\":\"BreadcrumbList\",\"@id\":\"https:\/\/rake-back-poker.de\/cs\/#breadcrumb\",\"itemListElement\":[{\"@type\":\"ListItem\",\"position\":1,\"name\":\"Home\",\"item\":\"https:\/\/rake-back-poker.de\/cs\/\"},{\"@type\":\"ListItem\",\"position\":2,\"name\":\"Domov\"}]},{\"@type\":\"WebSite\",\"@id\":\"https:\/\/rake-back-poker.de\/cs\/#website\",\"url\":\"https:\/\/rake-back-poker.de\/cs\/\",\"name\":\"Rakeback Poker\",\"description\":\"\",\"potentialAction\":[{\"@type\":\"SearchAction\",\"target\":{\"@type\":\"EntryPoint\",\"urlTemplate\":\"https:\/\/rake-back-poker.de\/cs\/?s={search_term_string}\"},\"query-input\":{\"@type\":\"PropertyValueSpecification\",\"valueRequired\":true,\"valueName\":\"search_term_string\"}}],\"inLanguage\":\"cs\"}]}<\/script>\n<!-- \/ Yoast SEO plugin. -->","yoast_head_json":{"title":"Pokerov\u00e9 str\u00e1nky s nejlep\u0161\u00edm rakebackem","description":"Hled\u00e1te pokerov\u00fd rakeback? Zde najdete nejlep\u0161\u00ed nab\u00eddky rakebacku pro hr\u00e1\u010de online pokeru","robots":{"index":"index","follow":"follow","max-snippet":"max-snippet:-1","max-image-preview":"max-image-preview:large","max-video-preview":"max-video-preview:-1"},"canonical":"https:\/\/rake-back-poker.de\/cs\/","og_locale":"cs_CZ","og_type":"article","og_title":"Pokerov\u00e9 str\u00e1nky s nejlep\u0161\u00edm rakebackem","og_description":"Hled\u00e1te pokerov\u00fd rakeback? Zde najdete nejlep\u0161\u00ed nab\u00eddky rakebacku pro hr\u00e1\u010de online pokeru","og_url":"https:\/\/rake-back-poker.de\/cs\/","og_site_name":"Rakeback Poker","twitter_card":"summary_large_image","twitter_misc":{"Odhadovan\u00e1 doba \u010dten\u00ed":"2 minuty"},"schema":{"@context":"https:\/\/schema.org","@graph":[{"@type":"WebPage","@id":"https:\/\/rake-back-poker.de\/cs\/","url":"https:\/\/rake-back-poker.de\/cs\/","name":"Pokerov\u00e9 str\u00e1nky s nejlep\u0161\u00edm rakebackem","isPartOf":{"@id":"https:\/\/rake-back-poker.de\/cs\/#website"},"datePublished":"2024-09-09T07:36:53+00:00","description":"Hled\u00e1te pokerov\u00fd rakeback? Zde najdete nejlep\u0161\u00ed nab\u00eddky rakebacku pro hr\u00e1\u010de online pokeru","breadcrumb":{"@id":"https:\/\/rake-back-poker.de\/cs\/#breadcrumb"},"inLanguage":"cs","potentialAction":[{"@type":"ReadAction","target":["https:\/\/rake-back-poker.de\/cs\/"]}]},{"@type":"BreadcrumbList","@id":"https:\/\/rake-back-poker.de\/cs\/#breadcrumb","itemListElement":[{"@type":"ListItem","position":1,"name":"Home","item":"https:\/\/rake-back-poker.de\/cs\/"},{"@type":"ListItem","position":2,"name":"Domov"}]},{"@type":"WebSite","@id":"https:\/\/rake-back-poker.de\/cs\/#website","url":"https:\/\/rake-back-poker.de\/cs\/","name":"Rakeback Poker","description":"","potentialAction":[{"@type":"SearchAction","target":{"@type":"EntryPoint","urlTemplate":"https:\/\/rake-back-poker.de\/cs\/?s={search_term_string}"},"query-input":{"@type":"PropertyValueSpecification","valueRequired":true,"valueName":"search_term_string"}}],"inLanguage":"cs"}]}},"_links":{"self":[{"href":"https:\/\/rake-back-poker.de\/cs\/wp-json\/wp\/v2\/pages\/43","targetHints":{"allow":["GET"]}}],"collection":[{"href":"https:\/\/rake-back-poker.de\/cs\/wp-json\/wp\/v2\/pages"}],"about":[{"href":"https:\/\/rake-back-poker.de\/cs\/wp-json\/wp\/v2\/types\/page"}],"author":[{"embeddable":true,"href":"https:\/\/rake-back-poker.de\/cs\/wp-json\/wp\/v2\/users\/1"}],"replies":[{"embeddable":true,"href":"https:\/\/rake-back-poker.de\/cs\/wp-json\/wp\/v2\/comments?post=43"}],"version-history":[{"count":0,"href":"https:\/\/rake-back-poker.de\/cs\/wp-json\/wp\/v2\/pages\/43\/revisions"}],"wp:attachment":[{"href":"https:\/\/rake-back-poker.de\/cs\/wp-json\/wp\/v2\/media?parent=43"}],"curies":[{"name":"wp","href":"https:\/\/api.w.org\/{rel}","templated":true}]}}