{"id":44,"date":"2024-09-09T08:36:53","date_gmt":"2024-09-09T07:36:53","guid":{"rendered":"https:\/\/rake-back-poker.de\/hjem\/"},"modified":"2024-09-09T08:36:53","modified_gmt":"2024-09-09T07:36:53","slug":"hjem","status":"publish","type":"page","link":"https:\/\/rake-back-poker.de\/da\/","title":{"rendered":"Hjem"},"content":{"rendered":"<h2 data-start=\"0\" data-end=\"45\"><strong data-start=\"0\" data-end=\"43\">Poker-websteder med den bedste Rakeback<\/strong><\/h2>\n<p class=\"\" data-start=\"47\" data-end=\"240\">Hvis du spiller online poker med rigtige penge, betaler du en rake \u2013 det bel\u00f8b, som pokerwebstedet tager fra hver pulje. Bel\u00f8bene er normalt relativt sm\u00e5, men de kan hurtigt l\u00f8be op over tid.<\/p>\n<p class=\"\" data-start=\"242\" data-end=\"701\">For at give spillerne den bedste motivation til at spille mere, har de fleste udbydere et internt rakeback-program. Rakeback betyder simpelthen, at spilleren f\u00e5r en del af den betalte rake tilbage fra pokerwebstedet. Dette fungerer typisk gennem et pointsystem. Afh\u00e6ngigt af hvor meget rake spilleren har betalt, optjener han eller hun &#8220;loyalitetspoint&#8221; (hver pokerudbyder har sin egen betegnelse for disse point), og disse kan senere veksles til kontanter.<\/p>\n<p class=\"\" data-start=\"703\" data-end=\"1132\">Ofte kan disse loyalitetspoint ogs\u00e5 bruges til at k\u00f8be turneringsbilletter eller varer fra en webshop (f.eks. en kasket eller en T-shirt). Apropos turneringer: Her betales der ogs\u00e5 en &#8220;rake&#8221; \u2013 for eksempel kan buy-in v\u00e6re angivet som $10+$1. Det mindre bel\u00f8b p\u00e5 $1 g\u00e5r &#8220;til huset&#8221;, men i pokerjargon kaldes det ikke rake, men &#8220;juice&#8221;. P\u00e5 de fleste pokerwebsteder bliver denne &#8220;juice&#8221; dog ogs\u00e5 inkluderet i rakeback-beregningen.<\/p>\n<p class=\"\" data-start=\"1134\" data-end=\"1224\"><strong data-start=\"1134\" data-end=\"1142\">Tip:<\/strong> Pokerwebsteder, der tager mere end 10 % af buy-in som &#8220;juice&#8221;, b\u00f8r undg\u00e5s helt!<\/p>\n<h3 class=\"\" data-start=\"1226\" data-end=\"1263\">Hvor meget rakeback kan jeg f\u00e5?<\/h3>\n<p class=\"\" data-start=\"1264\" data-end=\"1651\">St\u00f8rrelsen af rakeback afh\u00e6nger af forskellige faktorer. Normalt har pokerwebsteder et &#8220;progressivt&#8221; pointsystem. Jo mere du spiller, desto h\u00f8jere status opn\u00e5r du (f.eks. Bronze\/S\u00f8lv\/Guld\/Platin), og afh\u00e6ngigt af din status f\u00e5r du en h\u00f8jere procentdel af din rake tilbage. Med andre ord kan du optjene flere loyalitetspoint pr. dollar betalt i rake, n\u00e5r du har opn\u00e5et en h\u00f8jere status.<\/p>\n<h3 class=\"\" data-start=\"1653\" data-end=\"1712\">Hvad er forskellen mellem ekstern og intern rakeback?<\/h3>\n<p class=\"\" data-start=\"1713\" data-end=\"2104\">Tidligere registrerede spillere sig ofte hos en pokerudbyder gennem en ekstern rakeback-tjeneste. Pokerudbyderen gav denne tjeneste oplysninger om den betalte rake, og tjenesten udbetalte derefter rakeback til spilleren. I dag deler de fleste pokerwebsteder ikke l\u00e6ngere disse oplysninger med tredjepart, men tilbyder i stedet deres egne interne rakeback-programmer gennem loyalitetspoint.<\/p>\n<h3 class=\"\" data-start=\"2106\" data-end=\"2137\">Hvad er velkomstbonussen?<\/h3>\n<p class=\"\" data-start=\"2138\" data-end=\"2428\">Velkomstbonussen er ogs\u00e5 en form for rakeback, men den er tidsbegr\u00e6nset og har en maksimal v\u00e6rdi. Du kan finde ud af, hvem der tilbyder de bedste bonusser, p\u00e5 <a href=\"http:\/\/www.poker-bonuscode.de\" target=\"_new\" rel=\"noopener\" data-start=\"2297\" data-end=\"2319\">www.poker-bonuscode.de<\/a>. Den egentlige rakeback gives dog l\u00f8bende til spilleren, s\u00e5 l\u00e6nge han eller hun spiller for rigtige penge.<\/p>\n<h3 class=\"\" data-start=\"2430\" data-end=\"2486\">Hvilket pokerwebsted tilbyder den bedste rakeback?<\/h3>\n<p class=\"\" data-start=\"2487\" data-end=\"2637\">Vi tester de bedste pokerwebsteder for dig og giver dig detaljerede oplysninger om de forskellige rakeback-programmer, pointsystemer og andre fordele.<\/p>\n","protected":false},"excerpt":{"rendered":"<p>Poker-websteder med den bedste Rakeback Hvis du spiller online poker med rigtige penge, betaler du en rake \u2013 det bel\u00f8b, som pokerwebstedet tager fra hver pulje. Bel\u00f8bene er normalt relativt sm\u00e5, men de kan hurtigt l\u00f8be op over tid. For at give spillerne den bedste motivation til at spille mere, har de fleste udbydere et [&hellip;]<\/p>\n","protected":false},"author":1,"featured_media":0,"parent":0,"menu_order":0,"comment_status":"closed","ping_status":"closed","template":"","meta":{"footnotes":""},"class_list":["post-44","page","type-page","status-publish","hentry","entry"],"yoast_head":"<!-- This site is optimized with the Yoast SEO plugin v25.9 - https:\/\/yoast.com\/wordpress\/plugins\/seo\/ -->\n<title>Pokersider med den bedste rakeback<\/title>\n<meta name=\"description\" content=\"Leder du efter poker rakeback? Her finder du de bedste rakeback tilbud til online pokerspillere\" \/>\n<meta name=\"robots\" content=\"index, follow, max-snippet:-1, max-image-preview:large, max-video-preview:-1\" \/>\n<link rel=\"canonical\" href=\"https:\/\/rake-back-poker.de\/da\/\" \/>\n<meta property=\"og:locale\" content=\"da_DK\" \/>\n<meta property=\"og:type\" content=\"article\" \/>\n<meta property=\"og:title\" content=\"Pokersider med den bedste rakeback\" \/>\n<meta property=\"og:description\" content=\"Leder du efter poker rakeback? Her finder du de bedste rakeback tilbud til online pokerspillere\" \/>\n<meta property=\"og:url\" content=\"https:\/\/rake-back-poker.de\/da\/\" \/>\n<meta property=\"og:site_name\" content=\"Rakeback Poker\" \/>\n<meta name=\"twitter:card\" content=\"summary_large_image\" \/>\n<meta name=\"twitter:label1\" content=\"Estimeret l\u00e6setid\" \/>\n\t<meta name=\"twitter:data1\" content=\"2 minutter\" \/>\n<script type=\"application\/ld+json\" class=\"yoast-schema-graph\">{\"@context\":\"https:\/\/schema.org\",\"@graph\":[{\"@type\":\"WebPage\",\"@id\":\"https:\/\/rake-back-poker.de\/da\/\",\"url\":\"https:\/\/rake-back-poker.de\/da\/\",\"name\":\"Pokersider med den bedste rakeback\",\"isPartOf\":{\"@id\":\"https:\/\/rake-back-poker.de\/da\/#website\"},\"datePublished\":\"2024-09-09T07:36:53+00:00\",\"description\":\"Leder du efter poker rakeback? Her finder du de bedste rakeback tilbud til online pokerspillere\",\"breadcrumb\":{\"@id\":\"https:\/\/rake-back-poker.de\/da\/#breadcrumb\"},\"inLanguage\":\"da-DK\",\"potentialAction\":[{\"@type\":\"ReadAction\",\"target\":[\"https:\/\/rake-back-poker.de\/da\/\"]}]},{\"@type\":\"BreadcrumbList\",\"@id\":\"https:\/\/rake-back-poker.de\/da\/#breadcrumb\",\"itemListElement\":[{\"@type\":\"ListItem\",\"position\":1,\"name\":\"Home\",\"item\":\"https:\/\/rake-back-poker.de\/da\/\"},{\"@type\":\"ListItem\",\"position\":2,\"name\":\"Hjem\"}]},{\"@type\":\"WebSite\",\"@id\":\"https:\/\/rake-back-poker.de\/da\/#website\",\"url\":\"https:\/\/rake-back-poker.de\/da\/\",\"name\":\"Rakeback Poker\",\"description\":\"\",\"potentialAction\":[{\"@type\":\"SearchAction\",\"target\":{\"@type\":\"EntryPoint\",\"urlTemplate\":\"https:\/\/rake-back-poker.de\/da\/?s={search_term_string}\"},\"query-input\":{\"@type\":\"PropertyValueSpecification\",\"valueRequired\":true,\"valueName\":\"search_term_string\"}}],\"inLanguage\":\"da-DK\"}]}<\/script>\n<!-- \/ Yoast SEO plugin. -->","yoast_head_json":{"title":"Pokersider med den bedste rakeback","description":"Leder du efter poker rakeback? Her finder du de bedste rakeback tilbud til online pokerspillere","robots":{"index":"index","follow":"follow","max-snippet":"max-snippet:-1","max-image-preview":"max-image-preview:large","max-video-preview":"max-video-preview:-1"},"canonical":"https:\/\/rake-back-poker.de\/da\/","og_locale":"da_DK","og_type":"article","og_title":"Pokersider med den bedste rakeback","og_description":"Leder du efter poker rakeback? Her finder du de bedste rakeback tilbud til online pokerspillere","og_url":"https:\/\/rake-back-poker.de\/da\/","og_site_name":"Rakeback Poker","twitter_card":"summary_large_image","twitter_misc":{"Estimeret l\u00e6setid":"2 minutter"},"schema":{"@context":"https:\/\/schema.org","@graph":[{"@type":"WebPage","@id":"https:\/\/rake-back-poker.de\/da\/","url":"https:\/\/rake-back-poker.de\/da\/","name":"Pokersider med den bedste rakeback","isPartOf":{"@id":"https:\/\/rake-back-poker.de\/da\/#website"},"datePublished":"2024-09-09T07:36:53+00:00","description":"Leder du efter poker rakeback? Her finder du de bedste rakeback tilbud til online pokerspillere","breadcrumb":{"@id":"https:\/\/rake-back-poker.de\/da\/#breadcrumb"},"inLanguage":"da-DK","potentialAction":[{"@type":"ReadAction","target":["https:\/\/rake-back-poker.de\/da\/"]}]},{"@type":"BreadcrumbList","@id":"https:\/\/rake-back-poker.de\/da\/#breadcrumb","itemListElement":[{"@type":"ListItem","position":1,"name":"Home","item":"https:\/\/rake-back-poker.de\/da\/"},{"@type":"ListItem","position":2,"name":"Hjem"}]},{"@type":"WebSite","@id":"https:\/\/rake-back-poker.de\/da\/#website","url":"https:\/\/rake-back-poker.de\/da\/","name":"Rakeback Poker","description":"","potentialAction":[{"@type":"SearchAction","target":{"@type":"EntryPoint","urlTemplate":"https:\/\/rake-back-poker.de\/da\/?s={search_term_string}"},"query-input":{"@type":"PropertyValueSpecification","valueRequired":true,"valueName":"search_term_string"}}],"inLanguage":"da-DK"}]}},"_links":{"self":[{"href":"https:\/\/rake-back-poker.de\/da\/wp-json\/wp\/v2\/pages\/44","targetHints":{"allow":["GET"]}}],"collection":[{"href":"https:\/\/rake-back-poker.de\/da\/wp-json\/wp\/v2\/pages"}],"about":[{"href":"https:\/\/rake-back-poker.de\/da\/wp-json\/wp\/v2\/types\/page"}],"author":[{"embeddable":true,"href":"https:\/\/rake-back-poker.de\/da\/wp-json\/wp\/v2\/users\/1"}],"replies":[{"embeddable":true,"href":"https:\/\/rake-back-poker.de\/da\/wp-json\/wp\/v2\/comments?post=44"}],"version-history":[{"count":0,"href":"https:\/\/rake-back-poker.de\/da\/wp-json\/wp\/v2\/pages\/44\/revisions"}],"wp:attachment":[{"href":"https:\/\/rake-back-poker.de\/da\/wp-json\/wp\/v2\/media?parent=44"}],"curies":[{"name":"wp","href":"https:\/\/api.w.org\/{rel}","templated":true}]}}