{"id":52,"date":"2024-09-09T08:36:53","date_gmt":"2024-09-09T07:36:53","guid":{"rendered":"https:\/\/rake-back-poker.de\/hogar\/"},"modified":"2024-09-09T08:36:53","modified_gmt":"2024-09-09T07:36:53","slug":"hogar","status":"publish","type":"page","link":"https:\/\/rake-back-poker.de\/es\/","title":{"rendered":"Hogar"},"content":{"rendered":"<h2 data-start=\"0\" data-end=\"43\"><strong data-start=\"0\" data-end=\"41\">Sitios de P\u00f3ker con el Mejor Rakeback<\/strong><\/h2>\n<p class=\"\" data-start=\"45\" data-end=\"250\">Cuando juegas al p\u00f3ker en l\u00ednea con dinero real, pagas un rake, que es la cantidad que la sala de p\u00f3ker retiene de cada bote. Aunque estas cantidades suelen ser peque\u00f1as, pueden acumularse con el tiempo.<\/p>\n<p class=\"\" data-start=\"252\" data-end=\"709\">Para incentivar a los jugadores a seguir jugando, la mayor\u00eda de los sitios de p\u00f3ker ofrecen un programa interno de rakeback. El rakeback significa que el jugador recibe de vuelta una parte del rake pagado a la sala de p\u00f3ker. Esto generalmente funciona a trav\u00e9s de un sistema de puntos: cuanto m\u00e1s rake pagues, m\u00e1s \u00abpuntos de fidelidad\u00bb ganas (cada sala tiene su propio nombre para estos puntos). Estos puntos pueden luego canjearse por dinero en efectivo.<\/p>\n<p class=\"\" data-start=\"711\" data-end=\"1181\">A menudo, los jugadores tambi\u00e9n pueden usar estos puntos para comprar entradas para torneos o productos en la tienda (gorras, camisetas, etc.). Hablando de torneos, tambi\u00e9n incluyen un \u00abrake\u00bb; por ejemplo, el buy-in puede aparecer como $10+$1, donde la cantidad menor de $1 es la comisi\u00f3n de la casa. En el argot del p\u00f3ker, esto no se llama rake, sino \u00abjuice\u00bb. Sin embargo, en la mayor\u00eda de los sitios de p\u00f3ker, este \u00abjuice\u00bb tambi\u00e9n se toma en cuenta para el rakeback.<\/p>\n<p class=\"\" data-start=\"1183\" data-end=\"1271\"><strong data-start=\"1183\" data-end=\"1195\">Consejo:<\/strong> \u00a1Evita las salas de p\u00f3ker que cobran m\u00e1s del 10% del buy-in como \u00abjuice\u00bb!<\/p>\n<h3 class=\"\" data-start=\"1273\" data-end=\"1310\">\u00bfCu\u00e1nto rakeback puedo recibir?<\/h3>\n<p class=\"\" data-start=\"1311\" data-end=\"1696\">El porcentaje de rakeback depende de varios factores. Normalmente, los sitios de p\u00f3ker tienen un sistema de puntos progresivo. Cuanto m\u00e1s juegas, m\u00e1s alto es tu nivel (por ejemplo, Bronce\/Plata\/Oro\/Platino) y, seg\u00fan tu nivel, recibir\u00e1s un porcentaje mayor de rakeback. En otras palabras, cuantos m\u00e1s puntos de fidelidad obtengas, m\u00e1s dinero recuperar\u00e1s por cada d\u00f3lar pagado en rake.<\/p>\n<h3 class=\"\" data-start=\"1698\" data-end=\"1763\">\u00bfCu\u00e1l es la diferencia entre el rakeback externo e interno?<\/h3>\n<p class=\"\" data-start=\"1764\" data-end=\"2198\">En el pasado, los jugadores se registraban en las salas de p\u00f3ker a trav\u00e9s de proveedores externos de rakeback. La sala de p\u00f3ker proporcionaba informaci\u00f3n sobre el rake pagado y el proveedor de rakeback devolv\u00eda una parte al jugador. Hoy en d\u00eda, la mayor\u00eda de las salas ya no comparten esta informaci\u00f3n con terceros y, en su lugar, han implementado sus propios programas internos de rakeback mediante sistemas de puntos de fidelidad.<\/p>\n<h3 class=\"\" data-start=\"2200\" data-end=\"2244\">\u00bfQu\u00e9 es el bono para nuevos jugadores?<\/h3>\n<p class=\"\" data-start=\"2245\" data-end=\"2540\">El bono de bienvenida tambi\u00e9n es una forma de rakeback, pero est\u00e1 limitado en el tiempo y en la cantidad m\u00e1xima. Puedes encontrar los mejores bonos en <a href=\"http:\/\/www.poker-bonuscode.de\" target=\"_new\" rel=\"noopener\" data-start=\"2396\" data-end=\"2418\">www.poker-bonuscode.de<\/a>. Sin embargo, el rakeback real es un beneficio continuo que se otorga mientras el jugador siga jugando con dinero real.<\/p>\n<h3 class=\"\" data-start=\"2542\" data-end=\"2592\">\u00bfQu\u00e9 sala de p\u00f3ker ofrece el mejor rakeback?<\/h3>\n<p class=\"\" data-start=\"2593\" data-end=\"2753\">Probamos las mejores salas de p\u00f3ker y proporcionamos informaci\u00f3n detallada sobre los distintos programas de rakeback, sistemas de puntos y ventajas disponibles.<\/p>\n","protected":false},"excerpt":{"rendered":"<p>Sitios de P\u00f3ker con el Mejor Rakeback Cuando juegas al p\u00f3ker en l\u00ednea con dinero real, pagas un rake, que es la cantidad que la sala de p\u00f3ker retiene de cada bote. Aunque estas cantidades suelen ser peque\u00f1as, pueden acumularse con el tiempo. Para incentivar a los jugadores a seguir jugando, la mayor\u00eda de los [&hellip;]<\/p>\n","protected":false},"author":1,"featured_media":0,"parent":0,"menu_order":0,"comment_status":"closed","ping_status":"closed","template":"","meta":{"footnotes":""},"class_list":["post-52","page","type-page","status-publish","hentry","entry"],"yoast_head":"<!-- This site is optimized with the Yoast SEO plugin v25.9 - https:\/\/yoast.com\/wordpress\/plugins\/seo\/ -->\n<title>Sitios de poker con el mejor rakeback<\/title>\n<meta name=\"description\" content=\"\u00bfBuscas rakeback de p\u00f3quer? Aqu\u00ed encontrar\u00e1s las mejores ofertas de rakeback para jugadores de poker online.\" \/>\n<meta name=\"robots\" content=\"index, follow, max-snippet:-1, max-image-preview:large, max-video-preview:-1\" \/>\n<link rel=\"canonical\" href=\"https:\/\/rake-back-poker.de\/es\/\" \/>\n<meta property=\"og:locale\" content=\"es_ES\" \/>\n<meta property=\"og:type\" content=\"article\" \/>\n<meta property=\"og:title\" content=\"Sitios de poker con el mejor rakeback\" \/>\n<meta property=\"og:description\" content=\"\u00bfBuscas rakeback de p\u00f3quer? Aqu\u00ed encontrar\u00e1s las mejores ofertas de rakeback para jugadores de poker online.\" \/>\n<meta property=\"og:url\" content=\"https:\/\/rake-back-poker.de\/es\/\" \/>\n<meta property=\"og:site_name\" content=\"Rakeback Poker\" \/>\n<meta name=\"twitter:card\" content=\"summary_large_image\" \/>\n<meta name=\"twitter:label1\" content=\"Tiempo de lectura\" \/>\n\t<meta name=\"twitter:data1\" content=\"2 minutos\" \/>\n<script type=\"application\/ld+json\" class=\"yoast-schema-graph\">{\"@context\":\"https:\/\/schema.org\",\"@graph\":[{\"@type\":\"WebPage\",\"@id\":\"https:\/\/rake-back-poker.de\/es\/\",\"url\":\"https:\/\/rake-back-poker.de\/es\/\",\"name\":\"Sitios de poker con el mejor rakeback\",\"isPartOf\":{\"@id\":\"https:\/\/rake-back-poker.de\/es\/#website\"},\"datePublished\":\"2024-09-09T07:36:53+00:00\",\"description\":\"\u00bfBuscas rakeback de p\u00f3quer? Aqu\u00ed encontrar\u00e1s las mejores ofertas de rakeback para jugadores de poker online.\",\"breadcrumb\":{\"@id\":\"https:\/\/rake-back-poker.de\/es\/#breadcrumb\"},\"inLanguage\":\"es\",\"potentialAction\":[{\"@type\":\"ReadAction\",\"target\":[\"https:\/\/rake-back-poker.de\/es\/\"]}]},{\"@type\":\"BreadcrumbList\",\"@id\":\"https:\/\/rake-back-poker.de\/es\/#breadcrumb\",\"itemListElement\":[{\"@type\":\"ListItem\",\"position\":1,\"name\":\"Home\",\"item\":\"https:\/\/rake-back-poker.de\/es\/\"},{\"@type\":\"ListItem\",\"position\":2,\"name\":\"Hogar\"}]},{\"@type\":\"WebSite\",\"@id\":\"https:\/\/rake-back-poker.de\/es\/#website\",\"url\":\"https:\/\/rake-back-poker.de\/es\/\",\"name\":\"Rakeback Poker\",\"description\":\"\",\"potentialAction\":[{\"@type\":\"SearchAction\",\"target\":{\"@type\":\"EntryPoint\",\"urlTemplate\":\"https:\/\/rake-back-poker.de\/es\/?s={search_term_string}\"},\"query-input\":{\"@type\":\"PropertyValueSpecification\",\"valueRequired\":true,\"valueName\":\"search_term_string\"}}],\"inLanguage\":\"es\"}]}<\/script>\n<!-- \/ Yoast SEO plugin. -->","yoast_head_json":{"title":"Sitios de poker con el mejor rakeback","description":"\u00bfBuscas rakeback de p\u00f3quer? Aqu\u00ed encontrar\u00e1s las mejores ofertas de rakeback para jugadores de poker online.","robots":{"index":"index","follow":"follow","max-snippet":"max-snippet:-1","max-image-preview":"max-image-preview:large","max-video-preview":"max-video-preview:-1"},"canonical":"https:\/\/rake-back-poker.de\/es\/","og_locale":"es_ES","og_type":"article","og_title":"Sitios de poker con el mejor rakeback","og_description":"\u00bfBuscas rakeback de p\u00f3quer? Aqu\u00ed encontrar\u00e1s las mejores ofertas de rakeback para jugadores de poker online.","og_url":"https:\/\/rake-back-poker.de\/es\/","og_site_name":"Rakeback Poker","twitter_card":"summary_large_image","twitter_misc":{"Tiempo de lectura":"2 minutos"},"schema":{"@context":"https:\/\/schema.org","@graph":[{"@type":"WebPage","@id":"https:\/\/rake-back-poker.de\/es\/","url":"https:\/\/rake-back-poker.de\/es\/","name":"Sitios de poker con el mejor rakeback","isPartOf":{"@id":"https:\/\/rake-back-poker.de\/es\/#website"},"datePublished":"2024-09-09T07:36:53+00:00","description":"\u00bfBuscas rakeback de p\u00f3quer? Aqu\u00ed encontrar\u00e1s las mejores ofertas de rakeback para jugadores de poker online.","breadcrumb":{"@id":"https:\/\/rake-back-poker.de\/es\/#breadcrumb"},"inLanguage":"es","potentialAction":[{"@type":"ReadAction","target":["https:\/\/rake-back-poker.de\/es\/"]}]},{"@type":"BreadcrumbList","@id":"https:\/\/rake-back-poker.de\/es\/#breadcrumb","itemListElement":[{"@type":"ListItem","position":1,"name":"Home","item":"https:\/\/rake-back-poker.de\/es\/"},{"@type":"ListItem","position":2,"name":"Hogar"}]},{"@type":"WebSite","@id":"https:\/\/rake-back-poker.de\/es\/#website","url":"https:\/\/rake-back-poker.de\/es\/","name":"Rakeback Poker","description":"","potentialAction":[{"@type":"SearchAction","target":{"@type":"EntryPoint","urlTemplate":"https:\/\/rake-back-poker.de\/es\/?s={search_term_string}"},"query-input":{"@type":"PropertyValueSpecification","valueRequired":true,"valueName":"search_term_string"}}],"inLanguage":"es"}]}},"_links":{"self":[{"href":"https:\/\/rake-back-poker.de\/es\/wp-json\/wp\/v2\/pages\/52","targetHints":{"allow":["GET"]}}],"collection":[{"href":"https:\/\/rake-back-poker.de\/es\/wp-json\/wp\/v2\/pages"}],"about":[{"href":"https:\/\/rake-back-poker.de\/es\/wp-json\/wp\/v2\/types\/page"}],"author":[{"embeddable":true,"href":"https:\/\/rake-back-poker.de\/es\/wp-json\/wp\/v2\/users\/1"}],"replies":[{"embeddable":true,"href":"https:\/\/rake-back-poker.de\/es\/wp-json\/wp\/v2\/comments?post=52"}],"version-history":[{"count":0,"href":"https:\/\/rake-back-poker.de\/es\/wp-json\/wp\/v2\/pages\/52\/revisions"}],"wp:attachment":[{"href":"https:\/\/rake-back-poker.de\/es\/wp-json\/wp\/v2\/media?parent=52"}],"curies":[{"name":"wp","href":"https:\/\/api.w.org\/{rel}","templated":true}]}}