{"id":595,"date":"2024-09-09T08:36:53","date_gmt":"2024-09-09T07:36:53","guid":{"rendered":"https:\/\/rake-back-poker.de\/avaleht\/"},"modified":"2024-09-09T08:36:53","modified_gmt":"2024-09-09T07:36:53","slug":"avaleht","status":"publish","type":"page","link":"https:\/\/rake-back-poker.de\/et\/","title":{"rendered":"Avaleht"},"content":{"rendered":"<h2>Parima rakebackiga pokkerisaidid<\/h2>\n<p>Kui m\u00e4ngid online-pokkerit p\u00e4risrahaga, maksad rake&#8217;i \u2013 summa, mille pokkerisait iga k\u00e4e eest potist v\u00f5tab. \u00dcksikult on need tavaliselt suhteliselt v\u00e4ikesed summad, kuid need summeeruvad.<\/p>\n<p>Et pakkuda klientidele parimat stiimulit rohkem m\u00e4ngimiseks, on enamikul saitidel sisemine rakeback-programm. Rakeback t\u00e4hendab lihtsalt seda, et m\u00e4ngija saab pokkerisaidilt osa rake&#8217;ist tagasi. See toimib tavaliselt punktis\u00fcsteemi kujul. S\u00f5ltuvalt sellest, kui palju rake&#8217;i m\u00e4ngija on maksnud, saab ta &#8220;lojaalsuspunkte&#8221; (igal pokkeritoal on nende punktide jaoks oma nimi) ja neid lojaalsuspunkte saab hiljem rahaks lunastada.<\/p>\n<p>Sageli saab m\u00e4ngija neid lojaalsuspunkte vahetada ka turniiripiletite v\u00f5i poest ostetavate kaupade (pesapallim\u00fctsid, T-s\u00e4rgid jne) vastu. Turniiridest r\u00e4\u00e4kides: siin makstakse ka &#8220;rake&#8217;i&#8221; \u2013 n\u00e4iteks on sisseost tavaliselt m\u00e4rgitud kui 10 dollarit + 1 dollarit. V\u00e4iksem summa, 1 dollar, on &#8220;majale&#8221;, aga pokkeri\u017eargoonis ei nimetata seda reigiks, vaid &#8220;mahlaks&#8221;. Enamikul pokkerisaitidel arvestatakse seda &#8220;mahla&#8221; aga ka rakebacki arvutamisel.<\/p>\n<p>Vihje: Pokkerisaite, mis v\u00f5tavad sisseostust &#8220;mahlana&#8221; \u00fcle 10%, on parem algusest peale v\u00e4ltida!<\/p>\n<h2>Kui palju rakebacki ma saan?<\/h2>\n<p>Rakebacki suurus s\u00f5ltub mitmest tegurist. Tavaliselt on pokkerisaidil &#8220;progressiivne&#8221; punktis\u00fcsteem. M\u00e4ngides saavutate k\u00f5rgema staatuse (nt pronks\/h\u00f5be\/kuld\/plaatina) ja olenevalt teie staatusest saate suurema rakebacki protsendi. Teisis\u00f5nu, kui teil on juba k\u00f5rgem staatus, saate iga reigidollari kohta rohkem lojaalsuspunkte.<\/p>\n<h2>Mis vahe on v\u00e4lise ja sisemise rakebacki vahel?<\/h2>\n<p>Noh, oli aeg, mil m\u00e4ngijad registreerusid pokkerituppa spetsiaalse v\u00e4lise rakebacki pakkuja kaudu. Pokkeriruum andis rakeback-saidile teavet m\u00e4ngija makstud rake&#8217;i kohta ja sait maksis seej\u00e4rel rakebacki m\u00e4ngijale. T\u00e4nap\u00e4eval aga enamik pokkeriruume ei jaga enam makstud rake&#8217;i kohta teavet kolmandate osapooltega, vaid pakuvad oma sisemist rakeback-programmi \u2013 lojaalsuspunktide kaudu.<\/p>\n<p>Mis on uue kliendi boonus?<\/p>\n<p>Uue kliendi boonus on samuti rakebacki liik, kuid ainult piiratud aja jooksul ja maksimaalse summa ulatuses. Saate teada, kes pakub parimaid boonuseid aadressil <a href=\"https:\/\/poker-bonuscode.de\">www.poker-bonuscode.de<\/a>. Tegelik rakeback seevastu antakse m\u00e4ngijale j\u00e4\u00e4davalt, kuni ta m\u00e4ngib raha peale.<\/p>\n<p>Milline pokkeriruum pakub parimat rakebacki?<\/p>\n<p>Testime teie jaoks parimaid pokkeriruume ja pakume \u00fcksikasjalikku teavet erinevate rakeback-programmide, punktis\u00fcsteemide jms kohta.<\/p>\n","protected":false},"excerpt":{"rendered":"<p>Parima rakebackiga pokkerisaidid Kui m\u00e4ngid online-pokkerit p\u00e4risrahaga, maksad rake&#8217;i \u2013 summa, mille pokkerisait iga k\u00e4e eest potist v\u00f5tab. \u00dcksikult on need tavaliselt suhteliselt v\u00e4ikesed summad, kuid need summeeruvad. Et pakkuda klientidele parimat stiimulit rohkem m\u00e4ngimiseks, on enamikul saitidel sisemine rakeback-programm. Rakeback t\u00e4hendab lihtsalt seda, et m\u00e4ngija saab pokkerisaidilt osa rake&#8217;ist tagasi. See toimib tavaliselt punktis\u00fcsteemi [&hellip;]<\/p>\n","protected":false},"author":1,"featured_media":0,"parent":0,"menu_order":0,"comment_status":"closed","ping_status":"closed","template":"","meta":{"footnotes":""},"class_list":["post-595","page","type-page","status-publish","hentry","entry"],"yoast_head":"<!-- This site is optimized with the Yoast SEO plugin v25.9 - https:\/\/yoast.com\/wordpress\/plugins\/seo\/ -->\n<title>Parima rakebackiga pokkerisaidid<\/title>\n<meta name=\"description\" content=\"Kas otsid pokkeri rakebacki? Siit leiad parimad rakebacki pakkumised online-pokkerim\u00e4ngijatele.\" \/>\n<meta name=\"robots\" content=\"index, follow, max-snippet:-1, max-image-preview:large, max-video-preview:-1\" \/>\n<link rel=\"canonical\" href=\"https:\/\/rake-back-poker.de\/et\/\" \/>\n<meta property=\"og:locale\" content=\"et_EE\" \/>\n<meta property=\"og:type\" content=\"article\" \/>\n<meta property=\"og:title\" content=\"Parima rakebackiga pokkerisaidid\" \/>\n<meta property=\"og:description\" content=\"Kas otsid pokkeri rakebacki? Siit leiad parimad rakebacki pakkumised online-pokkerim\u00e4ngijatele.\" \/>\n<meta property=\"og:url\" content=\"https:\/\/rake-back-poker.de\/et\/\" \/>\n<meta property=\"og:site_name\" content=\"Rakeback Poker\" \/>\n<meta name=\"twitter:card\" content=\"summary_large_image\" \/>\n<meta name=\"twitter:label1\" content=\"Est. reading time\" \/>\n\t<meta name=\"twitter:data1\" content=\"2 minutit\" \/>\n<script type=\"application\/ld+json\" class=\"yoast-schema-graph\">{\"@context\":\"https:\/\/schema.org\",\"@graph\":[{\"@type\":\"WebPage\",\"@id\":\"https:\/\/rake-back-poker.de\/et\/\",\"url\":\"https:\/\/rake-back-poker.de\/et\/\",\"name\":\"Parima rakebackiga pokkerisaidid\",\"isPartOf\":{\"@id\":\"https:\/\/rake-back-poker.de\/et\/#website\"},\"datePublished\":\"2024-09-09T07:36:53+00:00\",\"description\":\"Kas otsid pokkeri rakebacki? Siit leiad parimad rakebacki pakkumised online-pokkerim\u00e4ngijatele.\",\"breadcrumb\":{\"@id\":\"https:\/\/rake-back-poker.de\/et\/#breadcrumb\"},\"inLanguage\":\"et\",\"potentialAction\":[{\"@type\":\"ReadAction\",\"target\":[\"https:\/\/rake-back-poker.de\/et\/\"]}]},{\"@type\":\"BreadcrumbList\",\"@id\":\"https:\/\/rake-back-poker.de\/et\/#breadcrumb\",\"itemListElement\":[{\"@type\":\"ListItem\",\"position\":1,\"name\":\"Home\",\"item\":\"https:\/\/rake-back-poker.de\/et\/\"},{\"@type\":\"ListItem\",\"position\":2,\"name\":\"Avaleht\"}]},{\"@type\":\"WebSite\",\"@id\":\"https:\/\/rake-back-poker.de\/et\/#website\",\"url\":\"https:\/\/rake-back-poker.de\/et\/\",\"name\":\"Rakeback Poker\",\"description\":\"\",\"potentialAction\":[{\"@type\":\"SearchAction\",\"target\":{\"@type\":\"EntryPoint\",\"urlTemplate\":\"https:\/\/rake-back-poker.de\/et\/?s={search_term_string}\"},\"query-input\":{\"@type\":\"PropertyValueSpecification\",\"valueRequired\":true,\"valueName\":\"search_term_string\"}}],\"inLanguage\":\"et\"}]}<\/script>\n<!-- \/ Yoast SEO plugin. -->","yoast_head_json":{"title":"Parima rakebackiga pokkerisaidid","description":"Kas otsid pokkeri rakebacki? Siit leiad parimad rakebacki pakkumised online-pokkerim\u00e4ngijatele.","robots":{"index":"index","follow":"follow","max-snippet":"max-snippet:-1","max-image-preview":"max-image-preview:large","max-video-preview":"max-video-preview:-1"},"canonical":"https:\/\/rake-back-poker.de\/et\/","og_locale":"et_EE","og_type":"article","og_title":"Parima rakebackiga pokkerisaidid","og_description":"Kas otsid pokkeri rakebacki? Siit leiad parimad rakebacki pakkumised online-pokkerim\u00e4ngijatele.","og_url":"https:\/\/rake-back-poker.de\/et\/","og_site_name":"Rakeback Poker","twitter_card":"summary_large_image","twitter_misc":{"Est. reading time":"2 minutit"},"schema":{"@context":"https:\/\/schema.org","@graph":[{"@type":"WebPage","@id":"https:\/\/rake-back-poker.de\/et\/","url":"https:\/\/rake-back-poker.de\/et\/","name":"Parima rakebackiga pokkerisaidid","isPartOf":{"@id":"https:\/\/rake-back-poker.de\/et\/#website"},"datePublished":"2024-09-09T07:36:53+00:00","description":"Kas otsid pokkeri rakebacki? Siit leiad parimad rakebacki pakkumised online-pokkerim\u00e4ngijatele.","breadcrumb":{"@id":"https:\/\/rake-back-poker.de\/et\/#breadcrumb"},"inLanguage":"et","potentialAction":[{"@type":"ReadAction","target":["https:\/\/rake-back-poker.de\/et\/"]}]},{"@type":"BreadcrumbList","@id":"https:\/\/rake-back-poker.de\/et\/#breadcrumb","itemListElement":[{"@type":"ListItem","position":1,"name":"Home","item":"https:\/\/rake-back-poker.de\/et\/"},{"@type":"ListItem","position":2,"name":"Avaleht"}]},{"@type":"WebSite","@id":"https:\/\/rake-back-poker.de\/et\/#website","url":"https:\/\/rake-back-poker.de\/et\/","name":"Rakeback Poker","description":"","potentialAction":[{"@type":"SearchAction","target":{"@type":"EntryPoint","urlTemplate":"https:\/\/rake-back-poker.de\/et\/?s={search_term_string}"},"query-input":{"@type":"PropertyValueSpecification","valueRequired":true,"valueName":"search_term_string"}}],"inLanguage":"et"}]}},"_links":{"self":[{"href":"https:\/\/rake-back-poker.de\/et\/wp-json\/wp\/v2\/pages\/595","targetHints":{"allow":["GET"]}}],"collection":[{"href":"https:\/\/rake-back-poker.de\/et\/wp-json\/wp\/v2\/pages"}],"about":[{"href":"https:\/\/rake-back-poker.de\/et\/wp-json\/wp\/v2\/types\/page"}],"author":[{"embeddable":true,"href":"https:\/\/rake-back-poker.de\/et\/wp-json\/wp\/v2\/users\/1"}],"replies":[{"embeddable":true,"href":"https:\/\/rake-back-poker.de\/et\/wp-json\/wp\/v2\/comments?post=595"}],"version-history":[{"count":0,"href":"https:\/\/rake-back-poker.de\/et\/wp-json\/wp\/v2\/pages\/595\/revisions"}],"wp:attachment":[{"href":"https:\/\/rake-back-poker.de\/et\/wp-json\/wp\/v2\/media?parent=595"}],"curies":[{"name":"wp","href":"https:\/\/api.w.org\/{rel}","templated":true}]}}