{"id":597,"date":"2024-09-09T08:36:53","date_gmt":"2024-09-09T07:36:53","guid":{"rendered":"https:\/\/rake-back-poker.de\/kotiin\/"},"modified":"2024-09-09T08:36:53","modified_gmt":"2024-09-09T07:36:53","slug":"kotiin","status":"publish","type":"page","link":"https:\/\/rake-back-poker.de\/fi\/","title":{"rendered":"Kotiin"},"content":{"rendered":"<h2>Pokerisivustot, joilla on paras rakeback<\/h2>\n<p>Kun pelaat nettipokeria oikealla rahalla, maksat rakea \u2013 summan, jonka pokerisivusto ottaa potista jokaisesta k\u00e4dest\u00e4. Yksitt\u00e4in n\u00e4m\u00e4 ovat yleens\u00e4 suhteellisen pieni\u00e4 summia, mutta ne kertyv\u00e4t.<\/p>\n<p>Antaakseen asiakkaille parhaan mahdollisen kannustimen pelata enemm\u00e4n, useimmilla sivustoilla on sis\u00e4inen rakeback-ohjelma. Rakeback tarkoittaa yksinkertaisesti sit\u00e4, ett\u00e4 pelaaja saa osan rakesta takaisin pokerisivustolta. T\u00e4m\u00e4 toimii yleens\u00e4 pistej\u00e4rjestelm\u00e4n muodossa. Riippuen siit\u00e4, kuinka paljon rakia pelaaja on maksanut, h\u00e4n saa &#8221;uskollisuuspisteit\u00e4&#8221; (jokaisella pokerihuoneella on oma nimens\u00e4 n\u00e4ille pisteille), ja n\u00e4m\u00e4 uskollisuuspisteet voidaan my\u00f6hemmin lunastaa rahaksi.<\/p>\n<p>Usein pelaaja voi my\u00f6s vaihtaa n\u00e4m\u00e4 uskollisuuspisteet turnauslippuihin tai kaupan tuotteisiin (lippalakit, T-paidat jne.). Turnauksista puheen ollen: My\u00f6s t\u00e4\u00e4ll\u00e4 maksetaan &#8221;rakea&#8221; \u2013 esimerkiksi sis\u00e4\u00e4nosto on yleens\u00e4 listattu 10 dollariksi + 1 dollariksi. Pienempi summa, 1 dollari, on &#8221;talolle&#8221;, mutta pokerikieless\u00e4 sit\u00e4 ei kutsuta rakeksi, vaan &#8221;mehuksi&#8221;. Useimmilla pokerisivustoilla t\u00e4m\u00e4 &#8221;mehu&#8221; otetaan kuitenkin huomioon my\u00f6s rakebackissa.<\/p>\n<p>Vinkki: Pokerisivustoja, jotka veloittavat yli 10 % sis\u00e4\u00e4nostosta &#8221;mehuksi&#8221;, on parasta v\u00e4ltt\u00e4\u00e4 alusta alkaen!<\/p>\n<h2>Kuinka paljon rakebackia saan?<\/h2>\n<p>Rakebackin m\u00e4\u00e4r\u00e4 riippuu useista tekij\u00f6ist\u00e4. Yleens\u00e4 pokerisivustolla on &#8221;progressiivinen&#8221; pistej\u00e4rjestelm\u00e4. Pelatessasi saat korkeamman statuksen (esim. Pronssi\/Hopea\/Kulta\/Platina), ja statuksestasi riippuen saat korkeamman prosenttiosuuden rakebackista. Toisin sanoen, jos sinulla on jo korkeampi status, voit ansaita enemm\u00e4n uskollisuuspisteit\u00e4 jokaista rake-dollaria kohden.<\/p>\n<h2>Mit\u00e4 eroa on ulkoisella ja sis\u00e4isell\u00e4 rakebackilla?<\/h2>\n<p>No, oli aika, jolloin pelaajat liittyiv\u00e4t pokerihuoneeseen erityisen ulkoisen rakeback-palveluntarjoajan kautta. Pokerihuone antoi rakeback-sivustolle tiedot pelaajan maksamasta rakesta, ja sivusto maksoi sitten rakebackin pelaajalle. Nyky\u00e4\u00e4n useimmat pokerihuoneet eiv\u00e4t kuitenkaan en\u00e4\u00e4 jaa tietoja maksetusta rakesta kolmansille osapuolille, vaan tarjoavat oman sis\u00e4isen rakeback-ohjelmansa \u2013 kanta-asiakaspisteiden kautta.<\/p>\n<p>Mist\u00e4 uuden asiakkaan bonus oikeastaan \u200b\u200bon?<\/h2>\n<p>Uuden asiakkaan bonus on my\u00f6s er\u00e4\u00e4nlainen rakeback, mutta vain rajoitetun ajan ja enimm\u00e4ism\u00e4\u00e4r\u00e4ll\u00e4. Voit selvitt\u00e4\u00e4, kuka tarjoaa parhaat bonukset osoitteessa <a href=\"https:\/\/poker-bonuscode.de\">www.poker-bonuscode.de<\/a>. Varsinainen rakeback puolestaan \u200b\u200bmy\u00f6nnet\u00e4\u00e4n pelaajalle pysyv\u00e4sti niin kauan kuin h\u00e4n pelaa rahasta.<\/p>\n<h2>Joten mik\u00e4 pokerisivusto tarjoaa parhaan rakebackin?<\/h2>\n<p>Testaamme parhaat pokerisivustot puolestasi ja tarjoamme yksityiskohtaista tietoa erilaisista rakeback-ohjelmista, pistej\u00e4rjestelmist\u00e4 jne.<\/p>\n","protected":false},"excerpt":{"rendered":"<p>Pokerisivustot, joilla on paras rakeback Kun pelaat nettipokeria oikealla rahalla, maksat rakea \u2013 summan, jonka pokerisivusto ottaa potista jokaisesta k\u00e4dest\u00e4. Yksitt\u00e4in n\u00e4m\u00e4 ovat yleens\u00e4 suhteellisen pieni\u00e4 summia, mutta ne kertyv\u00e4t. Antaakseen asiakkaille parhaan mahdollisen kannustimen pelata enemm\u00e4n, useimmilla sivustoilla on sis\u00e4inen rakeback-ohjelma. Rakeback tarkoittaa yksinkertaisesti sit\u00e4, ett\u00e4 pelaaja saa osan rakesta takaisin pokerisivustolta. T\u00e4m\u00e4 toimii [&hellip;]<\/p>\n","protected":false},"author":1,"featured_media":0,"parent":0,"menu_order":0,"comment_status":"closed","ping_status":"closed","template":"","meta":{"footnotes":""},"class_list":["post-597","page","type-page","status-publish","hentry","entry"],"yoast_head":"<!-- This site is optimized with the Yoast SEO plugin v25.9 - https:\/\/yoast.com\/wordpress\/plugins\/seo\/ -->\n<title>Pokerisivustot, joilla on paras rakeback<\/title>\n<meta name=\"description\" content=\"I\u0161\u010dete rakeback za poker? Tukaj boste na\u0161li najbolj\u0161e ponudbe rakebacka za spletne igralce pokra.\" \/>\n<meta name=\"robots\" content=\"index, follow, max-snippet:-1, max-image-preview:large, max-video-preview:-1\" \/>\n<link rel=\"canonical\" href=\"https:\/\/rake-back-poker.de\/fi\/\" \/>\n<meta property=\"og:locale\" content=\"fi_FI\" \/>\n<meta property=\"og:type\" content=\"article\" \/>\n<meta property=\"og:title\" content=\"Pokerisivustot, joilla on paras rakeback\" \/>\n<meta property=\"og:description\" content=\"I\u0161\u010dete rakeback za poker? Tukaj boste na\u0161li najbolj\u0161e ponudbe rakebacka za spletne igralce pokra.\" \/>\n<meta property=\"og:url\" content=\"https:\/\/rake-back-poker.de\/fi\/\" \/>\n<meta property=\"og:site_name\" content=\"Rakeback Poker\" \/>\n<meta name=\"twitter:card\" content=\"summary_large_image\" \/>\n<meta name=\"twitter:label1\" content=\"Arvioitu lukuaika\" \/>\n\t<meta name=\"twitter:data1\" content=\"2 minuuttia\" \/>\n<script type=\"application\/ld+json\" class=\"yoast-schema-graph\">{\"@context\":\"https:\/\/schema.org\",\"@graph\":[{\"@type\":\"WebPage\",\"@id\":\"https:\/\/rake-back-poker.de\/fi\/\",\"url\":\"https:\/\/rake-back-poker.de\/fi\/\",\"name\":\"Pokerisivustot, joilla on paras rakeback\",\"isPartOf\":{\"@id\":\"https:\/\/rake-back-poker.de\/fi\/#website\"},\"datePublished\":\"2024-09-09T07:36:53+00:00\",\"description\":\"I\u0161\u010dete rakeback za poker? Tukaj boste na\u0161li najbolj\u0161e ponudbe rakebacka za spletne igralce pokra.\",\"breadcrumb\":{\"@id\":\"https:\/\/rake-back-poker.de\/fi\/#breadcrumb\"},\"inLanguage\":\"fi\",\"potentialAction\":[{\"@type\":\"ReadAction\",\"target\":[\"https:\/\/rake-back-poker.de\/fi\/\"]}]},{\"@type\":\"BreadcrumbList\",\"@id\":\"https:\/\/rake-back-poker.de\/fi\/#breadcrumb\",\"itemListElement\":[{\"@type\":\"ListItem\",\"position\":1,\"name\":\"Home\",\"item\":\"https:\/\/rake-back-poker.de\/fi\/\"},{\"@type\":\"ListItem\",\"position\":2,\"name\":\"Kotiin\"}]},{\"@type\":\"WebSite\",\"@id\":\"https:\/\/rake-back-poker.de\/fi\/#website\",\"url\":\"https:\/\/rake-back-poker.de\/fi\/\",\"name\":\"Rakeback Poker\",\"description\":\"\",\"potentialAction\":[{\"@type\":\"SearchAction\",\"target\":{\"@type\":\"EntryPoint\",\"urlTemplate\":\"https:\/\/rake-back-poker.de\/fi\/?s={search_term_string}\"},\"query-input\":{\"@type\":\"PropertyValueSpecification\",\"valueRequired\":true,\"valueName\":\"search_term_string\"}}],\"inLanguage\":\"fi\"}]}<\/script>\n<!-- \/ Yoast SEO plugin. -->","yoast_head_json":{"title":"Pokerisivustot, joilla on paras rakeback","description":"I\u0161\u010dete rakeback za poker? Tukaj boste na\u0161li najbolj\u0161e ponudbe rakebacka za spletne igralce pokra.","robots":{"index":"index","follow":"follow","max-snippet":"max-snippet:-1","max-image-preview":"max-image-preview:large","max-video-preview":"max-video-preview:-1"},"canonical":"https:\/\/rake-back-poker.de\/fi\/","og_locale":"fi_FI","og_type":"article","og_title":"Pokerisivustot, joilla on paras rakeback","og_description":"I\u0161\u010dete rakeback za poker? Tukaj boste na\u0161li najbolj\u0161e ponudbe rakebacka za spletne igralce pokra.","og_url":"https:\/\/rake-back-poker.de\/fi\/","og_site_name":"Rakeback Poker","twitter_card":"summary_large_image","twitter_misc":{"Arvioitu lukuaika":"2 minuuttia"},"schema":{"@context":"https:\/\/schema.org","@graph":[{"@type":"WebPage","@id":"https:\/\/rake-back-poker.de\/fi\/","url":"https:\/\/rake-back-poker.de\/fi\/","name":"Pokerisivustot, joilla on paras rakeback","isPartOf":{"@id":"https:\/\/rake-back-poker.de\/fi\/#website"},"datePublished":"2024-09-09T07:36:53+00:00","description":"I\u0161\u010dete rakeback za poker? Tukaj boste na\u0161li najbolj\u0161e ponudbe rakebacka za spletne igralce pokra.","breadcrumb":{"@id":"https:\/\/rake-back-poker.de\/fi\/#breadcrumb"},"inLanguage":"fi","potentialAction":[{"@type":"ReadAction","target":["https:\/\/rake-back-poker.de\/fi\/"]}]},{"@type":"BreadcrumbList","@id":"https:\/\/rake-back-poker.de\/fi\/#breadcrumb","itemListElement":[{"@type":"ListItem","position":1,"name":"Home","item":"https:\/\/rake-back-poker.de\/fi\/"},{"@type":"ListItem","position":2,"name":"Kotiin"}]},{"@type":"WebSite","@id":"https:\/\/rake-back-poker.de\/fi\/#website","url":"https:\/\/rake-back-poker.de\/fi\/","name":"Rakeback Poker","description":"","potentialAction":[{"@type":"SearchAction","target":{"@type":"EntryPoint","urlTemplate":"https:\/\/rake-back-poker.de\/fi\/?s={search_term_string}"},"query-input":{"@type":"PropertyValueSpecification","valueRequired":true,"valueName":"search_term_string"}}],"inLanguage":"fi"}]}},"_links":{"self":[{"href":"https:\/\/rake-back-poker.de\/fi\/wp-json\/wp\/v2\/pages\/597","targetHints":{"allow":["GET"]}}],"collection":[{"href":"https:\/\/rake-back-poker.de\/fi\/wp-json\/wp\/v2\/pages"}],"about":[{"href":"https:\/\/rake-back-poker.de\/fi\/wp-json\/wp\/v2\/types\/page"}],"author":[{"embeddable":true,"href":"https:\/\/rake-back-poker.de\/fi\/wp-json\/wp\/v2\/users\/1"}],"replies":[{"embeddable":true,"href":"https:\/\/rake-back-poker.de\/fi\/wp-json\/wp\/v2\/comments?post=597"}],"version-history":[{"count":0,"href":"https:\/\/rake-back-poker.de\/fi\/wp-json\/wp\/v2\/pages\/597\/revisions"}],"wp:attachment":[{"href":"https:\/\/rake-back-poker.de\/fi\/wp-json\/wp\/v2\/media?parent=597"}],"curies":[{"name":"wp","href":"https:\/\/api.w.org\/{rel}","templated":true}]}}