{"id":46,"date":"2024-09-09T08:36:53","date_gmt":"2024-09-09T07:36:53","guid":{"rendered":"https:\/\/rake-back-poker.de\/maison\/"},"modified":"2024-09-09T08:36:53","modified_gmt":"2024-09-09T07:36:53","slug":"maison","status":"publish","type":"page","link":"https:\/\/rake-back-poker.de\/fr\/","title":{"rendered":"Maison"},"content":{"rendered":"<h2 data-start=\"0\" data-end=\"46\"><strong data-start=\"0\" data-end=\"44\">Sites de poker avec le meilleur rakeback<\/strong><\/h2>\n<p class=\"\" data-start=\"48\" data-end=\"267\">Si vous jouez au poker en ligne avec de l&rsquo;argent r\u00e9el, vous payez un rake \u2013 le montant que le site de poker pr\u00e9l\u00e8ve sur chaque pot. Ces montants sont g\u00e9n\u00e9ralement faibles, mais ils peuvent s\u2019accumuler au fil du temps.<\/p>\n<p class=\"\" data-start=\"269\" data-end=\"723\">Pour inciter les joueurs \u00e0 jouer davantage, la plupart des plateformes proposent un programme interne de rakeback. Le rakeback signifie simplement que le joueur r\u00e9cup\u00e8re une partie du rake pay\u00e9 au site de poker. Cela fonctionne g\u00e9n\u00e9ralement via un syst\u00e8me de points. En fonction du rake pay\u00e9, le joueur gagne des \u00ab\u00a0points de fid\u00e9lit\u00e9\u00a0\u00bb (chaque site de poker utilise son propre terme pour ces points), qui peuvent ensuite \u00eatre \u00e9chang\u00e9s contre de l&rsquo;argent.<\/p>\n<p class=\"\" data-start=\"725\" data-end=\"1219\">Souvent, ces points de fid\u00e9lit\u00e9 peuvent \u00e9galement \u00eatre \u00e9chang\u00e9s contre des tickets de tournoi ou des articles dans une boutique (casquette, t-shirt, etc.). En parlant de tournois : un \u00ab\u00a0rake\u00a0\u00bb est \u00e9galement appliqu\u00e9 ici \u2013 par exemple, un buy-in peut \u00eatre affich\u00e9 comme $10+$1. Le montant de $1 revient \u00e0 la \u00ab\u00a0maison\u00a0\u00bb, mais dans le jargon du poker, il est appel\u00e9 \u00ab\u00a0juice\u00a0\u00bb plut\u00f4t que rake. Cependant, la plupart des sites de poker prennent \u00e9galement en compte ce \u00ab\u00a0juice\u00a0\u00bb dans le calcul du rakeback.<\/p>\n<p class=\"\" data-start=\"1221\" data-end=\"1319\"><strong data-start=\"1221\" data-end=\"1233\">Astuce :<\/strong> \u00c9vitez les sites de poker qui prennent plus de 10 % du buy-in en tant que \u00ab\u00a0juice\u00a0\u00bb !<\/p>\n<h3 class=\"\" data-start=\"1321\" data-end=\"1364\">Combien de rakeback puis-je obtenir ?<\/h3>\n<p class=\"\" data-start=\"1365\" data-end=\"1778\">Le montant du rakeback d\u00e9pend de plusieurs facteurs. En g\u00e9n\u00e9ral, les sites de poker utilisent un syst\u00e8me de points progressif. Plus vous jouez, plus votre statut est \u00e9lev\u00e9 (ex. : Bronze\/Argent\/Or\/Platine), et en fonction de votre statut, vous obtenez un pourcentage plus \u00e9lev\u00e9 de rakeback. Autrement dit, vous gagnez plus de points de fid\u00e9lit\u00e9 par dollar de rake pay\u00e9 lorsque vous atteignez un statut sup\u00e9rieur.<\/p>\n<h3 class=\"\" data-start=\"1780\" data-end=\"1849\">Quelle est la diff\u00e9rence entre le rakeback externe et interne ?<\/h3>\n<p class=\"\" data-start=\"1850\" data-end=\"2280\">Autrefois, les joueurs s&rsquo;inscrivaient sur une salle de poker via un fournisseur de rakeback externe. La salle de poker partageait les informations sur le rake pay\u00e9 par le joueur, et le site de rakeback lui versait ensuite un remboursement. Aujourd\u2019hui, la plupart des salles de poker ne partagent plus ces donn\u00e9es avec des tiers et proposent plut\u00f4t leur propre programme interne de rakeback via un syst\u00e8me de points de fid\u00e9lit\u00e9.<\/p>\n<h3 class=\"\" data-start=\"2282\" data-end=\"2324\">Qu&rsquo;en est-il du bonus de bienvenue ?<\/h3>\n<p class=\"\" data-start=\"2325\" data-end=\"2642\">Le bonus de bienvenue est \u00e9galement une forme de rakeback, mais il est limit\u00e9 dans le temps et plafonn\u00e9. Vous pouvez consulter quels sites offrent les meilleurs bonus sur <a href=\"http:\/\/www.poker-bonuscode.de\" target=\"_new\" rel=\"noopener\" data-start=\"2496\" data-end=\"2518\">www.poker-bonuscode.de<\/a>. Cependant, le rakeback r\u00e9el est un avantage permanent accord\u00e9 aux joueurs tant qu&rsquo;ils continuent \u00e0 jouer en argent r\u00e9el.<\/p>\n<h3 class=\"\" data-start=\"2644\" data-end=\"2699\">Quel site de poker propose le meilleur rakeback ?<\/h3>\n<p class=\"\" data-start=\"2700\" data-end=\"2886\">Nous testons pour vous les meilleurs sites de poker et vous fournissons des informations d\u00e9taill\u00e9es sur les diff\u00e9rents programmes de rakeback, les syst\u00e8mes de points et autres avantages.<\/p>\n","protected":false},"excerpt":{"rendered":"<p>Sites de poker avec le meilleur rakeback Si vous jouez au poker en ligne avec de l&rsquo;argent r\u00e9el, vous payez un rake \u2013 le montant que le site de poker pr\u00e9l\u00e8ve sur chaque pot. Ces montants sont g\u00e9n\u00e9ralement faibles, mais ils peuvent s\u2019accumuler au fil du temps. Pour inciter les joueurs \u00e0 jouer davantage, la [&hellip;]<\/p>\n","protected":false},"author":1,"featured_media":0,"parent":0,"menu_order":0,"comment_status":"closed","ping_status":"closed","template":"","meta":{"footnotes":""},"class_list":["post-46","page","type-page","status-publish","hentry","entry"],"yoast_head":"<!-- This site is optimized with the Yoast SEO plugin v25.9 - https:\/\/yoast.com\/wordpress\/plugins\/seo\/ -->\n<title>Sites de poker avec le meilleur rakeback<\/title>\n<meta name=\"description\" content=\"Vous recherchez du rakeback au poker ? Vous trouverez ici les meilleures offres de rakeback pour les joueurs de poker en ligne\" \/>\n<meta name=\"robots\" content=\"index, follow, max-snippet:-1, max-image-preview:large, max-video-preview:-1\" \/>\n<link rel=\"canonical\" href=\"https:\/\/rake-back-poker.de\/fr\/\" \/>\n<meta property=\"og:locale\" content=\"fr_FR\" \/>\n<meta property=\"og:type\" content=\"article\" \/>\n<meta property=\"og:title\" content=\"Sites de poker avec le meilleur rakeback\" \/>\n<meta property=\"og:description\" content=\"Vous recherchez du rakeback au poker ? Vous trouverez ici les meilleures offres de rakeback pour les joueurs de poker en ligne\" \/>\n<meta property=\"og:url\" content=\"https:\/\/rake-back-poker.de\/fr\/\" \/>\n<meta property=\"og:site_name\" content=\"Rakeback Poker\" \/>\n<meta name=\"twitter:card\" content=\"summary_large_image\" \/>\n<meta name=\"twitter:label1\" content=\"Dur\u00e9e de lecture estim\u00e9e\" \/>\n\t<meta name=\"twitter:data1\" content=\"2 minutes\" \/>\n<script type=\"application\/ld+json\" class=\"yoast-schema-graph\">{\"@context\":\"https:\/\/schema.org\",\"@graph\":[{\"@type\":\"WebPage\",\"@id\":\"https:\/\/rake-back-poker.de\/fr\/\",\"url\":\"https:\/\/rake-back-poker.de\/fr\/\",\"name\":\"Sites de poker avec le meilleur rakeback\",\"isPartOf\":{\"@id\":\"https:\/\/rake-back-poker.de\/fr\/#website\"},\"datePublished\":\"2024-09-09T07:36:53+00:00\",\"description\":\"Vous recherchez du rakeback au poker ? Vous trouverez ici les meilleures offres de rakeback pour les joueurs de poker en ligne\",\"breadcrumb\":{\"@id\":\"https:\/\/rake-back-poker.de\/fr\/#breadcrumb\"},\"inLanguage\":\"fr-FR\",\"potentialAction\":[{\"@type\":\"ReadAction\",\"target\":[\"https:\/\/rake-back-poker.de\/fr\/\"]}]},{\"@type\":\"BreadcrumbList\",\"@id\":\"https:\/\/rake-back-poker.de\/fr\/#breadcrumb\",\"itemListElement\":[{\"@type\":\"ListItem\",\"position\":1,\"name\":\"Home\",\"item\":\"https:\/\/rake-back-poker.de\/fr\/\"},{\"@type\":\"ListItem\",\"position\":2,\"name\":\"Maison\"}]},{\"@type\":\"WebSite\",\"@id\":\"https:\/\/rake-back-poker.de\/fr\/#website\",\"url\":\"https:\/\/rake-back-poker.de\/fr\/\",\"name\":\"Rakeback Poker\",\"description\":\"\",\"potentialAction\":[{\"@type\":\"SearchAction\",\"target\":{\"@type\":\"EntryPoint\",\"urlTemplate\":\"https:\/\/rake-back-poker.de\/fr\/?s={search_term_string}\"},\"query-input\":{\"@type\":\"PropertyValueSpecification\",\"valueRequired\":true,\"valueName\":\"search_term_string\"}}],\"inLanguage\":\"fr-FR\"}]}<\/script>\n<!-- \/ Yoast SEO plugin. -->","yoast_head_json":{"title":"Sites de poker avec le meilleur rakeback","description":"Vous recherchez du rakeback au poker ? Vous trouverez ici les meilleures offres de rakeback pour les joueurs de poker en ligne","robots":{"index":"index","follow":"follow","max-snippet":"max-snippet:-1","max-image-preview":"max-image-preview:large","max-video-preview":"max-video-preview:-1"},"canonical":"https:\/\/rake-back-poker.de\/fr\/","og_locale":"fr_FR","og_type":"article","og_title":"Sites de poker avec le meilleur rakeback","og_description":"Vous recherchez du rakeback au poker ? Vous trouverez ici les meilleures offres de rakeback pour les joueurs de poker en ligne","og_url":"https:\/\/rake-back-poker.de\/fr\/","og_site_name":"Rakeback Poker","twitter_card":"summary_large_image","twitter_misc":{"Dur\u00e9e de lecture estim\u00e9e":"2 minutes"},"schema":{"@context":"https:\/\/schema.org","@graph":[{"@type":"WebPage","@id":"https:\/\/rake-back-poker.de\/fr\/","url":"https:\/\/rake-back-poker.de\/fr\/","name":"Sites de poker avec le meilleur rakeback","isPartOf":{"@id":"https:\/\/rake-back-poker.de\/fr\/#website"},"datePublished":"2024-09-09T07:36:53+00:00","description":"Vous recherchez du rakeback au poker ? Vous trouverez ici les meilleures offres de rakeback pour les joueurs de poker en ligne","breadcrumb":{"@id":"https:\/\/rake-back-poker.de\/fr\/#breadcrumb"},"inLanguage":"fr-FR","potentialAction":[{"@type":"ReadAction","target":["https:\/\/rake-back-poker.de\/fr\/"]}]},{"@type":"BreadcrumbList","@id":"https:\/\/rake-back-poker.de\/fr\/#breadcrumb","itemListElement":[{"@type":"ListItem","position":1,"name":"Home","item":"https:\/\/rake-back-poker.de\/fr\/"},{"@type":"ListItem","position":2,"name":"Maison"}]},{"@type":"WebSite","@id":"https:\/\/rake-back-poker.de\/fr\/#website","url":"https:\/\/rake-back-poker.de\/fr\/","name":"Rakeback Poker","description":"","potentialAction":[{"@type":"SearchAction","target":{"@type":"EntryPoint","urlTemplate":"https:\/\/rake-back-poker.de\/fr\/?s={search_term_string}"},"query-input":{"@type":"PropertyValueSpecification","valueRequired":true,"valueName":"search_term_string"}}],"inLanguage":"fr-FR"}]}},"_links":{"self":[{"href":"https:\/\/rake-back-poker.de\/fr\/wp-json\/wp\/v2\/pages\/46","targetHints":{"allow":["GET"]}}],"collection":[{"href":"https:\/\/rake-back-poker.de\/fr\/wp-json\/wp\/v2\/pages"}],"about":[{"href":"https:\/\/rake-back-poker.de\/fr\/wp-json\/wp\/v2\/types\/page"}],"author":[{"embeddable":true,"href":"https:\/\/rake-back-poker.de\/fr\/wp-json\/wp\/v2\/users\/1"}],"replies":[{"embeddable":true,"href":"https:\/\/rake-back-poker.de\/fr\/wp-json\/wp\/v2\/comments?post=46"}],"version-history":[{"count":0,"href":"https:\/\/rake-back-poker.de\/fr\/wp-json\/wp\/v2\/pages\/46\/revisions"}],"wp:attachment":[{"href":"https:\/\/rake-back-poker.de\/fr\/wp-json\/wp\/v2\/media?parent=46"}],"curies":[{"name":"wp","href":"https:\/\/api.w.org\/{rel}","templated":true}]}}