{"id":592,"date":"2024-09-09T08:36:53","date_gmt":"2024-09-09T07:36:53","guid":{"rendered":"https:\/\/rake-back-poker.de\/dom\/"},"modified":"2024-09-09T08:36:53","modified_gmt":"2024-09-09T07:36:53","slug":"dom","status":"publish","type":"page","link":"https:\/\/rake-back-poker.de\/hr\/","title":{"rendered":"Dom"},"content":{"rendered":"<h2>Poker stranice s najboljim rakebackom<\/h2>\n<p>Kada igrate online poker za pravi novac, pla\u0107ate rake &#8211; iznos koji poker stranica uzima iz pota za svaku ruku. Pojedina\u010dno, to su obi\u010dno relativno mali iznosi, ali se zbrajaju.<\/p>\n<p>Kako bi se korisnicima pru\u017eio najbolji poticaj za vi\u0161e igranja, ve\u0107ina stranica ima interni program rakebacka. Rakeback jednostavno zna\u010di da igra\u010d prima dio rakebacka od poker stranice. To obi\u010dno funkcionira u obliku sustava bodova. Ovisno o tome koliko je rakea igra\u010d platio, dobiva &#8220;bodove vjernosti&#8221; (svaka poker soba ima svoje ime za ove bodove), a te bodove vjernosti kasnije se mogu unov\u010diti za gotovinu.<\/p>\n<p>\u010cesto igra\u010d mo\u017ee zamijeniti ove bodove vjernosti i za ulaznice za turnire ili robu iz trgovine (baseball kape, majice itd.). Kad smo ve\u0107 kod turnira: Ovdje se tako\u0111er pla\u0107a &#8220;rake&#8221; &#8211; na primjer, buy-in je obi\u010dno naveden kao 10 USD + 1 USD. Manji iznos od 1 dolara je &#8220;za ku\u0107u&#8221;, ali u poker \u017eargonu se ne zove rake, ve\u0107 &#8220;juice&#8221;. Me\u0111utim, taj se &#8220;juice&#8221; tako\u0111er uzima u obzir za rakeback na ve\u0107ini poker stranica.<\/p>\n<p>Savjet: Poker stranice koje napla\u0107uju vi\u0161e od 10% buy-ina kao &#8220;juice&#8221; najbolje je izbjegavati od samog po\u010detka!<\/p>\n<h2>Koliko rakebacka dobivam?<\/h2>\n<p>Iznos rakebacka ovisi o raznim \u010dimbenicima. Poker stranica obi\u010dno ima &#8220;progresivni&#8221; sustav bodova. Kako igrate, dobivate vi\u0161i status (npr. Bronza\/Srebro\/Zlato\/Platina), a ovisno o va\u0161em statusu, dobivate ve\u0107i postotak rakebacka. Drugim rije\u010dima, postoji vi\u0161e bodova vjernosti koje mo\u017eete zaraditi po dolaru rakea ako ve\u0107 imate vi\u0161i status.<\/p>\n<h2>Koja je razlika izme\u0111u vanjskog i internog rakebacka?<\/h2>\n<p>Pa, bilo je vrijeme kada su se igra\u010di prijavljivali u poker sobu putem posebnog vanjskog pru\u017eatelja rakebacka. Poker soba je davala stranici za rakeback informacije o rakeu koji je igra\u010d platio, a stranica je zatim isplatila rakeback igra\u010du. Me\u0111utim, danas ve\u0107ina poker soba vi\u0161e ne dijeli informacije o pla\u0107enom rakeu s tre\u0107im stranama, ve\u0107 umjesto toga nudi vlastiti interni program rakebacka &#8211; putem bodova vjernosti.<\/p>\n<h2>\u0160to je bonus za nove korisnike?<\/h2>\n<p>Bonus za nove korisnike tako\u0111er je vrsta rakebacka, ali samo na ograni\u010deno vrijeme i u maksimalnom iznosu. Mo\u017eete saznati tko nudi najbolje bonuse na <a href=\"https:\/\/poker-bonuscode.de\">www.poker-bonuscode.de<\/a>. S druge strane, sam rakeback se igra\u010du dodjeljuje trajno sve dok igra za novac.<\/p>\n<h2>Dakle, koja poker stranica nudi najbolji rakeback?<\/h2>\n<p>Testiramo najbolje poker stranice za vas i pru\u017eamo detaljne informacije o raznim programima rakebacka, sustavima bodova itd.<\/p>\n","protected":false},"excerpt":{"rendered":"<p>Poker stranice s najboljim rakebackom Kada igrate online poker za pravi novac, pla\u0107ate rake &#8211; iznos koji poker stranica uzima iz pota za svaku ruku. Pojedina\u010dno, to su obi\u010dno relativno mali iznosi, ali se zbrajaju. Kako bi se korisnicima pru\u017eio najbolji poticaj za vi\u0161e igranja, ve\u0107ina stranica ima interni program rakebacka. Rakeback jednostavno zna\u010di da [&hellip;]<\/p>\n","protected":false},"author":1,"featured_media":0,"parent":0,"menu_order":0,"comment_status":"closed","ping_status":"closed","template":"","meta":{"footnotes":""},"class_list":["post-592","page","type-page","status-publish","hentry","entry"],"yoast_head":"<!-- This site is optimized with the Yoast SEO plugin v25.9 - https:\/\/yoast.com\/wordpress\/plugins\/seo\/ -->\n<title>Poker stranice s najboljim rakebackom<\/title>\n<meta name=\"description\" content=\"Tra\u017eite rakeback u pokeru? Ovdje \u0107ete prona\u0107i najbolje ponude rakebacka za online poker igra\u010de\" \/>\n<meta name=\"robots\" content=\"index, follow, max-snippet:-1, max-image-preview:large, max-video-preview:-1\" \/>\n<link rel=\"canonical\" href=\"https:\/\/rake-back-poker.de\/hr\/\" \/>\n<meta property=\"og:locale\" content=\"hr_HR\" \/>\n<meta property=\"og:type\" content=\"article\" \/>\n<meta property=\"og:title\" content=\"Poker stranice s najboljim rakebackom\" \/>\n<meta property=\"og:description\" content=\"Tra\u017eite rakeback u pokeru? Ovdje \u0107ete prona\u0107i najbolje ponude rakebacka za online poker igra\u010de\" \/>\n<meta property=\"og:url\" content=\"https:\/\/rake-back-poker.de\/hr\/\" \/>\n<meta property=\"og:site_name\" content=\"Rakeback Poker\" \/>\n<meta name=\"twitter:card\" content=\"summary_large_image\" \/>\n<meta name=\"twitter:label1\" content=\"Procijenjeno vrijeme \u010ditanja\" \/>\n\t<meta name=\"twitter:data1\" content=\"2 minute\" \/>\n<script type=\"application\/ld+json\" class=\"yoast-schema-graph\">{\"@context\":\"https:\/\/schema.org\",\"@graph\":[{\"@type\":\"WebPage\",\"@id\":\"https:\/\/rake-back-poker.de\/hr\/\",\"url\":\"https:\/\/rake-back-poker.de\/hr\/\",\"name\":\"Poker stranice s najboljim rakebackom\",\"isPartOf\":{\"@id\":\"https:\/\/rake-back-poker.de\/hr\/#website\"},\"datePublished\":\"2024-09-09T07:36:53+00:00\",\"description\":\"Tra\u017eite rakeback u pokeru? Ovdje \u0107ete prona\u0107i najbolje ponude rakebacka za online poker igra\u010de\",\"breadcrumb\":{\"@id\":\"https:\/\/rake-back-poker.de\/hr\/#breadcrumb\"},\"inLanguage\":\"hr\",\"potentialAction\":[{\"@type\":\"ReadAction\",\"target\":[\"https:\/\/rake-back-poker.de\/hr\/\"]}]},{\"@type\":\"BreadcrumbList\",\"@id\":\"https:\/\/rake-back-poker.de\/hr\/#breadcrumb\",\"itemListElement\":[{\"@type\":\"ListItem\",\"position\":1,\"name\":\"Home\",\"item\":\"https:\/\/rake-back-poker.de\/hr\/\"},{\"@type\":\"ListItem\",\"position\":2,\"name\":\"Dom\"}]},{\"@type\":\"WebSite\",\"@id\":\"https:\/\/rake-back-poker.de\/hr\/#website\",\"url\":\"https:\/\/rake-back-poker.de\/hr\/\",\"name\":\"Rakeback Poker\",\"description\":\"\",\"potentialAction\":[{\"@type\":\"SearchAction\",\"target\":{\"@type\":\"EntryPoint\",\"urlTemplate\":\"https:\/\/rake-back-poker.de\/hr\/?s={search_term_string}\"},\"query-input\":{\"@type\":\"PropertyValueSpecification\",\"valueRequired\":true,\"valueName\":\"search_term_string\"}}],\"inLanguage\":\"hr\"}]}<\/script>\n<!-- \/ Yoast SEO plugin. -->","yoast_head_json":{"title":"Poker stranice s najboljim rakebackom","description":"Tra\u017eite rakeback u pokeru? Ovdje \u0107ete prona\u0107i najbolje ponude rakebacka za online poker igra\u010de","robots":{"index":"index","follow":"follow","max-snippet":"max-snippet:-1","max-image-preview":"max-image-preview:large","max-video-preview":"max-video-preview:-1"},"canonical":"https:\/\/rake-back-poker.de\/hr\/","og_locale":"hr_HR","og_type":"article","og_title":"Poker stranice s najboljim rakebackom","og_description":"Tra\u017eite rakeback u pokeru? Ovdje \u0107ete prona\u0107i najbolje ponude rakebacka za online poker igra\u010de","og_url":"https:\/\/rake-back-poker.de\/hr\/","og_site_name":"Rakeback Poker","twitter_card":"summary_large_image","twitter_misc":{"Procijenjeno vrijeme \u010ditanja":"2 minute"},"schema":{"@context":"https:\/\/schema.org","@graph":[{"@type":"WebPage","@id":"https:\/\/rake-back-poker.de\/hr\/","url":"https:\/\/rake-back-poker.de\/hr\/","name":"Poker stranice s najboljim rakebackom","isPartOf":{"@id":"https:\/\/rake-back-poker.de\/hr\/#website"},"datePublished":"2024-09-09T07:36:53+00:00","description":"Tra\u017eite rakeback u pokeru? Ovdje \u0107ete prona\u0107i najbolje ponude rakebacka za online poker igra\u010de","breadcrumb":{"@id":"https:\/\/rake-back-poker.de\/hr\/#breadcrumb"},"inLanguage":"hr","potentialAction":[{"@type":"ReadAction","target":["https:\/\/rake-back-poker.de\/hr\/"]}]},{"@type":"BreadcrumbList","@id":"https:\/\/rake-back-poker.de\/hr\/#breadcrumb","itemListElement":[{"@type":"ListItem","position":1,"name":"Home","item":"https:\/\/rake-back-poker.de\/hr\/"},{"@type":"ListItem","position":2,"name":"Dom"}]},{"@type":"WebSite","@id":"https:\/\/rake-back-poker.de\/hr\/#website","url":"https:\/\/rake-back-poker.de\/hr\/","name":"Rakeback Poker","description":"","potentialAction":[{"@type":"SearchAction","target":{"@type":"EntryPoint","urlTemplate":"https:\/\/rake-back-poker.de\/hr\/?s={search_term_string}"},"query-input":{"@type":"PropertyValueSpecification","valueRequired":true,"valueName":"search_term_string"}}],"inLanguage":"hr"}]}},"_links":{"self":[{"href":"https:\/\/rake-back-poker.de\/hr\/wp-json\/wp\/v2\/pages\/592","targetHints":{"allow":["GET"]}}],"collection":[{"href":"https:\/\/rake-back-poker.de\/hr\/wp-json\/wp\/v2\/pages"}],"about":[{"href":"https:\/\/rake-back-poker.de\/hr\/wp-json\/wp\/v2\/types\/page"}],"author":[{"embeddable":true,"href":"https:\/\/rake-back-poker.de\/hr\/wp-json\/wp\/v2\/users\/1"}],"replies":[{"embeddable":true,"href":"https:\/\/rake-back-poker.de\/hr\/wp-json\/wp\/v2\/comments?post=592"}],"version-history":[{"count":0,"href":"https:\/\/rake-back-poker.de\/hr\/wp-json\/wp\/v2\/pages\/592\/revisions"}],"wp:attachment":[{"href":"https:\/\/rake-back-poker.de\/hr\/wp-json\/wp\/v2\/media?parent=592"}],"curies":[{"name":"wp","href":"https:\/\/api.w.org\/{rel}","templated":true}]}}