{"id":601,"date":"2024-09-09T08:36:53","date_gmt":"2024-09-09T07:36:53","guid":{"rendered":"https:\/\/rake-back-poker.de\/otthon\/"},"modified":"2024-09-09T08:36:53","modified_gmt":"2024-09-09T07:36:53","slug":"otthon","status":"publish","type":"page","link":"https:\/\/rake-back-poker.de\/hu\/","title":{"rendered":"Otthon"},"content":{"rendered":"<h2>P\u00f3keroldalak a legjobb rakebackkel<\/h2>\n<p>Amikor val\u00f3di p\u00e9nzzel j\u00e1tszol online p\u00f3kert, rake-et fizetsz \u2013 azt az \u00f6sszeget, amelyet a p\u00f3keroldal minden egyes leoszt\u00e1s ut\u00e1n levon a potb\u00f3l. Ezek egyenk\u00e9nt \u00e1ltal\u00e1ban viszonylag kis \u00f6sszegek, de \u00f6sszead\u00f3dnak.<\/p>\n<p>Annak \u00e9rdek\u00e9ben, hogy a j\u00e1t\u00e9kosokat a lehet\u0151 legjobban \u00f6szt\u00f6n\u00f6zz\u00e9k a tov\u00e1bbi j\u00e1t\u00e9kra, a legt\u00f6bb oldal rendelkezik bels\u0151 rakeback programmal. A rakeback egyszer\u0171en azt jelenti, hogy a j\u00e1t\u00e9kos a rake egy r\u00e9sz\u00e9t visszakapja a p\u00f3keroldalt\u00f3l. Ez \u00e1ltal\u00e1ban egy pontrendszer form\u00e1j\u00e1ban m\u0171k\u00f6dik. Att\u00f3l f\u00fcgg\u0151en, hogy mennyi rake-et fizetett a j\u00e1t\u00e9kos, \u201eh\u0171s\u00e9gpontokat\u201d kap (minden p\u00f3kerteremnek saj\u00e1t neve van ezeknek a pontoknak), \u00e9s ezeket a h\u0171s\u00e9gpontokat k\u00e9s\u0151bb k\u00e9szp\u00e9nzre lehet v\u00e1ltani.<\/p>\n<p>A j\u00e1t\u00e9kos gyakran bev\u00e1lthatja ezeket a h\u0171s\u00e9gpontokat versenyjegyekre vagy az \u00fczletben kaphat\u00f3 \u00e1rucikkekre (baseballsapk\u00e1k, p\u00f3l\u00f3k stb.). A versenyekr\u0151l jut eszembe: Itt is fizetnek \u201erake-et\u201d \u2013 p\u00e9ld\u00e1ul a nevez\u00e9si d\u00edj \u00e1ltal\u00e1ban 10 doll\u00e1r + 1 doll\u00e1r. A kisebb, 1 doll\u00e1ros \u00f6sszeg \u201ea h\u00e1znak j\u00e1r\u201d, de a p\u00f3ker zsargonban nem rake-nek, hanem \u201ejuice-nak\u201d nevezik. A legt\u00f6bb p\u00f3keroldalon azonban ezt a \u201ejuice-t\u201d is figyelembe veszik a rakeback kisz\u00e1m\u00edt\u00e1sakor.<\/p>\n<p>Tipp: Azokat a p\u00f3keroldalakat, amelyek a nevez\u00e9si d\u00edj t\u00f6bb mint 10%-\u00e1t \u201ejuice-k\u00e9nt\u201d sz\u00e1molj\u00e1k fel, a kezdetekt\u0151l fogva jobb elker\u00fclni!<\/p>\n<h2>Mennyi rakebacket kapok?<\/h2>\n<p>A rakeback \u00f6sszege k\u00fcl\u00f6nb\u00f6z\u0151 t\u00e9nyez\u0151kt\u0151l f\u00fcgg. \u00c1ltal\u00e1ban a p\u00f3keroldal \u201eprogressz\u00edv\u201d pontrendszerrel rendelkezik. Ahogy j\u00e1tszol, egyre magasabb st\u00e1tuszt \u00e9rsz el (pl. Bronz\/Ez\u00fcst\/Arany\/Platina), \u00e9s a st\u00e1tuszodt\u00f3l f\u00fcgg\u0151en nagyobb sz\u00e1zal\u00e9kban kapsz rakebacket. M\u00e1s sz\u00f3val, t\u00f6bb h\u0171s\u00e9gpontot lehet szerezni minden doll\u00e1rnyi rake ut\u00e1n, ha m\u00e1r magasabb st\u00e1tuszod van.<\/p>\n<h2>Mi a k\u00fcl\u00f6nbs\u00e9g a k\u00fcls\u0151 \u00e9s a bels\u0151 rakeback k\u00f6z\u00f6tt?<\/h2>\n<p>Nos, volt id\u0151, amikor a j\u00e1t\u00e9kosok egy speci\u00e1lis k\u00fcls\u0151 rakeback-szolg\u00e1ltat\u00f3n kereszt\u00fcl regisztr\u00e1ltak egy p\u00f3kerterembe. A p\u00f3kerterem inform\u00e1ci\u00f3t szolg\u00e1ltatott a rakeback oldalnak a j\u00e1t\u00e9kos \u00e1ltal fizetett rake-r\u0151l, majd az oldal kifizette a rakebacket a j\u00e1t\u00e9kosnak. Manaps\u00e1g azonban a legt\u00f6bb p\u00f3kerterem m\u00e1r nem osztja meg a rake-r\u0151l sz\u00f3l\u00f3 inform\u00e1ci\u00f3kat harmadik felekkel, hanem saj\u00e1t bels\u0151 rakeback programj\u00e1t k\u00edn\u00e1lja \u2013 h\u0171s\u00e9gpontokon kereszt\u00fcl.<\/p>\n<p>Mir\u0151l is sz\u00f3l az \u00faj \u00fcgyf\u00e9l b\u00f3nusz?<\/h2>\n<p>Az \u00faj \u00fcgyf\u00e9l b\u00f3nusz szint\u00e9n egyfajta rakeback, de csak korl\u00e1tozott ideig \u00e9s maxim\u00e1lis \u00f6sszegben. A legjobb b\u00f3nuszokat k\u00edn\u00e1l\u00f3 j\u00e1t\u00e9kosokr\u00f3l a <a href=\"https:\/\/poker-bonuscode.de\">www.poker-bonuscode.de<\/a> oldalon t\u00e1j\u00e9koz\u00f3dhat. A t\u00e9nyleges rakeback ezzel szemben v\u00e9glegesen ad\u00f3dik a j\u00e1t\u00e9kosnak, am\u00edg p\u00e9nz\u00e9rt j\u00e1tszik.<\/p>\n<p>Sz\u00f3val melyik p\u00f3keroldal k\u00edn\u00e1lja a legjobb rakebacket?<\/h2>\n<p>Tesztelj\u00fck a legjobb p\u00f3keroldalakat, \u00e9s r\u00e9szletes inform\u00e1ci\u00f3kat ny\u00fajtunk a k\u00fcl\u00f6nb\u00f6z\u0151 rakeback programokr\u00f3l, pontrendszerekr\u0151l stb.<\/p>\n","protected":false},"excerpt":{"rendered":"<p>P\u00f3keroldalak a legjobb rakebackkel Amikor val\u00f3di p\u00e9nzzel j\u00e1tszol online p\u00f3kert, rake-et fizetsz \u2013 azt az \u00f6sszeget, amelyet a p\u00f3keroldal minden egyes leoszt\u00e1s ut\u00e1n levon a potb\u00f3l. Ezek egyenk\u00e9nt \u00e1ltal\u00e1ban viszonylag kis \u00f6sszegek, de \u00f6sszead\u00f3dnak. Annak \u00e9rdek\u00e9ben, hogy a j\u00e1t\u00e9kosokat a lehet\u0151 legjobban \u00f6szt\u00f6n\u00f6zz\u00e9k a tov\u00e1bbi j\u00e1t\u00e9kra, a legt\u00f6bb oldal rendelkezik bels\u0151 rakeback programmal. A rakeback [&hellip;]<\/p>\n","protected":false},"author":1,"featured_media":0,"parent":0,"menu_order":0,"comment_status":"closed","ping_status":"closed","template":"","meta":{"footnotes":""},"class_list":["post-601","page","type-page","status-publish","hentry","entry"],"yoast_head":"<!-- This site is optimized with the Yoast SEO plugin v25.9 - https:\/\/yoast.com\/wordpress\/plugins\/seo\/ -->\n<title>P\u00f3ker oldalak a legjobb rakebackkel<\/title>\n<meta name=\"description\" content=\"P\u00f3ker rakebacket keresel? Itt tal\u00e1lod a legjobb rakeback aj\u00e1nlatokat online p\u00f3kerj\u00e1t\u00e9kosoknak.\" \/>\n<meta name=\"robots\" content=\"index, follow, max-snippet:-1, max-image-preview:large, max-video-preview:-1\" \/>\n<link rel=\"canonical\" href=\"https:\/\/rake-back-poker.de\/hu\/\" \/>\n<meta property=\"og:locale\" content=\"hu_HU\" \/>\n<meta property=\"og:type\" content=\"article\" \/>\n<meta property=\"og:title\" content=\"P\u00f3ker oldalak a legjobb rakebackkel\" \/>\n<meta property=\"og:description\" content=\"P\u00f3ker rakebacket keresel? Itt tal\u00e1lod a legjobb rakeback aj\u00e1nlatokat online p\u00f3kerj\u00e1t\u00e9kosoknak.\" \/>\n<meta property=\"og:url\" content=\"https:\/\/rake-back-poker.de\/hu\/\" \/>\n<meta property=\"og:site_name\" content=\"Rakeback Poker\" \/>\n<meta name=\"twitter:card\" content=\"summary_large_image\" \/>\n<meta name=\"twitter:label1\" content=\"Becs\u00fclt olvas\u00e1si id\u0151\" \/>\n\t<meta name=\"twitter:data1\" content=\"3 perc\" \/>\n<script type=\"application\/ld+json\" class=\"yoast-schema-graph\">{\"@context\":\"https:\/\/schema.org\",\"@graph\":[{\"@type\":\"WebPage\",\"@id\":\"https:\/\/rake-back-poker.de\/hu\/\",\"url\":\"https:\/\/rake-back-poker.de\/hu\/\",\"name\":\"P\u00f3ker oldalak a legjobb rakebackkel\",\"isPartOf\":{\"@id\":\"https:\/\/rake-back-poker.de\/hu\/#website\"},\"datePublished\":\"2024-09-09T07:36:53+00:00\",\"description\":\"P\u00f3ker rakebacket keresel? Itt tal\u00e1lod a legjobb rakeback aj\u00e1nlatokat online p\u00f3kerj\u00e1t\u00e9kosoknak.\",\"breadcrumb\":{\"@id\":\"https:\/\/rake-back-poker.de\/hu\/#breadcrumb\"},\"inLanguage\":\"hu\",\"potentialAction\":[{\"@type\":\"ReadAction\",\"target\":[\"https:\/\/rake-back-poker.de\/hu\/\"]}]},{\"@type\":\"BreadcrumbList\",\"@id\":\"https:\/\/rake-back-poker.de\/hu\/#breadcrumb\",\"itemListElement\":[{\"@type\":\"ListItem\",\"position\":1,\"name\":\"Home\",\"item\":\"https:\/\/rake-back-poker.de\/hu\/\"},{\"@type\":\"ListItem\",\"position\":2,\"name\":\"Otthon\"}]},{\"@type\":\"WebSite\",\"@id\":\"https:\/\/rake-back-poker.de\/hu\/#website\",\"url\":\"https:\/\/rake-back-poker.de\/hu\/\",\"name\":\"Rakeback Poker\",\"description\":\"\",\"potentialAction\":[{\"@type\":\"SearchAction\",\"target\":{\"@type\":\"EntryPoint\",\"urlTemplate\":\"https:\/\/rake-back-poker.de\/hu\/?s={search_term_string}\"},\"query-input\":{\"@type\":\"PropertyValueSpecification\",\"valueRequired\":true,\"valueName\":\"search_term_string\"}}],\"inLanguage\":\"hu\"}]}<\/script>\n<!-- \/ Yoast SEO plugin. -->","yoast_head_json":{"title":"P\u00f3ker oldalak a legjobb rakebackkel","description":"P\u00f3ker rakebacket keresel? Itt tal\u00e1lod a legjobb rakeback aj\u00e1nlatokat online p\u00f3kerj\u00e1t\u00e9kosoknak.","robots":{"index":"index","follow":"follow","max-snippet":"max-snippet:-1","max-image-preview":"max-image-preview:large","max-video-preview":"max-video-preview:-1"},"canonical":"https:\/\/rake-back-poker.de\/hu\/","og_locale":"hu_HU","og_type":"article","og_title":"P\u00f3ker oldalak a legjobb rakebackkel","og_description":"P\u00f3ker rakebacket keresel? Itt tal\u00e1lod a legjobb rakeback aj\u00e1nlatokat online p\u00f3kerj\u00e1t\u00e9kosoknak.","og_url":"https:\/\/rake-back-poker.de\/hu\/","og_site_name":"Rakeback Poker","twitter_card":"summary_large_image","twitter_misc":{"Becs\u00fclt olvas\u00e1si id\u0151":"3 perc"},"schema":{"@context":"https:\/\/schema.org","@graph":[{"@type":"WebPage","@id":"https:\/\/rake-back-poker.de\/hu\/","url":"https:\/\/rake-back-poker.de\/hu\/","name":"P\u00f3ker oldalak a legjobb rakebackkel","isPartOf":{"@id":"https:\/\/rake-back-poker.de\/hu\/#website"},"datePublished":"2024-09-09T07:36:53+00:00","description":"P\u00f3ker rakebacket keresel? Itt tal\u00e1lod a legjobb rakeback aj\u00e1nlatokat online p\u00f3kerj\u00e1t\u00e9kosoknak.","breadcrumb":{"@id":"https:\/\/rake-back-poker.de\/hu\/#breadcrumb"},"inLanguage":"hu","potentialAction":[{"@type":"ReadAction","target":["https:\/\/rake-back-poker.de\/hu\/"]}]},{"@type":"BreadcrumbList","@id":"https:\/\/rake-back-poker.de\/hu\/#breadcrumb","itemListElement":[{"@type":"ListItem","position":1,"name":"Home","item":"https:\/\/rake-back-poker.de\/hu\/"},{"@type":"ListItem","position":2,"name":"Otthon"}]},{"@type":"WebSite","@id":"https:\/\/rake-back-poker.de\/hu\/#website","url":"https:\/\/rake-back-poker.de\/hu\/","name":"Rakeback Poker","description":"","potentialAction":[{"@type":"SearchAction","target":{"@type":"EntryPoint","urlTemplate":"https:\/\/rake-back-poker.de\/hu\/?s={search_term_string}"},"query-input":{"@type":"PropertyValueSpecification","valueRequired":true,"valueName":"search_term_string"}}],"inLanguage":"hu"}]}},"_links":{"self":[{"href":"https:\/\/rake-back-poker.de\/hu\/wp-json\/wp\/v2\/pages\/601","targetHints":{"allow":["GET"]}}],"collection":[{"href":"https:\/\/rake-back-poker.de\/hu\/wp-json\/wp\/v2\/pages"}],"about":[{"href":"https:\/\/rake-back-poker.de\/hu\/wp-json\/wp\/v2\/types\/page"}],"author":[{"embeddable":true,"href":"https:\/\/rake-back-poker.de\/hu\/wp-json\/wp\/v2\/users\/1"}],"replies":[{"embeddable":true,"href":"https:\/\/rake-back-poker.de\/hu\/wp-json\/wp\/v2\/comments?post=601"}],"version-history":[{"count":0,"href":"https:\/\/rake-back-poker.de\/hu\/wp-json\/wp\/v2\/pages\/601\/revisions"}],"wp:attachment":[{"href":"https:\/\/rake-back-poker.de\/hu\/wp-json\/wp\/v2\/media?parent=601"}],"curies":[{"name":"wp","href":"https:\/\/api.w.org\/{rel}","templated":true}]}}