{"id":47,"date":"2024-09-09T08:36:53","date_gmt":"2024-09-09T07:36:53","guid":{"rendered":"https:\/\/rake-back-poker.de\/casa\/"},"modified":"2024-09-09T08:36:53","modified_gmt":"2024-09-09T07:36:53","slug":"casa","status":"publish","type":"page","link":"https:\/\/rake-back-poker.de\/it\/","title":{"rendered":"Casa"},"content":{"rendered":"<article class=\"group\/turn w-full text-token-text-primary focus-visible:outline-2 focus-visible:outline-offset-[-4px]\" dir=\"auto\" tabindex=\"-1\" data-testid=\"conversation-turn-522\" data-scroll-anchor=\"true\">\n<div class=\"text-base my-auto mx-auto py-[18px] px-6\">\n<div class=\"mx-auto flex flex-1 text-base gap-4 md:gap-5 lg:gap-6 md:max-w-3xl\">\n<div class=\"group\/conversation-turn relative flex w-full min-w-0 flex-col agent-turn @xs\/thread:px-0 @sm\/thread:px-1.5 @md\/thread:px-4\">\n<div class=\"flex-col gap-1 md:gap-3\">\n<div class=\"flex max-w-full flex-col flex-grow\">\n<div class=\"min-h-8 text-message relative flex w-full flex-col items-end gap-2 whitespace-normal break-words text-start [.text-message+&amp;]:mt-5\" dir=\"auto\" data-message-author-role=\"assistant\" data-message-id=\"6540a399-15a9-493e-a585-e9d840c853e7\" data-message-model-slug=\"gpt-4o\">\n<div class=\"flex w-full flex-col gap-1 empty:hidden first:pt-[3px]\">\n<div class=\"markdown prose w-full break-words dark:prose-invert dark\">\n<h2 data-start=\"0\" data-end=\"43\"><strong data-start=\"0\" data-end=\"41\">Siti di poker con il miglior Rakeback<\/strong><\/h2>\n<p class=\"\" data-start=\"45\" data-end=\"263\">Se giochi a poker online con soldi veri, paghi un rake, ovvero la percentuale che il sito di poker trattiene da ogni piatto. Di solito si tratta di importi relativamente piccoli, ma che nel tempo possono accumularsi.<\/p>\n<p class=\"\" data-start=\"265\" data-end=\"735\">Per incentivare i giocatori a giocare di pi\u00f9, la maggior parte delle piattaforme offre un programma interno di rakeback. Il rakeback significa semplicemente che il giocatore riceve indietro una parte del rake pagato al sito di poker. Questo sistema funziona generalmente attraverso un programma a punti: in base al rake pagato, il giocatore accumula &#8220;punti fedelt\u00e0&#8221; (ogni sito di poker ha il proprio nome per questi punti), che possono poi essere convertiti in denaro.<\/p>\n<p class=\"\" data-start=\"737\" data-end=\"1211\">Spesso, questi punti fedelt\u00e0 possono essere utilizzati anche per ottenere biglietti per tornei o prodotti nel negozio online (cappellini, magliette, ecc.). A proposito di tornei: anche in questo caso viene applicato un &#8220;rake&#8221;. Ad esempio, un buy-in potrebbe essere indicato come $10+$1, dove $1 va alla &#8220;casa&#8221;, ma nel gergo del poker viene chiamato &#8220;juice&#8221; anzich\u00e9 rake. Tuttavia, la maggior parte dei siti di poker considera anche questo &#8220;juice&#8221; nel calcolo del rakeback.<\/p>\n<p class=\"\" data-start=\"1213\" data-end=\"1305\"><strong data-start=\"1213\" data-end=\"1227\">Consiglio:<\/strong> Evita i siti di poker che applicano un &#8220;juice&#8221; superiore al 10% del buy-in!<\/p>\n<h3 class=\"\" data-start=\"1307\" data-end=\"1344\">Quanto rakeback posso ottenere?<\/h3>\n<p class=\"\" data-start=\"1345\" data-end=\"1733\">L&#8217;ammontare del rakeback dipende da diversi fattori. In genere, i siti di poker utilizzano un sistema di punti progressivo: pi\u00f9 giochi, pi\u00f9 alto \u00e8 il tuo status (ad esempio, Bronzo\/Argento\/Oro\/Platino), e a seconda del livello raggiunto, ottieni una percentuale maggiore di rakeback. In altre parole, pi\u00f9 alto \u00e8 il tuo status, pi\u00f9 punti fedelt\u00e0 guadagni per ogni dollaro di rake pagato.<\/p>\n<h3 class=\"\" data-start=\"1735\" data-end=\"1793\">Qual \u00e8 la differenza tra rakeback esterno e interno?<\/h3>\n<p class=\"\" data-start=\"1794\" data-end=\"2197\">Un tempo, i giocatori si iscrivevano a una sala da poker tramite un provider di rakeback esterno. La sala da poker forniva al sito di rakeback le informazioni sul rake pagato dal giocatore, che poi veniva rimborsato. Oggi, per\u00f2, la maggior parte delle sale da poker non condivide pi\u00f9 queste informazioni con terze parti e offre invece un proprio programma di rakeback interno basato sui punti fedelt\u00e0.<\/p>\n<h3 class=\"\" data-start=\"2199\" data-end=\"2229\">E il bonus di benvenuto?<\/h3>\n<p class=\"\" data-start=\"2230\" data-end=\"2532\">Anche il bonus di benvenuto \u00e8 una forma di rakeback, ma ha un limite di tempo e un importo massimo. Puoi scoprire quali siti offrono i migliori bonus su <a href=\"http:\/\/www.poker-bonuscode.de\" target=\"_new\" rel=\"noopener\" data-start=\"2383\" data-end=\"2405\">www.poker-bonuscode.de<\/a>. Tuttavia, il rakeback effettivo \u00e8 un vantaggio permanente che il giocatore riceve finch\u00e9 continua a giocare con soldi veri.<\/p>\n<h3 class=\"\" data-start=\"2534\" data-end=\"2586\">Quale sito di poker offre il miglior rakeback?<\/h3>\n<p class=\"\" data-start=\"2587\" data-end=\"2741\">Testiamo per te i migliori siti di poker e ti forniamo informazioni dettagliate sui diversi programmi di rakeback, sistemi a punti e vantaggi disponibili.<\/p>\n<\/div>\n<\/div>\n<\/div>\n<\/div>\n<\/div>\n<\/div>\n<\/div>\n<\/div>\n<\/article>\n","protected":false},"excerpt":{"rendered":"<p>Siti di poker con il miglior Rakeback Se giochi a poker online con soldi veri, paghi un rake, ovvero la percentuale che il sito di poker trattiene da ogni piatto. Di solito si tratta di importi relativamente piccoli, ma che nel tempo possono accumularsi. Per incentivare i giocatori a giocare di pi\u00f9, la maggior parte [&hellip;]<\/p>\n","protected":false},"author":1,"featured_media":0,"parent":0,"menu_order":0,"comment_status":"closed","ping_status":"closed","template":"","meta":{"footnotes":""},"class_list":["post-47","page","type-page","status-publish","hentry","entry"],"yoast_head":"<!-- This site is optimized with the Yoast SEO plugin v25.9 - https:\/\/yoast.com\/wordpress\/plugins\/seo\/ -->\n<title>Siti di poker con il miglior rakeback<\/title>\n<meta name=\"description\" content=\"Cerchi il rakeback del poker? Qui troverai le migliori offerte di rakeback per i giocatori di poker online\" \/>\n<meta name=\"robots\" content=\"index, follow, max-snippet:-1, max-image-preview:large, max-video-preview:-1\" \/>\n<link rel=\"canonical\" href=\"https:\/\/rake-back-poker.de\/it\/\" \/>\n<meta property=\"og:locale\" content=\"it_IT\" \/>\n<meta property=\"og:type\" content=\"article\" \/>\n<meta property=\"og:title\" content=\"Siti di poker con il miglior rakeback\" \/>\n<meta property=\"og:description\" content=\"Cerchi il rakeback del poker? Qui troverai le migliori offerte di rakeback per i giocatori di poker online\" \/>\n<meta property=\"og:url\" content=\"https:\/\/rake-back-poker.de\/it\/\" \/>\n<meta property=\"og:site_name\" content=\"Rakeback Poker\" \/>\n<meta name=\"twitter:card\" content=\"summary_large_image\" \/>\n<meta name=\"twitter:label1\" content=\"Tempo di lettura stimato\" \/>\n\t<meta name=\"twitter:data1\" content=\"2 minuti\" \/>\n<script type=\"application\/ld+json\" class=\"yoast-schema-graph\">{\"@context\":\"https:\/\/schema.org\",\"@graph\":[{\"@type\":\"WebPage\",\"@id\":\"https:\/\/rake-back-poker.de\/it\/\",\"url\":\"https:\/\/rake-back-poker.de\/it\/\",\"name\":\"Siti di poker con il miglior rakeback\",\"isPartOf\":{\"@id\":\"https:\/\/rake-back-poker.de\/it\/#website\"},\"datePublished\":\"2024-09-09T07:36:53+00:00\",\"description\":\"Cerchi il rakeback del poker? Qui troverai le migliori offerte di rakeback per i giocatori di poker online\",\"breadcrumb\":{\"@id\":\"https:\/\/rake-back-poker.de\/it\/#breadcrumb\"},\"inLanguage\":\"it-IT\",\"potentialAction\":[{\"@type\":\"ReadAction\",\"target\":[\"https:\/\/rake-back-poker.de\/it\/\"]}]},{\"@type\":\"BreadcrumbList\",\"@id\":\"https:\/\/rake-back-poker.de\/it\/#breadcrumb\",\"itemListElement\":[{\"@type\":\"ListItem\",\"position\":1,\"name\":\"Home\",\"item\":\"https:\/\/rake-back-poker.de\/it\/\"},{\"@type\":\"ListItem\",\"position\":2,\"name\":\"Casa\"}]},{\"@type\":\"WebSite\",\"@id\":\"https:\/\/rake-back-poker.de\/it\/#website\",\"url\":\"https:\/\/rake-back-poker.de\/it\/\",\"name\":\"Rakeback Poker\",\"description\":\"\",\"potentialAction\":[{\"@type\":\"SearchAction\",\"target\":{\"@type\":\"EntryPoint\",\"urlTemplate\":\"https:\/\/rake-back-poker.de\/it\/?s={search_term_string}\"},\"query-input\":{\"@type\":\"PropertyValueSpecification\",\"valueRequired\":true,\"valueName\":\"search_term_string\"}}],\"inLanguage\":\"it-IT\"}]}<\/script>\n<!-- \/ Yoast SEO plugin. -->","yoast_head_json":{"title":"Siti di poker con il miglior rakeback","description":"Cerchi il rakeback del poker? Qui troverai le migliori offerte di rakeback per i giocatori di poker online","robots":{"index":"index","follow":"follow","max-snippet":"max-snippet:-1","max-image-preview":"max-image-preview:large","max-video-preview":"max-video-preview:-1"},"canonical":"https:\/\/rake-back-poker.de\/it\/","og_locale":"it_IT","og_type":"article","og_title":"Siti di poker con il miglior rakeback","og_description":"Cerchi il rakeback del poker? Qui troverai le migliori offerte di rakeback per i giocatori di poker online","og_url":"https:\/\/rake-back-poker.de\/it\/","og_site_name":"Rakeback Poker","twitter_card":"summary_large_image","twitter_misc":{"Tempo di lettura stimato":"2 minuti"},"schema":{"@context":"https:\/\/schema.org","@graph":[{"@type":"WebPage","@id":"https:\/\/rake-back-poker.de\/it\/","url":"https:\/\/rake-back-poker.de\/it\/","name":"Siti di poker con il miglior rakeback","isPartOf":{"@id":"https:\/\/rake-back-poker.de\/it\/#website"},"datePublished":"2024-09-09T07:36:53+00:00","description":"Cerchi il rakeback del poker? Qui troverai le migliori offerte di rakeback per i giocatori di poker online","breadcrumb":{"@id":"https:\/\/rake-back-poker.de\/it\/#breadcrumb"},"inLanguage":"it-IT","potentialAction":[{"@type":"ReadAction","target":["https:\/\/rake-back-poker.de\/it\/"]}]},{"@type":"BreadcrumbList","@id":"https:\/\/rake-back-poker.de\/it\/#breadcrumb","itemListElement":[{"@type":"ListItem","position":1,"name":"Home","item":"https:\/\/rake-back-poker.de\/it\/"},{"@type":"ListItem","position":2,"name":"Casa"}]},{"@type":"WebSite","@id":"https:\/\/rake-back-poker.de\/it\/#website","url":"https:\/\/rake-back-poker.de\/it\/","name":"Rakeback Poker","description":"","potentialAction":[{"@type":"SearchAction","target":{"@type":"EntryPoint","urlTemplate":"https:\/\/rake-back-poker.de\/it\/?s={search_term_string}"},"query-input":{"@type":"PropertyValueSpecification","valueRequired":true,"valueName":"search_term_string"}}],"inLanguage":"it-IT"}]}},"_links":{"self":[{"href":"https:\/\/rake-back-poker.de\/it\/wp-json\/wp\/v2\/pages\/47","targetHints":{"allow":["GET"]}}],"collection":[{"href":"https:\/\/rake-back-poker.de\/it\/wp-json\/wp\/v2\/pages"}],"about":[{"href":"https:\/\/rake-back-poker.de\/it\/wp-json\/wp\/v2\/types\/page"}],"author":[{"embeddable":true,"href":"https:\/\/rake-back-poker.de\/it\/wp-json\/wp\/v2\/users\/1"}],"replies":[{"embeddable":true,"href":"https:\/\/rake-back-poker.de\/it\/wp-json\/wp\/v2\/comments?post=47"}],"version-history":[{"count":0,"href":"https:\/\/rake-back-poker.de\/it\/wp-json\/wp\/v2\/pages\/47\/revisions"}],"wp:attachment":[{"href":"https:\/\/rake-back-poker.de\/it\/wp-json\/wp\/v2\/media?parent=47"}],"curies":[{"name":"wp","href":"https:\/\/api.w.org\/{rel}","templated":true}]}}