{"id":602,"date":"2024-09-09T08:36:53","date_gmt":"2024-09-09T07:36:53","guid":{"rendered":"https:\/\/rake-back-poker.de\/pradzia\/"},"modified":"2024-09-09T08:36:53","modified_gmt":"2024-09-09T07:36:53","slug":"pradzia","status":"publish","type":"page","link":"https:\/\/rake-back-poker.de\/lt\/","title":{"rendered":"Prad\u017eia"},"content":{"rendered":"<h2>Pokerio svetain\u0117s su did\u017eiausiu gr\u0105\u017eos mokes\u010diu<\/h2>\n<p>\u017daid\u017eiant internetin\u012f poker\u012f i\u0161 tikr\u0173 pinig\u0173, mokate gr\u0105\u017eos mokest\u012f \u2013 sum\u0105, kuri\u0105 pokerio svetain\u0117 nuima i\u0161 banko u\u017e kiekvien\u0105 padalinim\u0105. Atskirai tai paprastai yra gana ma\u017eos sumos, ta\u010diau jos susisumuoja.<\/p>\n<p>Siekiant suteikti klientams geriausi\u0105 paskat\u0105 \u017eaisti daugiau, dauguma svetaini\u0173 turi vidin\u0119 gr\u0105\u017eos mokes\u010dio program\u0105. Gr\u0105\u017einimas mokes\u010dio mok\u0117jimu tiesiog rei\u0161kia, kad \u017eaid\u0117jas gauna dal\u012f gr\u0105\u017eos mokes\u010dio i\u0161 pokerio svetain\u0117s. Tai paprastai veikia ta\u0161k\u0173 sistemos pavidalu. Priklausomai nuo to, kiek gr\u0105\u017eos \u017eaid\u0117jas sumok\u0117jo, jis gauna \u201elojalumo ta\u0161k\u0173\u201c (kiekvienas pokerio kambarys turi savo pavadinim\u0105 \u0161iems ta\u0161kams), o \u0161iuos lojalumo ta\u0161kus v\u0117liau galima i\u0161keisti \u012f grynuosius pinigus.<\/p>\n<p>Da\u017enai \u017eaid\u0117jas taip pat gali i\u0161keisti \u0161iuos lojalumo ta\u0161kus \u012f turnyr\u0173 bilietus arba prekes i\u0161 parduotuv\u0117s (beisbolo kepuraites, mar\u0161kin\u0117lius ir kt.). Kalbant apie turnyrus: \u010dia taip pat mokamas \u201egr\u0105\u017eos mokestis\u201c \u2013 pavyzd\u017eiui, \u012fpirka paprastai nurodoma kaip 10 USD + 1 USD. Ma\u017eesn\u0117 1 dolerio suma yra \u201enamui\u201c, bet pokerio \u017eargonu ji vadinama ne rake, o \u201esultimis\u201c. Ta\u010diau daugumoje pokerio svetaini\u0173 \u0161ios \u201esultys\u201c taip pat \u012ftraukiamos \u012f rakeback apskai\u010diavim\u0105.<\/p>\n<p>Patarimas: Pokerio svetaini\u0173, kurios ima daugiau nei 10 % \u012fpirkos kaip \u201esultis\u201c, geriausia vengti nuo pat prad\u017ei\u0173!<\/p>\n<h2>Kiek rakeback gausiu?<\/h2>\n<p>Rakeback dydis priklauso nuo \u012fvairi\u0173 veiksni\u0173. Paprastai pokerio svetain\u0117 turi \u201eprogresyvi\u0105\u201c ta\u0161k\u0173 sistem\u0105. \u017daisdami \u012fgyjate auk\u0161tesn\u012f status\u0105 (pvz., bronza \/ sidabras \/ auksas \/ platina) ir, priklausomai nuo j\u016bs\u0173 statuso, gaunate didesn\u012f rakeback procent\u0105. Kitaip tariant, u\u017e kiekvien\u0105 rakeback doler\u012f galite u\u017edirbti daugiau lojalumo ta\u0161k\u0173, jei jau turite auk\u0161tesn\u012f status\u0105.<\/p>\n<h2>Kuo skiriasi i\u0161orinis ir vidinis rakeback?<\/h2>\n<p>Na, buvo laikas, kai \u017eaid\u0117jai registruodavosi pokerio kambaryje per special\u0173 i\u0161orin\u012f rakeback teik\u0117j\u0105. Pokerio kambarys pateik\u0117 rakeback svetainei informacij\u0105 apie \u017eaid\u0117jo sumok\u0117t\u0105 rakeback, o svetain\u0117 tada sumok\u0117jo rakeback \u017eaid\u0117jui. Ta\u010diau \u0161iais laikais dauguma pokerio kambari\u0173 nebesidalija informacija apie sumok\u0117t\u0105 rakeback su tre\u010diosiomis \u0161alimis, o si\u016blo savo vidin\u0119 rakeback program\u0105 \u2013 per lojalumo ta\u0161kus.<\/p>\n<p>Kas yra naujo kliento premija?<\/p>\n<p>Naujo kliento premija taip pat yra rakeback r\u016b\u0161is, ta\u010diau tik ribot\u0105 laik\u0105 ir maksimalia suma. Galite su\u017einoti, kas si\u016blo geriausias premijas, adresu <a href=\"https:\/\/poker-bonuscode.de\">www.poker-bonuscode.de<\/a>. Kita vertus, tikrasis rakeback \u017eaid\u0117jui suteikiamas visam laikui, kol jis \u017eaid\u017eia i\u0161 pinig\u0173.<\/p>\n<p>Taigi, kuri pokerio svetain\u0117 si\u016blo geriausi\u0105 rakeback?<\/p>\n<p>Mes jums i\u0161bandome geriausias pokerio svetaines ir pateikiame i\u0161sami\u0105 informacij\u0105 apie \u012fvairias rakeback programas, ta\u0161k\u0173 sistemas ir kt.<\/p>\n","protected":false},"excerpt":{"rendered":"<p>Pokerio svetain\u0117s su did\u017eiausiu gr\u0105\u017eos mokes\u010diu \u017daid\u017eiant internetin\u012f poker\u012f i\u0161 tikr\u0173 pinig\u0173, mokate gr\u0105\u017eos mokest\u012f \u2013 sum\u0105, kuri\u0105 pokerio svetain\u0117 nuima i\u0161 banko u\u017e kiekvien\u0105 padalinim\u0105. Atskirai tai paprastai yra gana ma\u017eos sumos, ta\u010diau jos susisumuoja. Siekiant suteikti klientams geriausi\u0105 paskat\u0105 \u017eaisti daugiau, dauguma svetaini\u0173 turi vidin\u0119 gr\u0105\u017eos mokes\u010dio program\u0105. Gr\u0105\u017einimas mokes\u010dio mok\u0117jimu tiesiog rei\u0161kia, [&hellip;]<\/p>\n","protected":false},"author":1,"featured_media":0,"parent":0,"menu_order":0,"comment_status":"closed","ping_status":"closed","template":"","meta":{"footnotes":""},"class_list":["post-602","page","type-page","status-publish","hentry","entry"],"yoast_head":"<!-- This site is optimized with the Yoast SEO plugin v25.9 - https:\/\/yoast.com\/wordpress\/plugins\/seo\/ -->\n<title>Pokerio svetain\u0117s su did\u017eiausiais rakeback&#039;ais<\/title>\n<meta name=\"description\" content=\"Ie\u0161kote pokerio rakeback? \u010cia rasite geriausius rakeback pasi\u016blymus internetinio pokerio \u017eaid\u0117jams.\" \/>\n<meta name=\"robots\" content=\"index, follow, max-snippet:-1, max-image-preview:large, max-video-preview:-1\" \/>\n<link rel=\"canonical\" href=\"https:\/\/rake-back-poker.de\/lt\/\" \/>\n<meta property=\"og:locale\" content=\"lt_LT\" \/>\n<meta property=\"og:type\" content=\"article\" \/>\n<meta property=\"og:title\" content=\"Pokerio svetain\u0117s su did\u017eiausiais rakeback&#039;ais\" \/>\n<meta property=\"og:description\" content=\"Ie\u0161kote pokerio rakeback? \u010cia rasite geriausius rakeback pasi\u016blymus internetinio pokerio \u017eaid\u0117jams.\" \/>\n<meta property=\"og:url\" content=\"https:\/\/rake-back-poker.de\/lt\/\" \/>\n<meta property=\"og:site_name\" content=\"Rakeback Poker\" \/>\n<meta name=\"twitter:card\" content=\"summary_large_image\" \/>\n<meta name=\"twitter:label1\" content=\"Est. reading time\" \/>\n\t<meta name=\"twitter:data1\" content=\"2 minut\u0117s\" \/>\n<script type=\"application\/ld+json\" class=\"yoast-schema-graph\">{\"@context\":\"https:\/\/schema.org\",\"@graph\":[{\"@type\":\"WebPage\",\"@id\":\"https:\/\/rake-back-poker.de\/lt\/\",\"url\":\"https:\/\/rake-back-poker.de\/lt\/\",\"name\":\"Pokerio svetain\u0117s su did\u017eiausiais rakeback'ais\",\"isPartOf\":{\"@id\":\"https:\/\/rake-back-poker.de\/lt\/#website\"},\"datePublished\":\"2024-09-09T07:36:53+00:00\",\"description\":\"Ie\u0161kote pokerio rakeback? \u010cia rasite geriausius rakeback pasi\u016blymus internetinio pokerio \u017eaid\u0117jams.\",\"breadcrumb\":{\"@id\":\"https:\/\/rake-back-poker.de\/lt\/#breadcrumb\"},\"inLanguage\":\"lt-LT\",\"potentialAction\":[{\"@type\":\"ReadAction\",\"target\":[\"https:\/\/rake-back-poker.de\/lt\/\"]}]},{\"@type\":\"BreadcrumbList\",\"@id\":\"https:\/\/rake-back-poker.de\/lt\/#breadcrumb\",\"itemListElement\":[{\"@type\":\"ListItem\",\"position\":1,\"name\":\"Home\",\"item\":\"https:\/\/rake-back-poker.de\/lt\/\"},{\"@type\":\"ListItem\",\"position\":2,\"name\":\"Prad\u017eia\"}]},{\"@type\":\"WebSite\",\"@id\":\"https:\/\/rake-back-poker.de\/lt\/#website\",\"url\":\"https:\/\/rake-back-poker.de\/lt\/\",\"name\":\"Rakeback Poker\",\"description\":\"\",\"potentialAction\":[{\"@type\":\"SearchAction\",\"target\":{\"@type\":\"EntryPoint\",\"urlTemplate\":\"https:\/\/rake-back-poker.de\/lt\/?s={search_term_string}\"},\"query-input\":{\"@type\":\"PropertyValueSpecification\",\"valueRequired\":true,\"valueName\":\"search_term_string\"}}],\"inLanguage\":\"lt-LT\"}]}<\/script>\n<!-- \/ Yoast SEO plugin. -->","yoast_head_json":{"title":"Pokerio svetain\u0117s su did\u017eiausiais rakeback'ais","description":"Ie\u0161kote pokerio rakeback? \u010cia rasite geriausius rakeback pasi\u016blymus internetinio pokerio \u017eaid\u0117jams.","robots":{"index":"index","follow":"follow","max-snippet":"max-snippet:-1","max-image-preview":"max-image-preview:large","max-video-preview":"max-video-preview:-1"},"canonical":"https:\/\/rake-back-poker.de\/lt\/","og_locale":"lt_LT","og_type":"article","og_title":"Pokerio svetain\u0117s su did\u017eiausiais rakeback'ais","og_description":"Ie\u0161kote pokerio rakeback? \u010cia rasite geriausius rakeback pasi\u016blymus internetinio pokerio \u017eaid\u0117jams.","og_url":"https:\/\/rake-back-poker.de\/lt\/","og_site_name":"Rakeback Poker","twitter_card":"summary_large_image","twitter_misc":{"Est. reading time":"2 minut\u0117s"},"schema":{"@context":"https:\/\/schema.org","@graph":[{"@type":"WebPage","@id":"https:\/\/rake-back-poker.de\/lt\/","url":"https:\/\/rake-back-poker.de\/lt\/","name":"Pokerio svetain\u0117s su did\u017eiausiais rakeback'ais","isPartOf":{"@id":"https:\/\/rake-back-poker.de\/lt\/#website"},"datePublished":"2024-09-09T07:36:53+00:00","description":"Ie\u0161kote pokerio rakeback? \u010cia rasite geriausius rakeback pasi\u016blymus internetinio pokerio \u017eaid\u0117jams.","breadcrumb":{"@id":"https:\/\/rake-back-poker.de\/lt\/#breadcrumb"},"inLanguage":"lt-LT","potentialAction":[{"@type":"ReadAction","target":["https:\/\/rake-back-poker.de\/lt\/"]}]},{"@type":"BreadcrumbList","@id":"https:\/\/rake-back-poker.de\/lt\/#breadcrumb","itemListElement":[{"@type":"ListItem","position":1,"name":"Home","item":"https:\/\/rake-back-poker.de\/lt\/"},{"@type":"ListItem","position":2,"name":"Prad\u017eia"}]},{"@type":"WebSite","@id":"https:\/\/rake-back-poker.de\/lt\/#website","url":"https:\/\/rake-back-poker.de\/lt\/","name":"Rakeback Poker","description":"","potentialAction":[{"@type":"SearchAction","target":{"@type":"EntryPoint","urlTemplate":"https:\/\/rake-back-poker.de\/lt\/?s={search_term_string}"},"query-input":{"@type":"PropertyValueSpecification","valueRequired":true,"valueName":"search_term_string"}}],"inLanguage":"lt-LT"}]}},"_links":{"self":[{"href":"https:\/\/rake-back-poker.de\/lt\/wp-json\/wp\/v2\/pages\/602","targetHints":{"allow":["GET"]}}],"collection":[{"href":"https:\/\/rake-back-poker.de\/lt\/wp-json\/wp\/v2\/pages"}],"about":[{"href":"https:\/\/rake-back-poker.de\/lt\/wp-json\/wp\/v2\/types\/page"}],"author":[{"embeddable":true,"href":"https:\/\/rake-back-poker.de\/lt\/wp-json\/wp\/v2\/users\/1"}],"replies":[{"embeddable":true,"href":"https:\/\/rake-back-poker.de\/lt\/wp-json\/wp\/v2\/comments?post=602"}],"version-history":[{"count":0,"href":"https:\/\/rake-back-poker.de\/lt\/wp-json\/wp\/v2\/pages\/602\/revisions"}],"wp:attachment":[{"href":"https:\/\/rake-back-poker.de\/lt\/wp-json\/wp\/v2\/media?parent=602"}],"curies":[{"name":"wp","href":"https:\/\/api.w.org\/{rel}","templated":true}]}}