{"id":606,"date":"2024-09-09T08:36:53","date_gmt":"2024-09-09T07:36:53","guid":{"rendered":"https:\/\/rake-back-poker.de\/sakums\/"},"modified":"2024-09-09T08:36:53","modified_gmt":"2024-09-09T07:36:53","slug":"sakums","status":"publish","type":"page","link":"https:\/\/rake-back-poker.de\/lv\/","title":{"rendered":"S\u0101kums"},"content":{"rendered":"<h2>Pokera vietnes ar vislab\u0101ko rakeback<\/h2>\n<p>Sp\u0113l\u0113jot tie\u0161saistes pokeru uz \u012bstu naudu, j\u016bs maks\u0101jat rake \u2014 summu, ko pokera vietne pa\u0146em no pota par katru izsp\u0113li. Atsevi\u0161\u0137i t\u0101s parasti ir sal\u012bdzino\u0161i nelielas summas, ta\u010du t\u0101s summ\u0113jas.<\/p>\n<p>Lai klientiem sniegtu vislab\u0101ko stimulu sp\u0113l\u0113t vair\u0101k, liel\u0101kajai da\u013cai viet\u0146u ir iek\u0161\u0113ja rakeback programma. Rakeback vienk\u0101r\u0161i noz\u012bm\u0113, ka sp\u0113l\u0113t\u0101js sa\u0146em da\u013cu no rakeback no pokera vietnes. Tas parasti darbojas punktu sist\u0113mas veid\u0101. Atkar\u012bb\u0101 no t\u0101, cik lielu rake sp\u0113l\u0113t\u0101js ir samaks\u0101jis, vi\u0146\u0161 sa\u0146em &#8220;lojalit\u0101tes punktus&#8221; (katrai pokera istabai ir savs nosaukums \u0161iem punktiem), un \u0161os lojalit\u0101tes punktus v\u0113l\u0101k var apmain\u012bt pret skaidru naudu.<\/p>\n<p>Bie\u017ei vien sp\u0113l\u0113t\u0101js var ar\u012b apmain\u012bt \u0161os lojalit\u0101tes punktus pret turn\u012bru bi\u013cet\u0113m vai prec\u0113m no veikala (beisbola cepur\u0113m, T-krekliem utt.). Run\u0101jot par turn\u012briem: \u0161eit tiek maks\u0101ts ar\u012b &#8220;rake&#8221; \u2014 piem\u0113ram, dal\u012bbas maksa parasti ir nor\u0101d\u012bta k\u0101 10 USD + 1 USD. Maz\u0101k\u0101 summa 1\u00a0ASV dol\u0101rs ir \u201cm\u0101jai\u201d, ta\u010du pokera \u017eargon\u0101 to nesauc par rake, bet gan par \u201csulu\u201d. Tom\u0113r \u0161\u012b \u201csula\u201d tiek \u0146emta v\u0113r\u0101 ar\u012b rakeback apr\u0113\u0137in\u0101 liel\u0101kaj\u0101 da\u013c\u0101 pokera viet\u0146u.<\/p>\n<p>Padoms: Pokera vietnes, kas iekas\u0113 vair\u0101k nek\u0101 10\u00a0% no dal\u012bbas maksas k\u0101 \u201csulu\u201d, vislab\u0101k ir izvair\u012bties jau no pa\u0161a s\u0101kuma!<\/p>\n<p>Cik lielu rakeback es sa\u0146emu?<\/h2>\n<p>Rakeback apm\u0113rs ir atkar\u012bgs no da\u017e\u0101diem faktoriem. Parasti pokera vietn\u0113 ir \u201cprogres\u012bva\u201d punktu sist\u0113ma. Sp\u0113l\u0113jot, j\u016bs ieg\u016bstat augst\u0101ku statusu (piem\u0113ram, bronza\/sudrabs\/zelts\/plat\u012bns), un atkar\u012bb\u0101 no j\u016bsu statusa j\u016bs sa\u0146emat liel\u0101ku rakeback procentu\u0101lo da\u013cu. Citiem v\u0101rdiem sakot, par katru rake dol\u0101ru var nopeln\u012bt vair\u0101k lojalit\u0101tes punktu, ja jums jau ir augst\u0101ks statuss.<\/p>\n<p>K\u0101da ir at\u0161\u0137ir\u012bba starp \u0101r\u0113jo un iek\u0161\u0113jo rakeback?<\/h2>\n<p>Nu, bija laiks, kad sp\u0113l\u0113t\u0101ji re\u0123istr\u0113j\u0101s pokera istab\u0101, izmantojot \u012bpa\u0161u \u0101r\u0113jo rakeback pakalpojumu sniedz\u0113ju. Pokera istaba sniedza rakeback vietnei inform\u0101ciju par sp\u0113l\u0113t\u0101ja samaks\u0101to rakeback, un vietne p\u0113c tam izmaks\u0101ja rakeback sp\u0113l\u0113t\u0101jam. Tom\u0113r m\u016bsdien\u0101s liel\u0101k\u0101 da\u013ca pokera istabu vairs nedal\u0101s ar inform\u0101ciju par samaks\u0101to rakeback ar tre\u0161aj\u0101m pus\u0113m, bet gan pied\u0101v\u0101 savu iek\u0161\u0113jo rakeback programmu \u2013 izmantojot lojalit\u0101tes punktus.<\/p>\n<p>Jaun\u0101 klienta bonuss ar\u012b ir rakeback veids, bet tikai ierobe\u017eotu laiku un maksim\u0101l\u0101 apm\u0113r\u0101. J\u016bs varat uzzin\u0101t, kas pied\u0101v\u0101 lab\u0101kos bonusus, vietn\u0113 <a href=\"https:\/\/poker-bonuscode.de\">www.poker-bonuscode.de<\/a>. Savuk\u0101rt faktiskais rakeback sp\u0113l\u0113t\u0101jam tiek pie\u0161\u0137irts past\u0101v\u012bgi, kam\u0113r vien vi\u0146\u0161 sp\u0113l\u0113 uz naudu.<\/p>\n<p>T\u0101tad, kura pokera vietne pied\u0101v\u0101 lab\u0101ko rakeback?<\/p>\n<p>M\u0113s p\u0101rbaud\u0101m lab\u0101k\u0101s pokera vietnes j\u016bsu viet\u0101 un sniedzam detaliz\u0113tu inform\u0101ciju par da\u017e\u0101d\u0101m rakeback programm\u0101m, punktu sist\u0113m\u0101m utt.<\/p>\n","protected":false},"excerpt":{"rendered":"<p>Pokera vietnes ar vislab\u0101ko rakeback Sp\u0113l\u0113jot tie\u0161saistes pokeru uz \u012bstu naudu, j\u016bs maks\u0101jat rake \u2014 summu, ko pokera vietne pa\u0146em no pota par katru izsp\u0113li. Atsevi\u0161\u0137i t\u0101s parasti ir sal\u012bdzino\u0161i nelielas summas, ta\u010du t\u0101s summ\u0113jas. Lai klientiem sniegtu vislab\u0101ko stimulu sp\u0113l\u0113t vair\u0101k, liel\u0101kajai da\u013cai viet\u0146u ir iek\u0161\u0113ja rakeback programma. Rakeback vienk\u0101r\u0161i noz\u012bm\u0113, ka sp\u0113l\u0113t\u0101js sa\u0146em [&hellip;]<\/p>\n","protected":false},"author":1,"featured_media":0,"parent":0,"menu_order":0,"comment_status":"closed","ping_status":"closed","template":"","meta":{"footnotes":""},"class_list":["post-606","page","type-page","status-publish","hentry","entry"],"yoast_head":"<!-- This site is optimized with the Yoast SEO plugin v25.9 - https:\/\/yoast.com\/wordpress\/plugins\/seo\/ -->\n<title>Pokera vietnes ar vislab\u0101ko rakeback<\/title>\n<meta name=\"description\" content=\"Mekl\u0113jat pokera rakeback? \u0160eit atrad\u012bsiet lab\u0101kos rakeback pied\u0101v\u0101jumus tie\u0161saistes pokera sp\u0113l\u0113t\u0101jiem.\" \/>\n<meta name=\"robots\" content=\"index, follow, max-snippet:-1, max-image-preview:large, max-video-preview:-1\" \/>\n<link rel=\"canonical\" href=\"https:\/\/rake-back-poker.de\/lv\/\" \/>\n<meta property=\"og:locale\" content=\"lv_LV\" \/>\n<meta property=\"og:type\" content=\"article\" \/>\n<meta property=\"og:title\" content=\"Pokera vietnes ar vislab\u0101ko rakeback\" \/>\n<meta property=\"og:description\" content=\"Mekl\u0113jat pokera rakeback? \u0160eit atrad\u012bsiet lab\u0101kos rakeback pied\u0101v\u0101jumus tie\u0161saistes pokera sp\u0113l\u0113t\u0101jiem.\" \/>\n<meta property=\"og:url\" content=\"https:\/\/rake-back-poker.de\/lv\/\" \/>\n<meta property=\"og:site_name\" content=\"Rakeback Poker\" \/>\n<meta name=\"twitter:card\" content=\"summary_large_image\" \/>\n<meta name=\"twitter:label1\" content=\"Est. reading time\" \/>\n\t<meta name=\"twitter:data1\" content=\"3 minutes\" \/>\n<script type=\"application\/ld+json\" class=\"yoast-schema-graph\">{\"@context\":\"https:\/\/schema.org\",\"@graph\":[{\"@type\":\"WebPage\",\"@id\":\"https:\/\/rake-back-poker.de\/lv\/\",\"url\":\"https:\/\/rake-back-poker.de\/lv\/\",\"name\":\"Pokera vietnes ar vislab\u0101ko rakeback\",\"isPartOf\":{\"@id\":\"https:\/\/rake-back-poker.de\/lv\/#website\"},\"datePublished\":\"2024-09-09T07:36:53+00:00\",\"description\":\"Mekl\u0113jat pokera rakeback? \u0160eit atrad\u012bsiet lab\u0101kos rakeback pied\u0101v\u0101jumus tie\u0161saistes pokera sp\u0113l\u0113t\u0101jiem.\",\"breadcrumb\":{\"@id\":\"https:\/\/rake-back-poker.de\/lv\/#breadcrumb\"},\"inLanguage\":\"lv-LV\",\"potentialAction\":[{\"@type\":\"ReadAction\",\"target\":[\"https:\/\/rake-back-poker.de\/lv\/\"]}]},{\"@type\":\"BreadcrumbList\",\"@id\":\"https:\/\/rake-back-poker.de\/lv\/#breadcrumb\",\"itemListElement\":[{\"@type\":\"ListItem\",\"position\":1,\"name\":\"Home\",\"item\":\"https:\/\/rake-back-poker.de\/lv\/\"},{\"@type\":\"ListItem\",\"position\":2,\"name\":\"S\u0101kums\"}]},{\"@type\":\"WebSite\",\"@id\":\"https:\/\/rake-back-poker.de\/lv\/#website\",\"url\":\"https:\/\/rake-back-poker.de\/lv\/\",\"name\":\"Rakeback Poker\",\"description\":\"\",\"potentialAction\":[{\"@type\":\"SearchAction\",\"target\":{\"@type\":\"EntryPoint\",\"urlTemplate\":\"https:\/\/rake-back-poker.de\/lv\/?s={search_term_string}\"},\"query-input\":{\"@type\":\"PropertyValueSpecification\",\"valueRequired\":true,\"valueName\":\"search_term_string\"}}],\"inLanguage\":\"lv-LV\"}]}<\/script>\n<!-- \/ Yoast SEO plugin. -->","yoast_head_json":{"title":"Pokera vietnes ar vislab\u0101ko rakeback","description":"Mekl\u0113jat pokera rakeback? \u0160eit atrad\u012bsiet lab\u0101kos rakeback pied\u0101v\u0101jumus tie\u0161saistes pokera sp\u0113l\u0113t\u0101jiem.","robots":{"index":"index","follow":"follow","max-snippet":"max-snippet:-1","max-image-preview":"max-image-preview:large","max-video-preview":"max-video-preview:-1"},"canonical":"https:\/\/rake-back-poker.de\/lv\/","og_locale":"lv_LV","og_type":"article","og_title":"Pokera vietnes ar vislab\u0101ko rakeback","og_description":"Mekl\u0113jat pokera rakeback? \u0160eit atrad\u012bsiet lab\u0101kos rakeback pied\u0101v\u0101jumus tie\u0161saistes pokera sp\u0113l\u0113t\u0101jiem.","og_url":"https:\/\/rake-back-poker.de\/lv\/","og_site_name":"Rakeback Poker","twitter_card":"summary_large_image","twitter_misc":{"Est. reading time":"3 minutes"},"schema":{"@context":"https:\/\/schema.org","@graph":[{"@type":"WebPage","@id":"https:\/\/rake-back-poker.de\/lv\/","url":"https:\/\/rake-back-poker.de\/lv\/","name":"Pokera vietnes ar vislab\u0101ko rakeback","isPartOf":{"@id":"https:\/\/rake-back-poker.de\/lv\/#website"},"datePublished":"2024-09-09T07:36:53+00:00","description":"Mekl\u0113jat pokera rakeback? \u0160eit atrad\u012bsiet lab\u0101kos rakeback pied\u0101v\u0101jumus tie\u0161saistes pokera sp\u0113l\u0113t\u0101jiem.","breadcrumb":{"@id":"https:\/\/rake-back-poker.de\/lv\/#breadcrumb"},"inLanguage":"lv-LV","potentialAction":[{"@type":"ReadAction","target":["https:\/\/rake-back-poker.de\/lv\/"]}]},{"@type":"BreadcrumbList","@id":"https:\/\/rake-back-poker.de\/lv\/#breadcrumb","itemListElement":[{"@type":"ListItem","position":1,"name":"Home","item":"https:\/\/rake-back-poker.de\/lv\/"},{"@type":"ListItem","position":2,"name":"S\u0101kums"}]},{"@type":"WebSite","@id":"https:\/\/rake-back-poker.de\/lv\/#website","url":"https:\/\/rake-back-poker.de\/lv\/","name":"Rakeback Poker","description":"","potentialAction":[{"@type":"SearchAction","target":{"@type":"EntryPoint","urlTemplate":"https:\/\/rake-back-poker.de\/lv\/?s={search_term_string}"},"query-input":{"@type":"PropertyValueSpecification","valueRequired":true,"valueName":"search_term_string"}}],"inLanguage":"lv-LV"}]}},"_links":{"self":[{"href":"https:\/\/rake-back-poker.de\/lv\/wp-json\/wp\/v2\/pages\/606","targetHints":{"allow":["GET"]}}],"collection":[{"href":"https:\/\/rake-back-poker.de\/lv\/wp-json\/wp\/v2\/pages"}],"about":[{"href":"https:\/\/rake-back-poker.de\/lv\/wp-json\/wp\/v2\/types\/page"}],"author":[{"embeddable":true,"href":"https:\/\/rake-back-poker.de\/lv\/wp-json\/wp\/v2\/users\/1"}],"replies":[{"embeddable":true,"href":"https:\/\/rake-back-poker.de\/lv\/wp-json\/wp\/v2\/comments?post=606"}],"version-history":[{"count":0,"href":"https:\/\/rake-back-poker.de\/lv\/wp-json\/wp\/v2\/pages\/606\/revisions"}],"wp:attachment":[{"href":"https:\/\/rake-back-poker.de\/lv\/wp-json\/wp\/v2\/media?parent=606"}],"curies":[{"name":"wp","href":"https:\/\/api.w.org\/{rel}","templated":true}]}}