{"id":48,"date":"2024-09-09T08:36:53","date_gmt":"2024-09-09T07:36:53","guid":{"rendered":"https:\/\/rake-back-poker.de\/hjem\/"},"modified":"2024-09-09T08:36:53","modified_gmt":"2024-09-09T07:36:53","slug":"hjem","status":"publish","type":"page","link":"https:\/\/rake-back-poker.de\/no\/","title":{"rendered":"Hjem"},"content":{"rendered":"<h2 data-start=\"0\" data-end=\"47\"><strong data-start=\"0\" data-end=\"45\">Poker-nettsteder med den beste rakebacken<\/strong><\/h2>\n<p class=\"\" data-start=\"49\" data-end=\"237\">N\u00e5r du spiller nettpoker med ekte penger, betaler du en rake \u2013 en prosentandel som pokersiden tar fra hver pott. Disse bel\u00f8pene er vanligvis sm\u00e5, men de kan raskt legge seg opp over tid.<\/p>\n<p class=\"\" data-start=\"239\" data-end=\"645\">For \u00e5 gi spillerne insentiver til \u00e5 spille mer, tilbyr de fleste pokersider et internt rakeback-program. Rakeback betyr at spilleren f\u00e5r tilbake en del av rake-bel\u00f8pet fra pokersiden. Dette fungerer vanligvis gjennom et poengsystem: Jo mer rake spilleren betaler, desto flere &laquo;lojalitetspoeng&raquo; tjener de (hver pokerside har sitt eget navn for disse poengene), og disse kan senere veksles inn i kontanter.<\/p>\n<p class=\"\" data-start=\"647\" data-end=\"1050\">Ofte kan lojalitetspoengene ogs\u00e5 brukes til \u00e5 kj\u00f8pe turneringsbilletter eller varer i butikken (caps, T-skjorter osv.). N\u00e5r det gjelder turneringer, betales det ogs\u00e5 rake \u2013 for eksempel kan en buy-in oppgis som $10+$1. Det mindre bel\u00f8pet p\u00e5 $1 g\u00e5r til &laquo;huset&raquo;, men i pokersjargong kalles dette &laquo;juice&raquo; i stedet for rake. De fleste pokersider inkluderer imidlertid ogs\u00e5 &laquo;juice&raquo; i sitt rakeback-program.<\/p>\n<p class=\"\" data-start=\"1052\" data-end=\"1124\"><strong data-start=\"1052\" data-end=\"1061\">Tips:<\/strong> Unng\u00e5 pokersider som tar mer enn 10 % av buy-in som &laquo;juice&raquo;!<\/p>\n<h3 class=\"\" data-start=\"1126\" data-end=\"1161\">Hvor mye rakeback kan jeg f\u00e5?<\/h3>\n<p class=\"\" data-start=\"1162\" data-end=\"1529\">Mengden rakeback du kan f\u00e5 avhenger av flere faktorer. Vanligvis har pokersidene et progressivt poengsystem. N\u00e5r du spiller mer, oppn\u00e5r du en h\u00f8yere status (f.eks. Bronse\/S\u00f8lv\/Gull\/Platinum), og avhengig av din status, mottar du en h\u00f8yere prosentandel i rakeback. Med andre ord, jo h\u00f8yere status du har, desto flere lojalitetspoeng tjener du per betalt rake-dollar.<\/p>\n<h3 class=\"\" data-start=\"1531\" data-end=\"1590\">Hva er forskjellen mellom ekstern og intern rakeback?<\/h3>\n<p class=\"\" data-start=\"1591\" data-end=\"1949\">Tidligere registrerte spillere seg hos pokersider via en ekstern rakeback-leverand\u00f8r. Pokersiden ga informasjon om hvor mye rake spilleren hadde betalt, og leverand\u00f8ren utbetalte deretter rakeback. I dag deler de fleste pokersider ikke lenger denne informasjonen med tredjeparter, men tilbyr i stedet sitt eget interne rakeback-program via lojalitetspoeng.<\/p>\n<h3 class=\"\" data-start=\"1951\" data-end=\"1981\">Hva med velkomstbonusen?<\/h3>\n<p class=\"\" data-start=\"1982\" data-end=\"2265\">Velkomstbonusen er ogs\u00e5 en form for rakeback, men den er begrenset i tid og mengde. Du kan finne ut hvilke sider som tilbyr de beste bonusene p\u00e5 <a href=\"http:\/\/www.poker-bonuscode.de\" target=\"_new\" rel=\"noopener\" data-start=\"2127\" data-end=\"2149\">www.poker-bonuscode.de<\/a>. Den faktiske rakebacken er imidlertid en permanent fordel som spilleren f\u00e5r s\u00e5 lenge de spiller for ekte penger.<\/p>\n<h3 class=\"\" data-start=\"2267\" data-end=\"2319\">Hvilken pokerside tilbyr den beste rakebacken?<\/h3>\n<p class=\"\" data-start=\"2320\" data-end=\"2455\">Vi tester de beste pokersidene for deg og gir deg detaljert informasjon om forskjellige rakeback-programmer, poengsystemer og fordeler.<\/p>\n","protected":false},"excerpt":{"rendered":"<p>Poker-nettsteder med den beste rakebacken N\u00e5r du spiller nettpoker med ekte penger, betaler du en rake \u2013 en prosentandel som pokersiden tar fra hver pott. Disse bel\u00f8pene er vanligvis sm\u00e5, men de kan raskt legge seg opp over tid. For \u00e5 gi spillerne insentiver til \u00e5 spille mer, tilbyr de fleste pokersider et internt rakeback-program. [&hellip;]<\/p>\n","protected":false},"author":1,"featured_media":0,"parent":0,"menu_order":0,"comment_status":"closed","ping_status":"closed","template":"","meta":{"footnotes":""},"class_list":["post-48","page","type-page","status-publish","hentry","entry"],"yoast_head":"<!-- This site is optimized with the Yoast SEO plugin v25.9 - https:\/\/yoast.com\/wordpress\/plugins\/seo\/ -->\n<title>Pokersider med best rakeback<\/title>\n<meta name=\"description\" content=\"Leter du etter poker rakeback? Her finner du de beste rakeback-tilbudene for online pokerspillere\" \/>\n<meta name=\"robots\" content=\"index, follow, max-snippet:-1, max-image-preview:large, max-video-preview:-1\" \/>\n<link rel=\"canonical\" href=\"https:\/\/rake-back-poker.de\/no\/\" \/>\n<meta property=\"og:locale\" content=\"nb_NO\" \/>\n<meta property=\"og:type\" content=\"article\" \/>\n<meta property=\"og:title\" content=\"Pokersider med best rakeback\" \/>\n<meta property=\"og:description\" content=\"Leter du etter poker rakeback? Her finner du de beste rakeback-tilbudene for online pokerspillere\" \/>\n<meta property=\"og:url\" content=\"https:\/\/rake-back-poker.de\/no\/\" \/>\n<meta property=\"og:site_name\" content=\"Rakeback Poker\" \/>\n<meta name=\"twitter:card\" content=\"summary_large_image\" \/>\n<meta name=\"twitter:label1\" content=\"Ansl. lesetid\" \/>\n\t<meta name=\"twitter:data1\" content=\"2 minutter\" \/>\n<script type=\"application\/ld+json\" class=\"yoast-schema-graph\">{\"@context\":\"https:\/\/schema.org\",\"@graph\":[{\"@type\":\"WebPage\",\"@id\":\"https:\/\/rake-back-poker.de\/no\/\",\"url\":\"https:\/\/rake-back-poker.de\/no\/\",\"name\":\"Pokersider med best rakeback\",\"isPartOf\":{\"@id\":\"https:\/\/rake-back-poker.de\/no\/#website\"},\"datePublished\":\"2024-09-09T07:36:53+00:00\",\"description\":\"Leter du etter poker rakeback? Her finner du de beste rakeback-tilbudene for online pokerspillere\",\"breadcrumb\":{\"@id\":\"https:\/\/rake-back-poker.de\/no\/#breadcrumb\"},\"inLanguage\":\"nb-NO\",\"potentialAction\":[{\"@type\":\"ReadAction\",\"target\":[\"https:\/\/rake-back-poker.de\/no\/\"]}]},{\"@type\":\"BreadcrumbList\",\"@id\":\"https:\/\/rake-back-poker.de\/no\/#breadcrumb\",\"itemListElement\":[{\"@type\":\"ListItem\",\"position\":1,\"name\":\"Home\",\"item\":\"https:\/\/rake-back-poker.de\/no\/\"},{\"@type\":\"ListItem\",\"position\":2,\"name\":\"Hjem\"}]},{\"@type\":\"WebSite\",\"@id\":\"https:\/\/rake-back-poker.de\/no\/#website\",\"url\":\"https:\/\/rake-back-poker.de\/no\/\",\"name\":\"Rakeback Poker\",\"description\":\"\",\"potentialAction\":[{\"@type\":\"SearchAction\",\"target\":{\"@type\":\"EntryPoint\",\"urlTemplate\":\"https:\/\/rake-back-poker.de\/no\/?s={search_term_string}\"},\"query-input\":{\"@type\":\"PropertyValueSpecification\",\"valueRequired\":true,\"valueName\":\"search_term_string\"}}],\"inLanguage\":\"nb-NO\"}]}<\/script>\n<!-- \/ Yoast SEO plugin. -->","yoast_head_json":{"title":"Pokersider med best rakeback","description":"Leter du etter poker rakeback? Her finner du de beste rakeback-tilbudene for online pokerspillere","robots":{"index":"index","follow":"follow","max-snippet":"max-snippet:-1","max-image-preview":"max-image-preview:large","max-video-preview":"max-video-preview:-1"},"canonical":"https:\/\/rake-back-poker.de\/no\/","og_locale":"nb_NO","og_type":"article","og_title":"Pokersider med best rakeback","og_description":"Leter du etter poker rakeback? Her finner du de beste rakeback-tilbudene for online pokerspillere","og_url":"https:\/\/rake-back-poker.de\/no\/","og_site_name":"Rakeback Poker","twitter_card":"summary_large_image","twitter_misc":{"Ansl. lesetid":"2 minutter"},"schema":{"@context":"https:\/\/schema.org","@graph":[{"@type":"WebPage","@id":"https:\/\/rake-back-poker.de\/no\/","url":"https:\/\/rake-back-poker.de\/no\/","name":"Pokersider med best rakeback","isPartOf":{"@id":"https:\/\/rake-back-poker.de\/no\/#website"},"datePublished":"2024-09-09T07:36:53+00:00","description":"Leter du etter poker rakeback? Her finner du de beste rakeback-tilbudene for online pokerspillere","breadcrumb":{"@id":"https:\/\/rake-back-poker.de\/no\/#breadcrumb"},"inLanguage":"nb-NO","potentialAction":[{"@type":"ReadAction","target":["https:\/\/rake-back-poker.de\/no\/"]}]},{"@type":"BreadcrumbList","@id":"https:\/\/rake-back-poker.de\/no\/#breadcrumb","itemListElement":[{"@type":"ListItem","position":1,"name":"Home","item":"https:\/\/rake-back-poker.de\/no\/"},{"@type":"ListItem","position":2,"name":"Hjem"}]},{"@type":"WebSite","@id":"https:\/\/rake-back-poker.de\/no\/#website","url":"https:\/\/rake-back-poker.de\/no\/","name":"Rakeback Poker","description":"","potentialAction":[{"@type":"SearchAction","target":{"@type":"EntryPoint","urlTemplate":"https:\/\/rake-back-poker.de\/no\/?s={search_term_string}"},"query-input":{"@type":"PropertyValueSpecification","valueRequired":true,"valueName":"search_term_string"}}],"inLanguage":"nb-NO"}]}},"_links":{"self":[{"href":"https:\/\/rake-back-poker.de\/no\/wp-json\/wp\/v2\/pages\/48","targetHints":{"allow":["GET"]}}],"collection":[{"href":"https:\/\/rake-back-poker.de\/no\/wp-json\/wp\/v2\/pages"}],"about":[{"href":"https:\/\/rake-back-poker.de\/no\/wp-json\/wp\/v2\/types\/page"}],"author":[{"embeddable":true,"href":"https:\/\/rake-back-poker.de\/no\/wp-json\/wp\/v2\/users\/1"}],"replies":[{"embeddable":true,"href":"https:\/\/rake-back-poker.de\/no\/wp-json\/wp\/v2\/comments?post=48"}],"version-history":[{"count":0,"href":"https:\/\/rake-back-poker.de\/no\/wp-json\/wp\/v2\/pages\/48\/revisions"}],"wp:attachment":[{"href":"https:\/\/rake-back-poker.de\/no\/wp-json\/wp\/v2\/media?parent=48"}],"curies":[{"name":"wp","href":"https:\/\/api.w.org\/{rel}","templated":true}]}}