{"id":49,"date":"2024-09-09T08:36:53","date_gmt":"2024-09-09T07:36:53","guid":{"rendered":"https:\/\/rake-back-poker.de\/dom\/"},"modified":"2024-09-09T08:36:53","modified_gmt":"2024-09-09T07:36:53","slug":"dom","status":"publish","type":"page","link":"https:\/\/rake-back-poker.de\/pl\/","title":{"rendered":"Dom"},"content":{"rendered":"<h2 data-start=\"0\" data-end=\"46\"><strong data-start=\"0\" data-end=\"44\">Strony pokerowe z najlepszym rakebackiem<\/strong><\/h2>\n<p class=\"\" data-start=\"48\" data-end=\"249\">Gdy grasz w pokera online na prawdziwe pieni\u0105dze, p\u0142acisz rake \u2013 jest to kwota pobierana przez stron\u0119 pokerow\u0105 z ka\u017cdej puli. Z pozoru s\u0105 to niewielkie sumy, ale z czasem mog\u0105 si\u0119 znacznie kumulowa\u0107.<\/p>\n<p class=\"\" data-start=\"251\" data-end=\"630\">Aby zach\u0119ci\u0107 graczy do cz\u0119stszej gry, wi\u0119kszo\u015b\u0107 stron oferuje wewn\u0119trzny program rakeback. Oznacza to, \u017ce gracz otrzymuje zwrot cz\u0119\u015bci zap\u0142aconego rake\u2019u. Najcz\u0119\u015bciej dzia\u0142a to poprzez system punktowy \u2013 im wi\u0119cej rake\u2019u zap\u0142acisz, tym wi\u0119cej \u201epunkt\u00f3w lojalno\u015bciowych\u201d zdob\u0119dziesz (ka\u017cda strona pokerowa ma w\u0142asn\u0105 nazw\u0119 dla tych punkt\u00f3w). Nast\u0119pnie mo\u017cna je wymieni\u0107 na got\u00f3wk\u0119.<\/p>\n<p class=\"\" data-start=\"632\" data-end=\"1028\">Cz\u0119sto punkty lojalno\u015bciowe mo\u017cna r\u00f3wnie\u017c wymieni\u0107 na bilety turniejowe lub gad\u017cety ze sklepu (czapki, koszulki itp.). Warto r\u00f3wnie\u017c pami\u0119ta\u0107, \u017ce w turniejach tak\u017ce obowi\u0105zuje rake \u2013 np. wpisowe mo\u017ce wynosi\u0107 $10+$1, gdzie $1 to prowizja pobierana przez stron\u0119 pokerow\u0105. W pokerowej terminologii nazywa si\u0119 to \u201ejuice\u201d. Na wi\u0119kszo\u015bci stron kwota ta r\u00f3wnie\u017c jest uwzgl\u0119dniana w programie rakeback.<\/p>\n<p class=\"\" data-start=\"1030\" data-end=\"1123\"><strong data-start=\"1030\" data-end=\"1041\">Porada:<\/strong> Unikaj stron pokerowych, kt\u00f3re pobieraj\u0105 wi\u0119cej ni\u017c 10% wpisowego jako \u201ejuice\u201d!<\/p>\n<h3 class=\"\" data-start=\"1125\" data-end=\"1158\">Ile rakeback mog\u0119 otrzyma\u0107?<\/h3>\n<p class=\"\" data-start=\"1159\" data-end=\"1517\">Wysoko\u015b\u0107 rakebacku zale\u017cy od kilku czynnik\u00f3w. Zazwyczaj strony pokerowe stosuj\u0105 progresywny system punktowy. Im wi\u0119cej grasz, tym wy\u017cszy status osi\u0105gasz (np. Br\u0105zowy\/Srebrny\/Z\u0142oty\/Platynowy), a wy\u017cszy status oznacza wi\u0119kszy procent zwrotu rake\u2019u. Innymi s\u0142owy, im wy\u017cszy poziom, tym wi\u0119cej punkt\u00f3w lojalno\u015bciowych zdobywasz za ka\u017cdy zap\u0142acony dolar rake\u2019u.<\/p>\n<h3 class=\"\" data-start=\"1519\" data-end=\"1588\">Jaka jest r\u00f3\u017cnica mi\u0119dzy zewn\u0119trznym a wewn\u0119trznym rakebackiem?<\/h3>\n<p class=\"\" data-start=\"1589\" data-end=\"1957\">Kiedy\u015b gracze rejestrowali si\u0119 na stronach pokerowych za po\u015brednictwem zewn\u0119trznych dostawc\u00f3w rakebacku. Strona pokerowa przekazywa\u0142a im informacje o zap\u0142aconym rake\u2019u, a dostawca wyp\u0142aca\u0142 graczowi rakeback. Obecnie wi\u0119kszo\u015b\u0107 stron nie udost\u0119pnia ju\u017c tych danych firmom zewn\u0119trznym, lecz oferuje w\u0142asne wewn\u0119trzne programy rakeback w postaci punkt\u00f3w lojalno\u015bciowych.<\/p>\n<h3 class=\"\" data-start=\"1959\" data-end=\"1991\">Czym jest bonus powitalny?<\/h3>\n<p class=\"\" data-start=\"1992\" data-end=\"2269\">Bonus powitalny to r\u00f3wnie\u017c forma rakebacku, ale jest ograniczony czasowo i kwotowo. Informacje o najlepszych bonusach znajdziesz na stronie <a href=\"http:\/\/www.poker-bonuscode.de\" target=\"_new\" rel=\"noopener\" data-start=\"2132\" data-end=\"2154\">www.poker-bonuscode.de<\/a>. Natomiast rzeczywisty rakeback to sta\u0142y zwrot, kt\u00f3ry gracz otrzymuje tak d\u0142ugo, jak gra na prawdziwe pieni\u0105dze.<\/p>\n<h3 class=\"\" data-start=\"2271\" data-end=\"2326\">Kt\u00f3ra strona pokerowa oferuje najlepszy rakeback?<\/h3>\n<p class=\"\" data-start=\"2327\" data-end=\"2492\">Testujemy dla Ciebie najlepsze strony pokerowe i dostarczamy szczeg\u00f3\u0142owych informacji na temat r\u00f3\u017cnych program\u00f3w rakeback, system\u00f3w punktowych i dost\u0119pnych korzy\u015bci.<\/p>\n","protected":false},"excerpt":{"rendered":"<p>Strony pokerowe z najlepszym rakebackiem Gdy grasz w pokera online na prawdziwe pieni\u0105dze, p\u0142acisz rake \u2013 jest to kwota pobierana przez stron\u0119 pokerow\u0105 z ka\u017cdej puli. Z pozoru s\u0105 to niewielkie sumy, ale z czasem mog\u0105 si\u0119 znacznie kumulowa\u0107. Aby zach\u0119ci\u0107 graczy do cz\u0119stszej gry, wi\u0119kszo\u015b\u0107 stron oferuje wewn\u0119trzny program rakeback. Oznacza to, \u017ce gracz [&hellip;]<\/p>\n","protected":false},"author":1,"featured_media":0,"parent":0,"menu_order":0,"comment_status":"closed","ping_status":"closed","template":"","meta":{"footnotes":""},"class_list":["post-49","page","type-page","status-publish","hentry","entry"],"yoast_head":"<!-- This site is optimized with the Yoast SEO plugin v25.9 - https:\/\/yoast.com\/wordpress\/plugins\/seo\/ -->\n<title>Strony pokerowe z najlepszym rakebackiem<\/title>\n<meta name=\"description\" content=\"Szukasz pokerowego rakebacku? Tutaj znajdziesz najlepsze oferty rakebacku dla graczy w pokera online\" \/>\n<meta name=\"robots\" content=\"index, follow, max-snippet:-1, max-image-preview:large, max-video-preview:-1\" \/>\n<link rel=\"canonical\" href=\"https:\/\/rake-back-poker.de\/pl\/\" \/>\n<meta property=\"og:locale\" content=\"pl_PL\" \/>\n<meta property=\"og:type\" content=\"article\" \/>\n<meta property=\"og:title\" content=\"Strony pokerowe z najlepszym rakebackiem\" \/>\n<meta property=\"og:description\" content=\"Szukasz pokerowego rakebacku? Tutaj znajdziesz najlepsze oferty rakebacku dla graczy w pokera online\" \/>\n<meta property=\"og:url\" content=\"https:\/\/rake-back-poker.de\/pl\/\" \/>\n<meta property=\"og:site_name\" content=\"Rakeback Poker\" \/>\n<meta name=\"twitter:card\" content=\"summary_large_image\" \/>\n<meta name=\"twitter:label1\" content=\"Szacowany czas czytania\" \/>\n\t<meta name=\"twitter:data1\" content=\"2 minuty\" \/>\n<script type=\"application\/ld+json\" class=\"yoast-schema-graph\">{\"@context\":\"https:\/\/schema.org\",\"@graph\":[{\"@type\":\"WebPage\",\"@id\":\"https:\/\/rake-back-poker.de\/pl\/\",\"url\":\"https:\/\/rake-back-poker.de\/pl\/\",\"name\":\"Strony pokerowe z najlepszym rakebackiem\",\"isPartOf\":{\"@id\":\"https:\/\/rake-back-poker.de\/pl\/#website\"},\"datePublished\":\"2024-09-09T07:36:53+00:00\",\"description\":\"Szukasz pokerowego rakebacku? Tutaj znajdziesz najlepsze oferty rakebacku dla graczy w pokera online\",\"breadcrumb\":{\"@id\":\"https:\/\/rake-back-poker.de\/pl\/#breadcrumb\"},\"inLanguage\":\"pl-PL\",\"potentialAction\":[{\"@type\":\"ReadAction\",\"target\":[\"https:\/\/rake-back-poker.de\/pl\/\"]}]},{\"@type\":\"BreadcrumbList\",\"@id\":\"https:\/\/rake-back-poker.de\/pl\/#breadcrumb\",\"itemListElement\":[{\"@type\":\"ListItem\",\"position\":1,\"name\":\"Home\",\"item\":\"https:\/\/rake-back-poker.de\/pl\/\"},{\"@type\":\"ListItem\",\"position\":2,\"name\":\"Dom\"}]},{\"@type\":\"WebSite\",\"@id\":\"https:\/\/rake-back-poker.de\/pl\/#website\",\"url\":\"https:\/\/rake-back-poker.de\/pl\/\",\"name\":\"Rakeback Poker\",\"description\":\"\",\"potentialAction\":[{\"@type\":\"SearchAction\",\"target\":{\"@type\":\"EntryPoint\",\"urlTemplate\":\"https:\/\/rake-back-poker.de\/pl\/?s={search_term_string}\"},\"query-input\":{\"@type\":\"PropertyValueSpecification\",\"valueRequired\":true,\"valueName\":\"search_term_string\"}}],\"inLanguage\":\"pl-PL\"}]}<\/script>\n<!-- \/ Yoast SEO plugin. -->","yoast_head_json":{"title":"Strony pokerowe z najlepszym rakebackiem","description":"Szukasz pokerowego rakebacku? Tutaj znajdziesz najlepsze oferty rakebacku dla graczy w pokera online","robots":{"index":"index","follow":"follow","max-snippet":"max-snippet:-1","max-image-preview":"max-image-preview:large","max-video-preview":"max-video-preview:-1"},"canonical":"https:\/\/rake-back-poker.de\/pl\/","og_locale":"pl_PL","og_type":"article","og_title":"Strony pokerowe z najlepszym rakebackiem","og_description":"Szukasz pokerowego rakebacku? Tutaj znajdziesz najlepsze oferty rakebacku dla graczy w pokera online","og_url":"https:\/\/rake-back-poker.de\/pl\/","og_site_name":"Rakeback Poker","twitter_card":"summary_large_image","twitter_misc":{"Szacowany czas czytania":"2 minuty"},"schema":{"@context":"https:\/\/schema.org","@graph":[{"@type":"WebPage","@id":"https:\/\/rake-back-poker.de\/pl\/","url":"https:\/\/rake-back-poker.de\/pl\/","name":"Strony pokerowe z najlepszym rakebackiem","isPartOf":{"@id":"https:\/\/rake-back-poker.de\/pl\/#website"},"datePublished":"2024-09-09T07:36:53+00:00","description":"Szukasz pokerowego rakebacku? Tutaj znajdziesz najlepsze oferty rakebacku dla graczy w pokera online","breadcrumb":{"@id":"https:\/\/rake-back-poker.de\/pl\/#breadcrumb"},"inLanguage":"pl-PL","potentialAction":[{"@type":"ReadAction","target":["https:\/\/rake-back-poker.de\/pl\/"]}]},{"@type":"BreadcrumbList","@id":"https:\/\/rake-back-poker.de\/pl\/#breadcrumb","itemListElement":[{"@type":"ListItem","position":1,"name":"Home","item":"https:\/\/rake-back-poker.de\/pl\/"},{"@type":"ListItem","position":2,"name":"Dom"}]},{"@type":"WebSite","@id":"https:\/\/rake-back-poker.de\/pl\/#website","url":"https:\/\/rake-back-poker.de\/pl\/","name":"Rakeback Poker","description":"","potentialAction":[{"@type":"SearchAction","target":{"@type":"EntryPoint","urlTemplate":"https:\/\/rake-back-poker.de\/pl\/?s={search_term_string}"},"query-input":{"@type":"PropertyValueSpecification","valueRequired":true,"valueName":"search_term_string"}}],"inLanguage":"pl-PL"}]}},"_links":{"self":[{"href":"https:\/\/rake-back-poker.de\/pl\/wp-json\/wp\/v2\/pages\/49","targetHints":{"allow":["GET"]}}],"collection":[{"href":"https:\/\/rake-back-poker.de\/pl\/wp-json\/wp\/v2\/pages"}],"about":[{"href":"https:\/\/rake-back-poker.de\/pl\/wp-json\/wp\/v2\/types\/page"}],"author":[{"embeddable":true,"href":"https:\/\/rake-back-poker.de\/pl\/wp-json\/wp\/v2\/users\/1"}],"replies":[{"embeddable":true,"href":"https:\/\/rake-back-poker.de\/pl\/wp-json\/wp\/v2\/comments?post=49"}],"version-history":[{"count":0,"href":"https:\/\/rake-back-poker.de\/pl\/wp-json\/wp\/v2\/pages\/49\/revisions"}],"wp:attachment":[{"href":"https:\/\/rake-back-poker.de\/pl\/wp-json\/wp\/v2\/media?parent=49"}],"curies":[{"name":"wp","href":"https:\/\/api.w.org\/{rel}","templated":true}]}}