{"id":50,"date":"2024-09-09T08:36:53","date_gmt":"2024-09-09T07:36:53","guid":{"rendered":"https:\/\/rake-back-poker.de\/casa\/"},"modified":"2024-09-09T08:36:53","modified_gmt":"2024-09-09T07:36:53","slug":"casa","status":"publish","type":"page","link":"https:\/\/rake-back-poker.de\/pt-pt\/","title":{"rendered":"Casa"},"content":{"rendered":"<h2 data-start=\"0\" data-end=\"42\"><strong data-start=\"0\" data-end=\"40\">Sites de Poker com o Melhor Rakeback<\/strong><\/h2>\n<p class=\"\" data-start=\"44\" data-end=\"261\">Quando jogas poker online com dinheiro real, pagas um rake \u2013 o valor que o site de poker retira de cada pote. Embora sejam pequenas quantias isoladamente, elas podem acumular-se significativamente ao longo do tempo.<\/p>\n<p class=\"\" data-start=\"263\" data-end=\"690\">Para incentivar os jogadores a jogarem mais, a maioria dos sites oferece um programa interno de rakeback. O rakeback significa que o jogador recebe de volta uma parte do rake pago ao site de poker. Normalmente, isso funciona atrav\u00e9s de um sistema de pontos \u2013 quanto mais rake pagares, mais &#8220;pontos de fidelidade&#8221; ganhas (cada site tem o seu pr\u00f3prio nome para esses pontos). Esses pontos podem ent\u00e3o ser trocados por dinheiro.<\/p>\n<p class=\"\" data-start=\"692\" data-end=\"1144\">Frequentemente, tamb\u00e9m \u00e9 poss\u00edvel trocar os pontos de fidelidade por bilhetes de torneio ou produtos da loja (bon\u00e9s, camisetas, etc.). A prop\u00f3sito, os torneios tamb\u00e9m incluem um rake \u2013 por exemplo, o buy-in pode ser indicado como $10+$1, onde $1 \u00e9 a taxa cobrada pelo site de poker. No jarg\u00e3o do poker, esse valor n\u00e3o \u00e9 chamado de rake, mas sim de &#8220;juice&#8221;. No entanto, na maioria dos sites, esse &#8220;juice&#8221; tamb\u00e9m \u00e9 considerado para efeitos de rakeback.<\/p>\n<p class=\"\" data-start=\"1146\" data-end=\"1225\"><strong data-start=\"1146\" data-end=\"1155\">Dica:<\/strong> Evita sites de poker que cobrem mais de 10% do buy-in como &#8220;juice&#8221;!<\/p>\n<h3 class=\"\" data-start=\"1227\" data-end=\"1263\">Quanto rakeback posso receber?<\/h3>\n<p class=\"\" data-start=\"1264\" data-end=\"1646\">A percentagem de rakeback depende de v\u00e1rios fatores. Normalmente, os sites de poker utilizam um sistema de pontos progressivo. Quanto mais jogas, mais alto \u00e9 o teu status (por exemplo, Bronze\/Prata\/Ouro\/Platina), e quanto maior o status, maior o percentual de rakeback. Em outras palavras, jogadores de n\u00edvel mais alto ganham mais pontos de fidelidade por cada d\u00f3lar pago em rake.<\/p>\n<h3 class=\"\" data-start=\"1648\" data-end=\"1706\">Qual \u00e9 a diferen\u00e7a entre rakeback externo e interno?<\/h3>\n<p class=\"\" data-start=\"1707\" data-end=\"2140\">Antigamente, os jogadores registravam-se em sites de poker atrav\u00e9s de fornecedores externos de rakeback. O site de poker fornecia informa\u00e7\u00f5es sobre o rake pago, e o fornecedor de rakeback pagava a parte correspondente ao jogador. Hoje em dia, a maioria dos sites j\u00e1 n\u00e3o compartilha essas informa\u00e7\u00f5es com terceiros e, em vez disso, oferece os seus pr\u00f3prios programas internos de rakeback atrav\u00e9s de sistemas de pontos de fidelidade.<\/p>\n<h3 class=\"\" data-start=\"2142\" data-end=\"2179\">O que \u00e9 o b\u00f3nus de boas-vindas?<\/h3>\n<p class=\"\" data-start=\"2180\" data-end=\"2470\">O b\u00f3nus de boas-vindas tamb\u00e9m \u00e9 uma forma de rakeback, mas com um limite de tempo e valor m\u00e1ximo. Podes encontrar os melhores b\u00f3nus em <a href=\"http:\/\/www.poker-bonuscode.de\" target=\"_new\" rel=\"noopener\" data-start=\"2315\" data-end=\"2337\">www.poker-bonuscode.de<\/a>. No entanto, o verdadeiro rakeback \u00e9 um benef\u00edcio cont\u00ednuo, concedido ao jogador enquanto ele continuar a jogar com dinheiro real.<\/p>\n<h3 class=\"\" data-start=\"2472\" data-end=\"2531\">Qual \u00e9 o site de poker que oferece o melhor rakeback?<\/h3>\n<p class=\"\" data-start=\"2532\" data-end=\"2691\">Testamos os melhores sites de poker e fornecemos informa\u00e7\u00f5es detalhadas sobre os diferentes programas de rakeback, sistemas de pontos e benef\u00edcios dispon\u00edveis.<\/p>\n","protected":false},"excerpt":{"rendered":"<p>Sites de Poker com o Melhor Rakeback Quando jogas poker online com dinheiro real, pagas um rake \u2013 o valor que o site de poker retira de cada pote. Embora sejam pequenas quantias isoladamente, elas podem acumular-se significativamente ao longo do tempo. Para incentivar os jogadores a jogarem mais, a maioria dos sites oferece um [&hellip;]<\/p>\n","protected":false},"author":1,"featured_media":0,"parent":0,"menu_order":0,"comment_status":"closed","ping_status":"closed","template":"","meta":{"footnotes":""},"class_list":["post-50","page","type-page","status-publish","hentry","entry"],"yoast_head":"<!-- This site is optimized with the Yoast SEO plugin v25.9 - https:\/\/yoast.com\/wordpress\/plugins\/seo\/ -->\n<title>Sites de poker com o melhor rakeback<\/title>\n<meta name=\"description\" content=\"Procura rakeback de p\u00f3quer? Aqui encontrar\u00e1 as melhores ofertas de rakeback para jogadores de p\u00f3quer online\" \/>\n<meta name=\"robots\" content=\"index, follow, max-snippet:-1, max-image-preview:large, max-video-preview:-1\" \/>\n<link rel=\"canonical\" href=\"https:\/\/rake-back-poker.de\/pt-pt\/\" \/>\n<meta property=\"og:locale\" content=\"pt_PT\" \/>\n<meta property=\"og:type\" content=\"article\" \/>\n<meta property=\"og:title\" content=\"Sites de poker com o melhor rakeback\" \/>\n<meta property=\"og:description\" content=\"Procura rakeback de p\u00f3quer? Aqui encontrar\u00e1 as melhores ofertas de rakeback para jogadores de p\u00f3quer online\" \/>\n<meta property=\"og:url\" content=\"https:\/\/rake-back-poker.de\/pt-pt\/\" \/>\n<meta property=\"og:site_name\" content=\"Rakeback Poker\" \/>\n<meta name=\"twitter:card\" content=\"summary_large_image\" \/>\n<meta name=\"twitter:label1\" content=\"Tempo estimado de leitura\" \/>\n\t<meta name=\"twitter:data1\" content=\"2 minutos\" \/>\n<script type=\"application\/ld+json\" class=\"yoast-schema-graph\">{\"@context\":\"https:\/\/schema.org\",\"@graph\":[{\"@type\":\"WebPage\",\"@id\":\"https:\/\/rake-back-poker.de\/pt-pt\/\",\"url\":\"https:\/\/rake-back-poker.de\/pt-pt\/\",\"name\":\"Sites de poker com o melhor rakeback\",\"isPartOf\":{\"@id\":\"https:\/\/rake-back-poker.de\/pt-pt\/#website\"},\"datePublished\":\"2024-09-09T07:36:53+00:00\",\"description\":\"Procura rakeback de p\u00f3quer? Aqui encontrar\u00e1 as melhores ofertas de rakeback para jogadores de p\u00f3quer online\",\"breadcrumb\":{\"@id\":\"https:\/\/rake-back-poker.de\/pt-pt\/#breadcrumb\"},\"inLanguage\":\"pt-PT\",\"potentialAction\":[{\"@type\":\"ReadAction\",\"target\":[\"https:\/\/rake-back-poker.de\/pt-pt\/\"]}]},{\"@type\":\"BreadcrumbList\",\"@id\":\"https:\/\/rake-back-poker.de\/pt-pt\/#breadcrumb\",\"itemListElement\":[{\"@type\":\"ListItem\",\"position\":1,\"name\":\"Home\",\"item\":\"https:\/\/rake-back-poker.de\/pt-pt\/\"},{\"@type\":\"ListItem\",\"position\":2,\"name\":\"Casa\"}]},{\"@type\":\"WebSite\",\"@id\":\"https:\/\/rake-back-poker.de\/pt-pt\/#website\",\"url\":\"https:\/\/rake-back-poker.de\/pt-pt\/\",\"name\":\"Rakeback Poker\",\"description\":\"\",\"potentialAction\":[{\"@type\":\"SearchAction\",\"target\":{\"@type\":\"EntryPoint\",\"urlTemplate\":\"https:\/\/rake-back-poker.de\/pt-pt\/?s={search_term_string}\"},\"query-input\":{\"@type\":\"PropertyValueSpecification\",\"valueRequired\":true,\"valueName\":\"search_term_string\"}}],\"inLanguage\":\"pt-PT\"}]}<\/script>\n<!-- \/ Yoast SEO plugin. -->","yoast_head_json":{"title":"Sites de poker com o melhor rakeback","description":"Procura rakeback de p\u00f3quer? Aqui encontrar\u00e1 as melhores ofertas de rakeback para jogadores de p\u00f3quer online","robots":{"index":"index","follow":"follow","max-snippet":"max-snippet:-1","max-image-preview":"max-image-preview:large","max-video-preview":"max-video-preview:-1"},"canonical":"https:\/\/rake-back-poker.de\/pt-pt\/","og_locale":"pt_PT","og_type":"article","og_title":"Sites de poker com o melhor rakeback","og_description":"Procura rakeback de p\u00f3quer? Aqui encontrar\u00e1 as melhores ofertas de rakeback para jogadores de p\u00f3quer online","og_url":"https:\/\/rake-back-poker.de\/pt-pt\/","og_site_name":"Rakeback Poker","twitter_card":"summary_large_image","twitter_misc":{"Tempo estimado de leitura":"2 minutos"},"schema":{"@context":"https:\/\/schema.org","@graph":[{"@type":"WebPage","@id":"https:\/\/rake-back-poker.de\/pt-pt\/","url":"https:\/\/rake-back-poker.de\/pt-pt\/","name":"Sites de poker com o melhor rakeback","isPartOf":{"@id":"https:\/\/rake-back-poker.de\/pt-pt\/#website"},"datePublished":"2024-09-09T07:36:53+00:00","description":"Procura rakeback de p\u00f3quer? Aqui encontrar\u00e1 as melhores ofertas de rakeback para jogadores de p\u00f3quer online","breadcrumb":{"@id":"https:\/\/rake-back-poker.de\/pt-pt\/#breadcrumb"},"inLanguage":"pt-PT","potentialAction":[{"@type":"ReadAction","target":["https:\/\/rake-back-poker.de\/pt-pt\/"]}]},{"@type":"BreadcrumbList","@id":"https:\/\/rake-back-poker.de\/pt-pt\/#breadcrumb","itemListElement":[{"@type":"ListItem","position":1,"name":"Home","item":"https:\/\/rake-back-poker.de\/pt-pt\/"},{"@type":"ListItem","position":2,"name":"Casa"}]},{"@type":"WebSite","@id":"https:\/\/rake-back-poker.de\/pt-pt\/#website","url":"https:\/\/rake-back-poker.de\/pt-pt\/","name":"Rakeback Poker","description":"","potentialAction":[{"@type":"SearchAction","target":{"@type":"EntryPoint","urlTemplate":"https:\/\/rake-back-poker.de\/pt-pt\/?s={search_term_string}"},"query-input":{"@type":"PropertyValueSpecification","valueRequired":true,"valueName":"search_term_string"}}],"inLanguage":"pt-PT"}]}},"_links":{"self":[{"href":"https:\/\/rake-back-poker.de\/pt-pt\/wp-json\/wp\/v2\/pages\/50","targetHints":{"allow":["GET"]}}],"collection":[{"href":"https:\/\/rake-back-poker.de\/pt-pt\/wp-json\/wp\/v2\/pages"}],"about":[{"href":"https:\/\/rake-back-poker.de\/pt-pt\/wp-json\/wp\/v2\/types\/page"}],"author":[{"embeddable":true,"href":"https:\/\/rake-back-poker.de\/pt-pt\/wp-json\/wp\/v2\/users\/1"}],"replies":[{"embeddable":true,"href":"https:\/\/rake-back-poker.de\/pt-pt\/wp-json\/wp\/v2\/comments?post=50"}],"version-history":[{"count":0,"href":"https:\/\/rake-back-poker.de\/pt-pt\/wp-json\/wp\/v2\/pages\/50\/revisions"}],"wp:attachment":[{"href":"https:\/\/rake-back-poker.de\/pt-pt\/wp-json\/wp\/v2\/media?parent=50"}],"curies":[{"name":"wp","href":"https:\/\/api.w.org\/{rel}","templated":true}]}}