{"id":51,"date":"2024-09-09T08:36:53","date_gmt":"2024-09-09T07:36:53","guid":{"rendered":"https:\/\/rake-back-poker.de\/acasa\/"},"modified":"2024-09-09T08:36:53","modified_gmt":"2024-09-09T07:36:53","slug":"acasa","status":"publish","type":"page","link":"https:\/\/rake-back-poker.de\/ro\/","title":{"rendered":"Acas\u0103"},"content":{"rendered":"<h2 data-start=\"0\" data-end=\"47\"><strong data-start=\"0\" data-end=\"45\">Site-uri de Poker cu cel Mai Bun Rakeback<\/strong><\/h2>\n<p class=\"\" data-start=\"49\" data-end=\"258\">Atunci c\u00e2nd joci poker online pe bani reali, pl\u0103te\u0219ti un rake \u2013 suma pe care site-ul de poker o re\u021bine din fiecare pot. De\u0219i aceste sume sunt relativ mici individual, ele se pot acumula semnificativ \u00een timp.<\/p>\n<p class=\"\" data-start=\"260\" data-end=\"714\">Pentru a \u00eencuraja juc\u0103torii s\u0103 joace mai mult, majoritatea site-urilor ofer\u0103 un program intern de rakeback. Rakeback \u00eenseamn\u0103 c\u0103 juc\u0103torul prime\u0219te \u00eenapoi o parte din rake-ul pl\u0103tit c\u0103tre site-ul de poker. Acest lucru func\u021bioneaz\u0103 de obicei printr-un sistem de puncte \u2013 cu c\u00e2t pl\u0103te\u0219ti mai mult rake, cu at\u00e2t c\u00e2\u0219tigi mai multe \u201epuncte de fidelitate\u201d (fiecare site are propria denumire pentru aceste puncte). Aceste puncte pot fi apoi schimbate \u00een bani.<\/p>\n<p class=\"\" data-start=\"716\" data-end=\"1184\">Adesea, juc\u0103torii pot folosi aceste puncte \u0219i pentru a achizi\u021biona bilete la turnee sau produse din magazin (\u0219epci, tricouri etc.). Apropo de turnee, \u0219i acestea includ un \u201erake\u201d \u2013 de exemplu, buy-in-ul poate fi afi\u0219at ca $10+$1, unde suma mai mic\u0103 de $1 reprezint\u0103 taxa re\u021binut\u0103 de site-ul de poker. \u00cen jargonul pokerului, aceasta nu este denumit\u0103 rake, ci \u201ejuice\u201d. Totu\u0219i, pe majoritatea site-urilor de poker, acest \u201ejuice\u201d este luat \u00een considerare pentru rakeback.<\/p>\n<p class=\"\" data-start=\"1186\" data-end=\"1274\"><strong data-start=\"1186\" data-end=\"1195\">Sfat:<\/strong> Evit\u0103 site-urile de poker care percep mai mult de 10% din buy-in ca \u201ejuice\u201d!<\/p>\n<h3 class=\"\" data-start=\"1276\" data-end=\"1305\">C\u00e2t rakeback pot primi?<\/h3>\n<p class=\"\" data-start=\"1306\" data-end=\"1733\">Procentul de rakeback depinde de mai mul\u021bi factori. De obicei, site-urile de poker utilizeaz\u0103 un sistem de puncte progresiv. Cu c\u00e2t joci mai mult, cu at\u00e2t avansezi \u00eentr-un statut mai ridicat (de exemplu, Bronz\/Argint\/Aur\/Platin\u0103), iar acest statut determin\u0103 un procentaj mai mare de rakeback. Cu alte cuvinte, cu c\u00e2t ai un statut mai \u00eenalt, cu at\u00e2t prime\u0219ti mai multe puncte de fidelitate pentru fiecare dolar pl\u0103tit ca rake.<\/p>\n<h3 class=\"\" data-start=\"1735\" data-end=\"1801\">Care este diferen\u021ba dintre rakeback-ul extern \u0219i cel intern?<\/h3>\n<p class=\"\" data-start=\"1802\" data-end=\"2202\">\u00cen trecut, juc\u0103torii se \u00eenregistrau pe site-urile de poker prin intermediul unor furnizori externi de rakeback. Site-ul de poker furniza informa\u021bii despre rake-ul pl\u0103tit, iar furnizorul de rakeback rambursa o parte juc\u0103torului. Ast\u0103zi, majoritatea site-urilor nu mai ofer\u0103 aceste informa\u021bii c\u0103tre ter\u021bi, ci implementeaz\u0103 propriile programe interne de rakeback, prin sisteme de puncte de fidelitate.<\/p>\n<h3 class=\"\" data-start=\"2204\" data-end=\"2246\">Ce este bonusul pentru juc\u0103tori noi?<\/h3>\n<p class=\"\" data-start=\"2247\" data-end=\"2533\">Bonusul de bun venit este \u0219i el o form\u0103 de rakeback, dar este limitat \u00een timp \u0219i valoare maxim\u0103. Po\u021bi g\u0103si cele mai bune bonusuri pe <a href=\"http:\/\/www.poker-bonuscode.de\" target=\"_new\" rel=\"noopener\" data-start=\"2380\" data-end=\"2402\">www.poker-bonuscode.de<\/a>. Cu toate acestea, rakeback-ul real este un beneficiu permanent, acordat juc\u0103torilor at\u00e2ta timp c\u00e2t ace\u0219tia joac\u0103 pe bani reali.<\/p>\n<h3 class=\"\" data-start=\"2535\" data-end=\"2585\">Ce site de poker ofer\u0103 cel mai bun rakeback?<\/h3>\n<p class=\"\" data-start=\"2586\" data-end=\"2742\">Test\u0103m cele mai bune site-uri de poker \u0219i oferim informa\u021bii detaliate despre diferitele programe de rakeback, sistemele de puncte \u0219i avantajele disponibile.<\/p>\n","protected":false},"excerpt":{"rendered":"<p>Site-uri de Poker cu cel Mai Bun Rakeback Atunci c\u00e2nd joci poker online pe bani reali, pl\u0103te\u0219ti un rake \u2013 suma pe care site-ul de poker o re\u021bine din fiecare pot. De\u0219i aceste sume sunt relativ mici individual, ele se pot acumula semnificativ \u00een timp. Pentru a \u00eencuraja juc\u0103torii s\u0103 joace mai mult, majoritatea site-urilor [&hellip;]<\/p>\n","protected":false},"author":1,"featured_media":0,"parent":0,"menu_order":0,"comment_status":"closed","ping_status":"closed","template":"","meta":{"footnotes":""},"class_list":["post-51","page","type-page","status-publish","hentry","entry"],"yoast_head":"<!-- This site is optimized with the Yoast SEO plugin v25.9 - https:\/\/yoast.com\/wordpress\/plugins\/seo\/ -->\n<title>Site-uri de poker cu cel mai bun rakeback<\/title>\n<meta name=\"description\" content=\"Cau\u021bi rakeback de poker? Aici vei g\u0103si cele mai bune oferte de rakeback pentru juc\u0103torii de poker online\" \/>\n<meta name=\"robots\" content=\"index, follow, max-snippet:-1, max-image-preview:large, max-video-preview:-1\" \/>\n<link rel=\"canonical\" href=\"https:\/\/rake-back-poker.de\/ro\/\" \/>\n<meta property=\"og:locale\" content=\"ro_RO\" \/>\n<meta property=\"og:type\" content=\"article\" \/>\n<meta property=\"og:title\" content=\"Site-uri de poker cu cel mai bun rakeback\" \/>\n<meta property=\"og:description\" content=\"Cau\u021bi rakeback de poker? Aici vei g\u0103si cele mai bune oferte de rakeback pentru juc\u0103torii de poker online\" \/>\n<meta property=\"og:url\" content=\"https:\/\/rake-back-poker.de\/ro\/\" \/>\n<meta property=\"og:site_name\" content=\"Rakeback Poker\" \/>\n<meta name=\"twitter:card\" content=\"summary_large_image\" \/>\n<meta name=\"twitter:label1\" content=\"Timp estimat pentru citire\" \/>\n\t<meta name=\"twitter:data1\" content=\"2 minute\" \/>\n<script type=\"application\/ld+json\" class=\"yoast-schema-graph\">{\"@context\":\"https:\/\/schema.org\",\"@graph\":[{\"@type\":\"WebPage\",\"@id\":\"https:\/\/rake-back-poker.de\/ro\/\",\"url\":\"https:\/\/rake-back-poker.de\/ro\/\",\"name\":\"Site-uri de poker cu cel mai bun rakeback\",\"isPartOf\":{\"@id\":\"https:\/\/rake-back-poker.de\/ro\/#website\"},\"datePublished\":\"2024-09-09T07:36:53+00:00\",\"description\":\"Cau\u021bi rakeback de poker? Aici vei g\u0103si cele mai bune oferte de rakeback pentru juc\u0103torii de poker online\",\"breadcrumb\":{\"@id\":\"https:\/\/rake-back-poker.de\/ro\/#breadcrumb\"},\"inLanguage\":\"ro-RO\",\"potentialAction\":[{\"@type\":\"ReadAction\",\"target\":[\"https:\/\/rake-back-poker.de\/ro\/\"]}]},{\"@type\":\"BreadcrumbList\",\"@id\":\"https:\/\/rake-back-poker.de\/ro\/#breadcrumb\",\"itemListElement\":[{\"@type\":\"ListItem\",\"position\":1,\"name\":\"Home\",\"item\":\"https:\/\/rake-back-poker.de\/ro\/\"},{\"@type\":\"ListItem\",\"position\":2,\"name\":\"Acas\u0103\"}]},{\"@type\":\"WebSite\",\"@id\":\"https:\/\/rake-back-poker.de\/ro\/#website\",\"url\":\"https:\/\/rake-back-poker.de\/ro\/\",\"name\":\"Rakeback Poker\",\"description\":\"\",\"potentialAction\":[{\"@type\":\"SearchAction\",\"target\":{\"@type\":\"EntryPoint\",\"urlTemplate\":\"https:\/\/rake-back-poker.de\/ro\/?s={search_term_string}\"},\"query-input\":{\"@type\":\"PropertyValueSpecification\",\"valueRequired\":true,\"valueName\":\"search_term_string\"}}],\"inLanguage\":\"ro-RO\"}]}<\/script>\n<!-- \/ Yoast SEO plugin. -->","yoast_head_json":{"title":"Site-uri de poker cu cel mai bun rakeback","description":"Cau\u021bi rakeback de poker? Aici vei g\u0103si cele mai bune oferte de rakeback pentru juc\u0103torii de poker online","robots":{"index":"index","follow":"follow","max-snippet":"max-snippet:-1","max-image-preview":"max-image-preview:large","max-video-preview":"max-video-preview:-1"},"canonical":"https:\/\/rake-back-poker.de\/ro\/","og_locale":"ro_RO","og_type":"article","og_title":"Site-uri de poker cu cel mai bun rakeback","og_description":"Cau\u021bi rakeback de poker? Aici vei g\u0103si cele mai bune oferte de rakeback pentru juc\u0103torii de poker online","og_url":"https:\/\/rake-back-poker.de\/ro\/","og_site_name":"Rakeback Poker","twitter_card":"summary_large_image","twitter_misc":{"Timp estimat pentru citire":"2 minute"},"schema":{"@context":"https:\/\/schema.org","@graph":[{"@type":"WebPage","@id":"https:\/\/rake-back-poker.de\/ro\/","url":"https:\/\/rake-back-poker.de\/ro\/","name":"Site-uri de poker cu cel mai bun rakeback","isPartOf":{"@id":"https:\/\/rake-back-poker.de\/ro\/#website"},"datePublished":"2024-09-09T07:36:53+00:00","description":"Cau\u021bi rakeback de poker? Aici vei g\u0103si cele mai bune oferte de rakeback pentru juc\u0103torii de poker online","breadcrumb":{"@id":"https:\/\/rake-back-poker.de\/ro\/#breadcrumb"},"inLanguage":"ro-RO","potentialAction":[{"@type":"ReadAction","target":["https:\/\/rake-back-poker.de\/ro\/"]}]},{"@type":"BreadcrumbList","@id":"https:\/\/rake-back-poker.de\/ro\/#breadcrumb","itemListElement":[{"@type":"ListItem","position":1,"name":"Home","item":"https:\/\/rake-back-poker.de\/ro\/"},{"@type":"ListItem","position":2,"name":"Acas\u0103"}]},{"@type":"WebSite","@id":"https:\/\/rake-back-poker.de\/ro\/#website","url":"https:\/\/rake-back-poker.de\/ro\/","name":"Rakeback Poker","description":"","potentialAction":[{"@type":"SearchAction","target":{"@type":"EntryPoint","urlTemplate":"https:\/\/rake-back-poker.de\/ro\/?s={search_term_string}"},"query-input":{"@type":"PropertyValueSpecification","valueRequired":true,"valueName":"search_term_string"}}],"inLanguage":"ro-RO"}]}},"_links":{"self":[{"href":"https:\/\/rake-back-poker.de\/ro\/wp-json\/wp\/v2\/pages\/51","targetHints":{"allow":["GET"]}}],"collection":[{"href":"https:\/\/rake-back-poker.de\/ro\/wp-json\/wp\/v2\/pages"}],"about":[{"href":"https:\/\/rake-back-poker.de\/ro\/wp-json\/wp\/v2\/types\/page"}],"author":[{"embeddable":true,"href":"https:\/\/rake-back-poker.de\/ro\/wp-json\/wp\/v2\/users\/1"}],"replies":[{"embeddable":true,"href":"https:\/\/rake-back-poker.de\/ro\/wp-json\/wp\/v2\/comments?post=51"}],"version-history":[{"count":0,"href":"https:\/\/rake-back-poker.de\/ro\/wp-json\/wp\/v2\/pages\/51\/revisions"}],"wp:attachment":[{"href":"https:\/\/rake-back-poker.de\/ro\/wp-json\/wp\/v2\/media?parent=51"}],"curies":[{"name":"wp","href":"https:\/\/api.w.org\/{rel}","templated":true}]}}