{"id":598,"date":"2024-09-09T08:36:53","date_gmt":"2024-09-09T07:36:53","guid":{"rendered":"https:\/\/rake-back-poker.de\/domov\/"},"modified":"2024-09-09T08:36:53","modified_gmt":"2024-09-09T07:36:53","slug":"domov","status":"publish","type":"page","link":"https:\/\/rake-back-poker.de\/sk\/","title":{"rendered":"Domov"},"content":{"rendered":"<h2>Pokerov\u00e9 str\u00e1nky s najlep\u0161\u00edm rakebackom<\/h2>\n<p>Ke\u010f hr\u00e1te online poker o skuto\u010dn\u00e9 peniaze, plat\u00edte rake \u2013 sumu, ktor\u00fa si pokrov\u00e1 str\u00e1nka vezme z banku za ka\u017ed\u00fa ruku. Jednotlivo s\u00fa to zvy\u010dajne relat\u00edvne mal\u00e9 sumy, ale s\u010d\u00edtaj\u00fa sa.<\/p>\n<p>Aby boli z\u00e1kazn\u00edci \u010do najlep\u0161ie motivovan\u00ed hra\u0165 viac, v\u00e4\u010d\u0161ina str\u00e1nok m\u00e1 intern\u00fd program rakebacku. Rakeback jednoducho znamen\u00e1, \u017ee hr\u00e1\u010d dostane \u010das\u0165 rakebacku z pokrovej str\u00e1nky. Zvy\u010dajne to funguje vo forme bodov\u00e9ho syst\u00e9mu. V z\u00e1vislosti od toho, ko\u013eko rakeu hr\u00e1\u010d zaplatil, dostane \u201evernostn\u00e9 body\u201c (ka\u017ed\u00e1 pokrov\u00e1 her\u0148a m\u00e1 pre tieto body svoj vlastn\u00fd n\u00e1zov) a tieto vernostn\u00e9 body je nesk\u00f4r mo\u017en\u00e9 vymeni\u0165 za hotovos\u0165.<\/p>\n<p>Hr\u00e1\u010d si tieto vernostn\u00e9 body \u010dasto m\u00f4\u017ee vymeni\u0165 aj za l\u00edstky na turnaje alebo tovar z obchodu (baseballov\u00e9 \u010diapky, tri\u010dk\u00e1 at\u010f.). Ke\u010f u\u017e hovor\u00edme o turnajoch: Plat\u00ed sa tu aj \u201erake\u201c \u2013 napr\u00edklad buy-in je zvy\u010dajne uveden\u00fd ako 10 $ + 1 $. Men\u0161ia suma 1 dol\u00e1r je \u201epre kas\u00edno\u201c, ale v pokrovom \u017earg\u00f3ne sa to nenaz\u00fdva rake, ale \u201ejuice\u201c. T\u00e1to \u201ejuice\u201c sa v\u0161ak na v\u00e4\u010d\u0161ine pokrov\u00fdch str\u00e1nok berie do \u00favahy aj pri rakebacku.<\/p>\n<p>Tip: Pokrov\u00fdm str\u00e1nkam, ktor\u00e9 si \u00fa\u010dtuj\u00fa viac ako 10 % z buy-inu ako \u201ejuice\u201c, je najlep\u0161ie sa od za\u010diatku vyhn\u00fa\u0165!<\/p>\n<h2>Ko\u013eko rakebacku dostanem?<\/h2>\n<p>V\u00fd\u0161ka rakebacku z\u00e1vis\u00ed od r\u00f4znych faktorov. Pokrov\u00e1 str\u00e1nka m\u00e1 zvy\u010dajne \u201eprogres\u00edvny\u201c bodov\u00fd syst\u00e9m. Ako hr\u00e1te, z\u00edskavate vy\u0161\u0161\u00ed status (napr. Bronz\/Striebro\/Zlato\/Platina) a v z\u00e1vislosti od v\u00e1\u0161ho statusu dost\u00e1vate vy\u0161\u0161ie percento rakebacku. In\u00fdmi slovami, za ka\u017ed\u00fd dol\u00e1r rakeu m\u00f4\u017eete z\u00edska\u0165 viac vernostn\u00fdch bodov, ak u\u017e m\u00e1te vy\u0161\u0161\u00ed status.<\/p>\n<h2>Ak\u00fd je rozdiel medzi extern\u00fdm a intern\u00fdm rakebackom?<\/h2>\n<p>No, bolo obdobie, ke\u010f sa hr\u00e1\u010di registrovali v pokrovej herni prostredn\u00edctvom \u0161peci\u00e1lneho extern\u00e9ho poskytovate\u013ea rakebacku. Pokerov\u00e1 her\u0148a poskytla str\u00e1nke s rakebackom inform\u00e1cie o rake, ktor\u00fd hr\u00e1\u010d zaplatil, a str\u00e1nka n\u00e1sledne hr\u00e1\u010dovi rakeback vyplatila. V s\u00fa\u010dasnosti v\u0161ak v\u00e4\u010d\u0161ina pokrov\u00fdch hern\u00ed u\u017e nezdie\u013ea inform\u00e1cie o zaplatenom rake s tret\u00edmi stranami, ale namiesto toho pon\u00faka vlastn\u00fd intern\u00fd program rakebacku \u2013 prostredn\u00edctvom vernostn\u00fdch bodov.<\/p>\n<h2>O \u010do ide pri bonuse pre nov\u00fdch z\u00e1kazn\u00edkov?<\/h2>\n<p>Bonus pre nov\u00fdch z\u00e1kazn\u00edkov je tie\u017e typom rakebacku, ale iba na obmedzen\u00fd \u010das a v maxim\u00e1lnej v\u00fd\u0161ke. Kto pon\u00faka najlep\u0161ie bonusy, n\u00e1jdete na <a href=\"https:\/\/poker-bonuscode.de\">www.poker-bonuscode.de<\/a>. Samotn\u00fd rakeback je naopak hr\u00e1\u010dovi udelen\u00fd natrvalo, pokia\u013e hr\u00e1 o peniaze.<\/p>\n<h2>Ktor\u00e1 pokrov\u00e1 str\u00e1nka teda pon\u00faka najlep\u0161\u00ed rakeback?<\/h2>\n<p>Testujeme pre v\u00e1s najlep\u0161ie pokrov\u00e9 str\u00e1nky a poskytujeme podrobn\u00e9 inform\u00e1cie o r\u00f4znych programoch rakebacku, bodov\u00fdch syst\u00e9moch at\u010f.<\/p>\n","protected":false},"excerpt":{"rendered":"<p>Pokerov\u00e9 str\u00e1nky s najlep\u0161\u00edm rakebackom Ke\u010f hr\u00e1te online poker o skuto\u010dn\u00e9 peniaze, plat\u00edte rake \u2013 sumu, ktor\u00fa si pokrov\u00e1 str\u00e1nka vezme z banku za ka\u017ed\u00fa ruku. Jednotlivo s\u00fa to zvy\u010dajne relat\u00edvne mal\u00e9 sumy, ale s\u010d\u00edtaj\u00fa sa. Aby boli z\u00e1kazn\u00edci \u010do najlep\u0161ie motivovan\u00ed hra\u0165 viac, v\u00e4\u010d\u0161ina str\u00e1nok m\u00e1 intern\u00fd program rakebacku. Rakeback jednoducho znamen\u00e1, \u017ee hr\u00e1\u010d [&hellip;]<\/p>\n","protected":false},"author":1,"featured_media":0,"parent":0,"menu_order":0,"comment_status":"closed","ping_status":"closed","template":"","meta":{"footnotes":""},"class_list":["post-598","page","type-page","status-publish","hentry","entry"],"yoast_head":"<!-- This site is optimized with the Yoast SEO plugin v25.9 - https:\/\/yoast.com\/wordpress\/plugins\/seo\/ -->\n<title>Pokerov\u00e9 str\u00e1nky s najlep\u0161\u00edm rakebackom<\/title>\n<meta name=\"description\" content=\"H\u013ead\u00e1te pokerov\u00fd rakeback? Tu n\u00e1jdete najlep\u0161ie ponuky rakebacku pre online pokrov\u00fdch hr\u00e1\u010dov\" \/>\n<meta name=\"robots\" content=\"index, follow, max-snippet:-1, max-image-preview:large, max-video-preview:-1\" \/>\n<link rel=\"canonical\" href=\"https:\/\/rake-back-poker.de\/sk\/\" \/>\n<meta property=\"og:locale\" content=\"sk_SK\" \/>\n<meta property=\"og:type\" content=\"article\" \/>\n<meta property=\"og:title\" content=\"Pokerov\u00e9 str\u00e1nky s najlep\u0161\u00edm rakebackom\" \/>\n<meta property=\"og:description\" content=\"H\u013ead\u00e1te pokerov\u00fd rakeback? Tu n\u00e1jdete najlep\u0161ie ponuky rakebacku pre online pokrov\u00fdch hr\u00e1\u010dov\" \/>\n<meta property=\"og:url\" content=\"https:\/\/rake-back-poker.de\/sk\/\" \/>\n<meta property=\"og:site_name\" content=\"Rakeback Poker\" \/>\n<meta name=\"twitter:card\" content=\"summary_large_image\" \/>\n<meta name=\"twitter:label1\" content=\"Predpokladan\u00fd \u010das \u010d\u00edtania\" \/>\n\t<meta name=\"twitter:data1\" content=\"2 min\u00faty\" \/>\n<script type=\"application\/ld+json\" class=\"yoast-schema-graph\">{\"@context\":\"https:\/\/schema.org\",\"@graph\":[{\"@type\":\"WebPage\",\"@id\":\"https:\/\/rake-back-poker.de\/sk\/\",\"url\":\"https:\/\/rake-back-poker.de\/sk\/\",\"name\":\"Pokerov\u00e9 str\u00e1nky s najlep\u0161\u00edm rakebackom\",\"isPartOf\":{\"@id\":\"https:\/\/rake-back-poker.de\/sk\/#website\"},\"datePublished\":\"2024-09-09T07:36:53+00:00\",\"description\":\"H\u013ead\u00e1te pokerov\u00fd rakeback? Tu n\u00e1jdete najlep\u0161ie ponuky rakebacku pre online pokrov\u00fdch hr\u00e1\u010dov\",\"breadcrumb\":{\"@id\":\"https:\/\/rake-back-poker.de\/sk\/#breadcrumb\"},\"inLanguage\":\"sk-SK\",\"potentialAction\":[{\"@type\":\"ReadAction\",\"target\":[\"https:\/\/rake-back-poker.de\/sk\/\"]}]},{\"@type\":\"BreadcrumbList\",\"@id\":\"https:\/\/rake-back-poker.de\/sk\/#breadcrumb\",\"itemListElement\":[{\"@type\":\"ListItem\",\"position\":1,\"name\":\"Home\",\"item\":\"https:\/\/rake-back-poker.de\/sk\/\"},{\"@type\":\"ListItem\",\"position\":2,\"name\":\"Domov\"}]},{\"@type\":\"WebSite\",\"@id\":\"https:\/\/rake-back-poker.de\/sk\/#website\",\"url\":\"https:\/\/rake-back-poker.de\/sk\/\",\"name\":\"Rakeback Poker\",\"description\":\"\",\"potentialAction\":[{\"@type\":\"SearchAction\",\"target\":{\"@type\":\"EntryPoint\",\"urlTemplate\":\"https:\/\/rake-back-poker.de\/sk\/?s={search_term_string}\"},\"query-input\":{\"@type\":\"PropertyValueSpecification\",\"valueRequired\":true,\"valueName\":\"search_term_string\"}}],\"inLanguage\":\"sk-SK\"}]}<\/script>\n<!-- \/ Yoast SEO plugin. -->","yoast_head_json":{"title":"Pokerov\u00e9 str\u00e1nky s najlep\u0161\u00edm rakebackom","description":"H\u013ead\u00e1te pokerov\u00fd rakeback? Tu n\u00e1jdete najlep\u0161ie ponuky rakebacku pre online pokrov\u00fdch hr\u00e1\u010dov","robots":{"index":"index","follow":"follow","max-snippet":"max-snippet:-1","max-image-preview":"max-image-preview:large","max-video-preview":"max-video-preview:-1"},"canonical":"https:\/\/rake-back-poker.de\/sk\/","og_locale":"sk_SK","og_type":"article","og_title":"Pokerov\u00e9 str\u00e1nky s najlep\u0161\u00edm rakebackom","og_description":"H\u013ead\u00e1te pokerov\u00fd rakeback? Tu n\u00e1jdete najlep\u0161ie ponuky rakebacku pre online pokrov\u00fdch hr\u00e1\u010dov","og_url":"https:\/\/rake-back-poker.de\/sk\/","og_site_name":"Rakeback Poker","twitter_card":"summary_large_image","twitter_misc":{"Predpokladan\u00fd \u010das \u010d\u00edtania":"2 min\u00faty"},"schema":{"@context":"https:\/\/schema.org","@graph":[{"@type":"WebPage","@id":"https:\/\/rake-back-poker.de\/sk\/","url":"https:\/\/rake-back-poker.de\/sk\/","name":"Pokerov\u00e9 str\u00e1nky s najlep\u0161\u00edm rakebackom","isPartOf":{"@id":"https:\/\/rake-back-poker.de\/sk\/#website"},"datePublished":"2024-09-09T07:36:53+00:00","description":"H\u013ead\u00e1te pokerov\u00fd rakeback? Tu n\u00e1jdete najlep\u0161ie ponuky rakebacku pre online pokrov\u00fdch hr\u00e1\u010dov","breadcrumb":{"@id":"https:\/\/rake-back-poker.de\/sk\/#breadcrumb"},"inLanguage":"sk-SK","potentialAction":[{"@type":"ReadAction","target":["https:\/\/rake-back-poker.de\/sk\/"]}]},{"@type":"BreadcrumbList","@id":"https:\/\/rake-back-poker.de\/sk\/#breadcrumb","itemListElement":[{"@type":"ListItem","position":1,"name":"Home","item":"https:\/\/rake-back-poker.de\/sk\/"},{"@type":"ListItem","position":2,"name":"Domov"}]},{"@type":"WebSite","@id":"https:\/\/rake-back-poker.de\/sk\/#website","url":"https:\/\/rake-back-poker.de\/sk\/","name":"Rakeback Poker","description":"","potentialAction":[{"@type":"SearchAction","target":{"@type":"EntryPoint","urlTemplate":"https:\/\/rake-back-poker.de\/sk\/?s={search_term_string}"},"query-input":{"@type":"PropertyValueSpecification","valueRequired":true,"valueName":"search_term_string"}}],"inLanguage":"sk-SK"}]}},"_links":{"self":[{"href":"https:\/\/rake-back-poker.de\/sk\/wp-json\/wp\/v2\/pages\/598","targetHints":{"allow":["GET"]}}],"collection":[{"href":"https:\/\/rake-back-poker.de\/sk\/wp-json\/wp\/v2\/pages"}],"about":[{"href":"https:\/\/rake-back-poker.de\/sk\/wp-json\/wp\/v2\/types\/page"}],"author":[{"embeddable":true,"href":"https:\/\/rake-back-poker.de\/sk\/wp-json\/wp\/v2\/users\/1"}],"replies":[{"embeddable":true,"href":"https:\/\/rake-back-poker.de\/sk\/wp-json\/wp\/v2\/comments?post=598"}],"version-history":[{"count":0,"href":"https:\/\/rake-back-poker.de\/sk\/wp-json\/wp\/v2\/pages\/598\/revisions"}],"wp:attachment":[{"href":"https:\/\/rake-back-poker.de\/sk\/wp-json\/wp\/v2\/media?parent=598"}],"curies":[{"name":"wp","href":"https:\/\/api.w.org\/{rel}","templated":true}]}}