{"id":596,"date":"2024-09-09T08:36:53","date_gmt":"2024-09-09T07:36:53","guid":{"rendered":"https:\/\/rake-back-poker.de\/domov\/"},"modified":"2024-09-09T08:36:53","modified_gmt":"2024-09-09T07:36:53","slug":"domov","status":"publish","type":"page","link":"https:\/\/rake-back-poker.de\/sl\/","title":{"rendered":"Domov"},"content":{"rendered":"<h2>Poker strani z najbolj\u0161im rakebackom<\/h2>\n<p>Ko igrate spletni poker za pravi denar, pla\u010date rake \u2013 znesek, ki ga poker stran vzame iz pota za vsako roko. Posamezno so to obi\u010dajno relativno majhni zneski, vendar se se\u0161tevajo.<\/p>\n<p>Da bi stranke kar najbolje spodbudili k ve\u010dji igri, ima ve\u010dina spletnih strani interni program rakebacka. Rakeback preprosto pomeni, da igralec prejme del rakebacka od poker strani. To obi\u010dajno deluje v obliki sistema to\u010dk. Glede na to, koliko rakea je igralec pla\u010dal, prejme &#8220;to\u010dke zvestobe&#8221; (vsaka poker soba ima svoje ime za te to\u010dke), te to\u010dke zvestobe pa je mogo\u010de kasneje unov\u010diti za gotovino.<\/p>\n<p>Pogosto lahko igralec te to\u010dke zvestobe zamenja tudi za vstopnice za turnirje ali blago iz trgovine (baseball kape, majice itd.). Ko \u017ee govorimo o turnirjih: Tukaj se pla\u010da tudi &#8220;rake&#8221; \u2013 na primer, vstopnina je obi\u010dajno navedena kot 10 $ + 1 $. Manj\u0161i znesek v vi\u0161ini 1 $ je &#8220;za hi\u0161o&#8221;, vendar se v poker \u017eargonu ne imenuje rake, temve\u010d &#8220;juice&#8221;. Vendar se ta &#8220;juice&#8221; na ve\u010dini poker strani upo\u0161teva tudi pri rakebacku.<\/p>\n<p>Nasvet: Poker strani, ki zara\u010dunajo ve\u010d kot 10 % vstopnine kot &#8220;juice&#8221;, se je najbolje izogniti \u017ee od samega za\u010detka!<\/p>\n<h2>Koliko rakebacka dobim?<\/h2>\n<p>Vi\u0161ina rakebacka je odvisna od razli\u010dnih dejavnikov. Obi\u010dajno ima poker stran &#8220;progresivni&#8221; sistem to\u010dkovanja. Med igranjem pridobite vi\u0161ji status (npr. bronasti\/srebrni\/zlati\/platinasti) in glede na va\u0161 status prejmete vi\u0161ji odstotek rakebacka. Z drugimi besedami, \u010de \u017ee imate vi\u0161ji status, lahko zaslu\u017eite ve\u010d to\u010dk zvestobe na dolar rakea.<\/p>\n<h2>Kak\u0161na je razlika med zunanjim in notranjim rakebackom?<\/h2>\n<p>No, neko\u010d so se igralci prijavili v poker sobo prek posebnega zunanjega ponudnika rakebacka. Poker soba je spletnemu mestu za rakeback posredovala informacije o rakeu, ki ga je pla\u010dal igralec, spletno mesto pa je nato igralcu izpla\u010dalo rakeback. Dandanes pa ve\u010dina poker sob ne deli ve\u010d informacij o pla\u010danem rakeu s tretjimi osebami, temve\u010d ponuja svoj interni program rakebacka \u2013 prek to\u010dk zvestobe.<\/p>\n<h2>Kaj je bonus za nove stranke?<\/h2>\n<p>Bonus za nove stranke je prav tako vrsta rakebacka, vendar le za omejen \u010das in v najvi\u0161jem znesku. Kdo ponuja najbolj\u0161e bonuse, lahko izveste na <a href=\"https:\/\/poker-bonuscode.de\">www.poker-bonuscode.de<\/a>. Dejanski rakeback pa je igralcu dodeljen trajno, dokler igra za denar.<\/p>\n<h2>Katera poker stran torej ponuja najbolj\u0161i rakeback?<\/h2>\n<p>Za vas testiramo najbolj\u0161e poker strani in vam nudimo podrobne informacije o razli\u010dnih programih rakebacka, sistemih to\u010dk itd.<\/p>\n","protected":false},"excerpt":{"rendered":"<p>Poker strani z najbolj\u0161im rakebackom Ko igrate spletni poker za pravi denar, pla\u010date rake \u2013 znesek, ki ga poker stran vzame iz pota za vsako roko. Posamezno so to obi\u010dajno relativno majhni zneski, vendar se se\u0161tevajo. Da bi stranke kar najbolje spodbudili k ve\u010dji igri, ima ve\u010dina spletnih strani interni program rakebacka. Rakeback preprosto pomeni, [&hellip;]<\/p>\n","protected":false},"author":1,"featured_media":0,"parent":0,"menu_order":0,"comment_status":"closed","ping_status":"closed","template":"","meta":{"footnotes":""},"class_list":["post-596","page","type-page","status-publish","hentry","entry"],"yoast_head":"<!-- This site is optimized with the Yoast SEO plugin v25.9 - https:\/\/yoast.com\/wordpress\/plugins\/seo\/ -->\n<title>Poker strani z najbolj\u0161im rakebackom<\/title>\n<meta name=\"description\" content=\"I\u0161\u010dete rakeback za poker? Tukaj boste na\u0161li najbolj\u0161e ponudbe rakebacka za spletne igralce pokra.\" \/>\n<meta name=\"robots\" content=\"index, follow, max-snippet:-1, max-image-preview:large, max-video-preview:-1\" \/>\n<link rel=\"canonical\" href=\"https:\/\/rake-back-poker.de\/sl\/\" \/>\n<meta property=\"og:locale\" content=\"sl_SI\" \/>\n<meta property=\"og:type\" content=\"article\" \/>\n<meta property=\"og:title\" content=\"Poker strani z najbolj\u0161im rakebackom\" \/>\n<meta property=\"og:description\" content=\"I\u0161\u010dete rakeback za poker? Tukaj boste na\u0161li najbolj\u0161e ponudbe rakebacka za spletne igralce pokra.\" \/>\n<meta property=\"og:url\" content=\"https:\/\/rake-back-poker.de\/sl\/\" \/>\n<meta property=\"og:site_name\" content=\"Rakeback Poker\" \/>\n<meta name=\"twitter:card\" content=\"summary_large_image\" \/>\n<meta name=\"twitter:label1\" content=\"Est. reading time\" \/>\n\t<meta name=\"twitter:data1\" content=\"2 minuti\" \/>\n<script type=\"application\/ld+json\" class=\"yoast-schema-graph\">{\"@context\":\"https:\/\/schema.org\",\"@graph\":[{\"@type\":\"WebPage\",\"@id\":\"https:\/\/rake-back-poker.de\/sl\/\",\"url\":\"https:\/\/rake-back-poker.de\/sl\/\",\"name\":\"Poker strani z najbolj\u0161im rakebackom\",\"isPartOf\":{\"@id\":\"https:\/\/rake-back-poker.de\/sl\/#website\"},\"datePublished\":\"2024-09-09T07:36:53+00:00\",\"description\":\"I\u0161\u010dete rakeback za poker? Tukaj boste na\u0161li najbolj\u0161e ponudbe rakebacka za spletne igralce pokra.\",\"breadcrumb\":{\"@id\":\"https:\/\/rake-back-poker.de\/sl\/#breadcrumb\"},\"inLanguage\":\"sl-SI\",\"potentialAction\":[{\"@type\":\"ReadAction\",\"target\":[\"https:\/\/rake-back-poker.de\/sl\/\"]}]},{\"@type\":\"BreadcrumbList\",\"@id\":\"https:\/\/rake-back-poker.de\/sl\/#breadcrumb\",\"itemListElement\":[{\"@type\":\"ListItem\",\"position\":1,\"name\":\"Home\",\"item\":\"https:\/\/rake-back-poker.de\/sl\/\"},{\"@type\":\"ListItem\",\"position\":2,\"name\":\"Domov\"}]},{\"@type\":\"WebSite\",\"@id\":\"https:\/\/rake-back-poker.de\/sl\/#website\",\"url\":\"https:\/\/rake-back-poker.de\/sl\/\",\"name\":\"Rakeback Poker\",\"description\":\"\",\"potentialAction\":[{\"@type\":\"SearchAction\",\"target\":{\"@type\":\"EntryPoint\",\"urlTemplate\":\"https:\/\/rake-back-poker.de\/sl\/?s={search_term_string}\"},\"query-input\":{\"@type\":\"PropertyValueSpecification\",\"valueRequired\":true,\"valueName\":\"search_term_string\"}}],\"inLanguage\":\"sl-SI\"}]}<\/script>\n<!-- \/ Yoast SEO plugin. -->","yoast_head_json":{"title":"Poker strani z najbolj\u0161im rakebackom","description":"I\u0161\u010dete rakeback za poker? Tukaj boste na\u0161li najbolj\u0161e ponudbe rakebacka za spletne igralce pokra.","robots":{"index":"index","follow":"follow","max-snippet":"max-snippet:-1","max-image-preview":"max-image-preview:large","max-video-preview":"max-video-preview:-1"},"canonical":"https:\/\/rake-back-poker.de\/sl\/","og_locale":"sl_SI","og_type":"article","og_title":"Poker strani z najbolj\u0161im rakebackom","og_description":"I\u0161\u010dete rakeback za poker? Tukaj boste na\u0161li najbolj\u0161e ponudbe rakebacka za spletne igralce pokra.","og_url":"https:\/\/rake-back-poker.de\/sl\/","og_site_name":"Rakeback Poker","twitter_card":"summary_large_image","twitter_misc":{"Est. reading time":"2 minuti"},"schema":{"@context":"https:\/\/schema.org","@graph":[{"@type":"WebPage","@id":"https:\/\/rake-back-poker.de\/sl\/","url":"https:\/\/rake-back-poker.de\/sl\/","name":"Poker strani z najbolj\u0161im rakebackom","isPartOf":{"@id":"https:\/\/rake-back-poker.de\/sl\/#website"},"datePublished":"2024-09-09T07:36:53+00:00","description":"I\u0161\u010dete rakeback za poker? Tukaj boste na\u0161li najbolj\u0161e ponudbe rakebacka za spletne igralce pokra.","breadcrumb":{"@id":"https:\/\/rake-back-poker.de\/sl\/#breadcrumb"},"inLanguage":"sl-SI","potentialAction":[{"@type":"ReadAction","target":["https:\/\/rake-back-poker.de\/sl\/"]}]},{"@type":"BreadcrumbList","@id":"https:\/\/rake-back-poker.de\/sl\/#breadcrumb","itemListElement":[{"@type":"ListItem","position":1,"name":"Home","item":"https:\/\/rake-back-poker.de\/sl\/"},{"@type":"ListItem","position":2,"name":"Domov"}]},{"@type":"WebSite","@id":"https:\/\/rake-back-poker.de\/sl\/#website","url":"https:\/\/rake-back-poker.de\/sl\/","name":"Rakeback Poker","description":"","potentialAction":[{"@type":"SearchAction","target":{"@type":"EntryPoint","urlTemplate":"https:\/\/rake-back-poker.de\/sl\/?s={search_term_string}"},"query-input":{"@type":"PropertyValueSpecification","valueRequired":true,"valueName":"search_term_string"}}],"inLanguage":"sl-SI"}]}},"_links":{"self":[{"href":"https:\/\/rake-back-poker.de\/sl\/wp-json\/wp\/v2\/pages\/596","targetHints":{"allow":["GET"]}}],"collection":[{"href":"https:\/\/rake-back-poker.de\/sl\/wp-json\/wp\/v2\/pages"}],"about":[{"href":"https:\/\/rake-back-poker.de\/sl\/wp-json\/wp\/v2\/types\/page"}],"author":[{"embeddable":true,"href":"https:\/\/rake-back-poker.de\/sl\/wp-json\/wp\/v2\/users\/1"}],"replies":[{"embeddable":true,"href":"https:\/\/rake-back-poker.de\/sl\/wp-json\/wp\/v2\/comments?post=596"}],"version-history":[{"count":0,"href":"https:\/\/rake-back-poker.de\/sl\/wp-json\/wp\/v2\/pages\/596\/revisions"}],"wp:attachment":[{"href":"https:\/\/rake-back-poker.de\/sl\/wp-json\/wp\/v2\/media?parent=596"}],"curies":[{"name":"wp","href":"https:\/\/api.w.org\/{rel}","templated":true}]}}