{"id":53,"date":"2024-09-09T08:36:53","date_gmt":"2024-09-09T07:36:53","guid":{"rendered":"https:\/\/rake-back-poker.de\/hem\/"},"modified":"2024-09-09T08:36:53","modified_gmt":"2024-09-09T07:36:53","slug":"hem","status":"publish","type":"page","link":"https:\/\/rake-back-poker.de\/sv\/","title":{"rendered":"Hem"},"content":{"rendered":"<h2 data-start=\"0\" data-end=\"41\"><strong data-start=\"0\" data-end=\"39\">Pokerwebbplatser med b\u00e4sta rakeback<\/strong><\/h2>\n<p class=\"\" data-start=\"43\" data-end=\"251\">N\u00e4r du spelar onlinepoker med riktiga pengar betalar du en rake \u2013 den avgift som pokerrummet tar fr\u00e5n varje pott. F\u00f6r sig sj\u00e4lvt \u00e4r beloppet oftast litet, men det kan snabbt bli en betydande summa \u00f6ver tid.<\/p>\n<p class=\"\" data-start=\"253\" data-end=\"672\">F\u00f6r att uppmuntra spelare att forts\u00e4tta spela har de flesta pokersajter ett internt rakeback-program. Rakeback inneb\u00e4r att spelaren f\u00e5r tillbaka en del av den rake som betalats till pokerrummet. Detta fungerar vanligtvis genom ett po\u00e4ngsystem: ju mer rake du betalar, desto fler &#8221;lojalitetspo\u00e4ng&#8221; tj\u00e4nar du (varje pokersajt har sitt eget namn f\u00f6r dessa po\u00e4ng). Dessa lojalitetspo\u00e4ng kan senare l\u00f6sas in mot kontanter.<\/p>\n<p class=\"\" data-start=\"674\" data-end=\"1096\">Ofta kan spelaren ocks\u00e5 anv\u00e4nda dessa po\u00e4ng f\u00f6r att k\u00f6pa turneringsbiljetter eller produkter i shoppen (basebollkepsar, T-shirts osv.). N\u00e4r det g\u00e4ller turneringar tas ocks\u00e5 en &#8221;rake&#8221; ut, till exempel kan en ink\u00f6psavgift anges som $10+$1. Det mindre beloppet p\u00e5 $1 g\u00e5r till huset och kallas inom pokerjargongen f\u00f6r &#8221;juice&#8221; snarare \u00e4n rake. P\u00e5 de flesta pokersajter r\u00e4knas dock \u00e4ven denna &#8221;juice&#8221; in i rakeback-programmet.<\/p>\n<p class=\"\" data-start=\"1098\" data-end=\"1172\"><strong data-start=\"1098\" data-end=\"1107\">Tips:<\/strong> Undvik pokersajter som tar mer \u00e4n 10 % av ink\u00f6pet som &#8221;juice&#8221;!<\/p>\n<h3 class=\"\" data-start=\"1174\" data-end=\"1211\">Hur mycket rakeback kan jag f\u00e5?<\/h3>\n<p class=\"\" data-start=\"1212\" data-end=\"1552\">Hur mycket rakeback du f\u00e5r beror p\u00e5 olika faktorer. Normalt har pokersajter ett progressivt po\u00e4ngsystem. Ju mer du spelar, desto h\u00f6gre status f\u00e5r du (t.ex. Brons\/Silver\/Guld\/Platina), och beroende p\u00e5 din status f\u00e5r du en h\u00f6gre procentsats i rakeback. Med andra ord tj\u00e4nar du fler lojalitetspo\u00e4ng per rake-dollar om du har en h\u00f6gre status.<\/p>\n<h3 class=\"\" data-start=\"1554\" data-end=\"1612\">Vad \u00e4r skillnaden mellan extern och intern rakeback?<\/h3>\n<p class=\"\" data-start=\"1613\" data-end=\"1975\">Tidigare kunde spelare registrera sig hos ett pokerrum via en extern rakeback-leverant\u00f6r. Pokerrummet delade d\u00e5 information om betald rake med leverant\u00f6ren, som sedan betalade ut rakeback till spelaren. Idag delar de flesta pokerrum inte l\u00e4ngre denna information med tredje part, utan erbjuder ist\u00e4llet sina egna interna rakeback-program genom lojalitetspo\u00e4ng.<\/p>\n<h3 class=\"\" data-start=\"1977\" data-end=\"2006\">Vad \u00e4r v\u00e4lkomstbonusen?<\/h3>\n<p class=\"\" data-start=\"2007\" data-end=\"2281\">V\u00e4lkomstbonusen \u00e4r ocks\u00e5 en form av rakeback, men den \u00e4r tidsbegr\u00e4nsad och har ett maxbelopp. Du kan hitta de b\u00e4sta bonusarna p\u00e5 <a href=\"http:\/\/www.poker-bonuscode.de\" target=\"_new\" rel=\"noopener\" data-start=\"2136\" data-end=\"2158\">www.poker-bonuscode.de<\/a>. Den egentliga rakebacken \u00e4r dock en permanent f\u00f6rm\u00e5n som ges s\u00e5 l\u00e4nge spelaren forts\u00e4tter att spela f\u00f6r riktiga pengar.<\/p>\n<h3 class=\"\" data-start=\"2283\" data-end=\"2336\">Vilken pokersajt erbjuder den b\u00e4sta rakebacken?<\/h3>\n<p class=\"\" data-start=\"2337\" data-end=\"2463\">Vi testar de b\u00e4sta pokersajterna och ger dig detaljerad information om deras olika rakeback-program, po\u00e4ngsystem och f\u00f6rm\u00e5ner.<\/p>\n","protected":false},"excerpt":{"rendered":"<p>Pokerwebbplatser med b\u00e4sta rakeback N\u00e4r du spelar onlinepoker med riktiga pengar betalar du en rake \u2013 den avgift som pokerrummet tar fr\u00e5n varje pott. F\u00f6r sig sj\u00e4lvt \u00e4r beloppet oftast litet, men det kan snabbt bli en betydande summa \u00f6ver tid. F\u00f6r att uppmuntra spelare att forts\u00e4tta spela har de flesta pokersajter ett internt rakeback-program. [&hellip;]<\/p>\n","protected":false},"author":1,"featured_media":0,"parent":0,"menu_order":0,"comment_status":"closed","ping_status":"closed","template":"","meta":{"footnotes":""},"class_list":["post-53","page","type-page","status-publish","hentry","entry"],"yoast_head":"<!-- This site is optimized with the Yoast SEO plugin v25.9 - https:\/\/yoast.com\/wordpress\/plugins\/seo\/ -->\n<title>Pokersajter med b\u00e4sta rakeback<\/title>\n<meta name=\"description\" content=\"Letar du efter poker rakeback? H\u00e4r hittar du de b\u00e4sta rakeback-erbjudandena f\u00f6r onlinepokerspelare\" \/>\n<meta name=\"robots\" content=\"index, follow, max-snippet:-1, max-image-preview:large, max-video-preview:-1\" \/>\n<link rel=\"canonical\" href=\"https:\/\/rake-back-poker.de\/sv\/\" \/>\n<meta property=\"og:locale\" content=\"sv_SE\" \/>\n<meta property=\"og:type\" content=\"article\" \/>\n<meta property=\"og:title\" content=\"Pokersajter med b\u00e4sta rakeback\" \/>\n<meta property=\"og:description\" content=\"Letar du efter poker rakeback? H\u00e4r hittar du de b\u00e4sta rakeback-erbjudandena f\u00f6r onlinepokerspelare\" \/>\n<meta property=\"og:url\" content=\"https:\/\/rake-back-poker.de\/sv\/\" \/>\n<meta property=\"og:site_name\" content=\"Rakeback Poker\" \/>\n<meta name=\"twitter:card\" content=\"summary_large_image\" \/>\n<meta name=\"twitter:label1\" content=\"Ber\u00e4knad l\u00e4stid\" \/>\n\t<meta name=\"twitter:data1\" content=\"2 minuter\" \/>\n<script type=\"application\/ld+json\" class=\"yoast-schema-graph\">{\"@context\":\"https:\/\/schema.org\",\"@graph\":[{\"@type\":\"WebPage\",\"@id\":\"https:\/\/rake-back-poker.de\/sv\/\",\"url\":\"https:\/\/rake-back-poker.de\/sv\/\",\"name\":\"Pokersajter med b\u00e4sta rakeback\",\"isPartOf\":{\"@id\":\"https:\/\/rake-back-poker.de\/sv\/#website\"},\"datePublished\":\"2024-09-09T07:36:53+00:00\",\"description\":\"Letar du efter poker rakeback? H\u00e4r hittar du de b\u00e4sta rakeback-erbjudandena f\u00f6r onlinepokerspelare\",\"breadcrumb\":{\"@id\":\"https:\/\/rake-back-poker.de\/sv\/#breadcrumb\"},\"inLanguage\":\"sv-SE\",\"potentialAction\":[{\"@type\":\"ReadAction\",\"target\":[\"https:\/\/rake-back-poker.de\/sv\/\"]}]},{\"@type\":\"BreadcrumbList\",\"@id\":\"https:\/\/rake-back-poker.de\/sv\/#breadcrumb\",\"itemListElement\":[{\"@type\":\"ListItem\",\"position\":1,\"name\":\"Home\",\"item\":\"https:\/\/rake-back-poker.de\/sv\/\"},{\"@type\":\"ListItem\",\"position\":2,\"name\":\"Hem\"}]},{\"@type\":\"WebSite\",\"@id\":\"https:\/\/rake-back-poker.de\/sv\/#website\",\"url\":\"https:\/\/rake-back-poker.de\/sv\/\",\"name\":\"Rakeback Poker\",\"description\":\"\",\"potentialAction\":[{\"@type\":\"SearchAction\",\"target\":{\"@type\":\"EntryPoint\",\"urlTemplate\":\"https:\/\/rake-back-poker.de\/sv\/?s={search_term_string}\"},\"query-input\":{\"@type\":\"PropertyValueSpecification\",\"valueRequired\":true,\"valueName\":\"search_term_string\"}}],\"inLanguage\":\"sv-SE\"}]}<\/script>\n<!-- \/ Yoast SEO plugin. -->","yoast_head_json":{"title":"Pokersajter med b\u00e4sta rakeback","description":"Letar du efter poker rakeback? H\u00e4r hittar du de b\u00e4sta rakeback-erbjudandena f\u00f6r onlinepokerspelare","robots":{"index":"index","follow":"follow","max-snippet":"max-snippet:-1","max-image-preview":"max-image-preview:large","max-video-preview":"max-video-preview:-1"},"canonical":"https:\/\/rake-back-poker.de\/sv\/","og_locale":"sv_SE","og_type":"article","og_title":"Pokersajter med b\u00e4sta rakeback","og_description":"Letar du efter poker rakeback? H\u00e4r hittar du de b\u00e4sta rakeback-erbjudandena f\u00f6r onlinepokerspelare","og_url":"https:\/\/rake-back-poker.de\/sv\/","og_site_name":"Rakeback Poker","twitter_card":"summary_large_image","twitter_misc":{"Ber\u00e4knad l\u00e4stid":"2 minuter"},"schema":{"@context":"https:\/\/schema.org","@graph":[{"@type":"WebPage","@id":"https:\/\/rake-back-poker.de\/sv\/","url":"https:\/\/rake-back-poker.de\/sv\/","name":"Pokersajter med b\u00e4sta rakeback","isPartOf":{"@id":"https:\/\/rake-back-poker.de\/sv\/#website"},"datePublished":"2024-09-09T07:36:53+00:00","description":"Letar du efter poker rakeback? H\u00e4r hittar du de b\u00e4sta rakeback-erbjudandena f\u00f6r onlinepokerspelare","breadcrumb":{"@id":"https:\/\/rake-back-poker.de\/sv\/#breadcrumb"},"inLanguage":"sv-SE","potentialAction":[{"@type":"ReadAction","target":["https:\/\/rake-back-poker.de\/sv\/"]}]},{"@type":"BreadcrumbList","@id":"https:\/\/rake-back-poker.de\/sv\/#breadcrumb","itemListElement":[{"@type":"ListItem","position":1,"name":"Home","item":"https:\/\/rake-back-poker.de\/sv\/"},{"@type":"ListItem","position":2,"name":"Hem"}]},{"@type":"WebSite","@id":"https:\/\/rake-back-poker.de\/sv\/#website","url":"https:\/\/rake-back-poker.de\/sv\/","name":"Rakeback Poker","description":"","potentialAction":[{"@type":"SearchAction","target":{"@type":"EntryPoint","urlTemplate":"https:\/\/rake-back-poker.de\/sv\/?s={search_term_string}"},"query-input":{"@type":"PropertyValueSpecification","valueRequired":true,"valueName":"search_term_string"}}],"inLanguage":"sv-SE"}]}},"_links":{"self":[{"href":"https:\/\/rake-back-poker.de\/sv\/wp-json\/wp\/v2\/pages\/53","targetHints":{"allow":["GET"]}}],"collection":[{"href":"https:\/\/rake-back-poker.de\/sv\/wp-json\/wp\/v2\/pages"}],"about":[{"href":"https:\/\/rake-back-poker.de\/sv\/wp-json\/wp\/v2\/types\/page"}],"author":[{"embeddable":true,"href":"https:\/\/rake-back-poker.de\/sv\/wp-json\/wp\/v2\/users\/1"}],"replies":[{"embeddable":true,"href":"https:\/\/rake-back-poker.de\/sv\/wp-json\/wp\/v2\/comments?post=53"}],"version-history":[{"count":0,"href":"https:\/\/rake-back-poker.de\/sv\/wp-json\/wp\/v2\/pages\/53\/revisions"}],"wp:attachment":[{"href":"https:\/\/rake-back-poker.de\/sv\/wp-json\/wp\/v2\/media?parent=53"}],"curies":[{"name":"wp","href":"https:\/\/api.w.org\/{rel}","templated":true}]}}