{"id":603,"date":"2024-09-09T08:36:53","date_gmt":"2024-09-09T07:36:53","guid":{"rendered":"https:\/\/rake-back-poker.de\/ev\/"},"modified":"2024-09-09T08:36:53","modified_gmt":"2024-09-09T07:36:53","slug":"ev","status":"publish","type":"page","link":"https:\/\/rake-back-poker.de\/tr\/","title":{"rendered":"Ev"},"content":{"rendered":"<h2>En \u0130yi Rakeback Sa\u011flayan Poker Siteleri<\/h2>\n<p>Ger\u00e7ek parayla \u00e7evrimi\u00e7i poker oynad\u0131\u011f\u0131n\u0131zda, bir rake \u00f6dersiniz; yani poker sitesinin her el i\u00e7in pottan ald\u0131\u011f\u0131 miktar. Bunlar tek tek bak\u0131ld\u0131\u011f\u0131nda genellikle nispeten k\u00fc\u00e7\u00fck miktarlard\u0131r, ancak toplamda birikirler.<\/p>\n<p>M\u00fc\u015fterilere daha fazla oynamalar\u0131 i\u00e7in en iyi te\u015fviki sa\u011flamak amac\u0131yla \u00e7o\u011fu sitenin dahili bir rakeback program\u0131 vard\u0131r. Rakeback, oyuncunun poker sitesinden rake&#8217;in bir k\u0131sm\u0131n\u0131 geri almas\u0131 anlam\u0131na gelir. Bu genellikle bir puan sistemi \u015feklinde i\u015fler. Oyuncunun \u00f6dedi\u011fi rake miktar\u0131na ba\u011fl\u0131 olarak &#8220;sadakat puanlar\u0131&#8221; al\u0131r (her poker odas\u0131n\u0131n bu puanlar i\u00e7in kendi ad\u0131 vard\u0131r) ve bu sadakat puanlar\u0131 daha sonra nakit olarak kullan\u0131labilir.<\/p>\n<p>Oyuncu genellikle bu sadakat puanlar\u0131n\u0131 turnuva biletleri veya ma\u011fazadan al\u0131nan \u00fcr\u00fcnlerle (beyzbol \u015fapkalar\u0131, ti\u015f\u00f6rtler vb.) de de\u011fi\u015ftirebilir. Turnuvalardan bahsetmi\u015fken: Burada da bir &#8220;rake&#8221; \u00f6denir; \u00f6rne\u011fin, giri\u015f \u00fccreti genellikle 10$ + 1$ olarak listelenir. Daha k\u00fc\u00e7\u00fck olan 1 dolarl\u0131k miktar &#8220;kumarhane i\u00e7in&#8221;dir, ancak poker jargonunda buna rake de\u011fil, &#8220;juice&#8221; denir. Ancak bu &#8220;juice&#8221;, \u00e7o\u011fu poker sitesinde rakeback olarak da dikkate al\u0131n\u0131r.<\/p>\n<p>\u0130pucu: Giri\u015f \u00fccretinin %10&#8217;undan fazlas\u0131n\u0131 &#8220;juice&#8221; olarak alan poker sitelerinden en ba\u015ftan uzak durmak en iyisidir!<\/p>\n<h2>Ne kadar rakeback al\u0131r\u0131m?<\/h2>\n<p>Rakeback miktar\u0131 \u00e7e\u015fitli fakt\u00f6rlere ba\u011fl\u0131d\u0131r. Genellikle poker sitelerinin &#8220;kademeli&#8221; bir puan sistemi vard\u0131r. Oynad\u0131k\u00e7a daha y\u00fcksek bir stat\u00fc kazan\u0131rs\u0131n\u0131z (\u00f6rne\u011fin Bronz\/G\u00fcm\u00fc\u015f\/Alt\u0131n\/Platin) ve stat\u00fcn\u00fcze ba\u011fl\u0131 olarak daha y\u00fcksek bir rakeback y\u00fczdesi al\u0131rs\u0131n\u0131z. Ba\u015fka bir deyi\u015fle, zaten daha y\u00fcksek bir stat\u00fcn\u00fcz varsa, rake ba\u015f\u0131na kazanabilece\u011finiz daha fazla sadakat puan\u0131 vard\u0131r. <\/p>\n<h2>Harici ve dahili rakeback aras\u0131ndaki fark nedir?<\/h2>\n<p>Bir zamanlar oyuncular, \u00f6zel bir harici rakeback sa\u011flay\u0131c\u0131s\u0131 arac\u0131l\u0131\u011f\u0131yla bir poker odas\u0131na kaydolurdu. Poker odas\u0131, rakeback sitesine oyuncunun \u00f6dedi\u011fi rake hakk\u0131nda bilgi verir ve site de rakeback&#8217;i oyuncuya \u00f6derdi. Ancak g\u00fcn\u00fcm\u00fczde \u00e7o\u011fu poker odas\u0131, \u00f6denen rake hakk\u0131ndaki bilgileri \u00fc\u00e7\u00fcnc\u00fc taraflarla payla\u015fmaz, bunun yerine sadakat puanlar\u0131 arac\u0131l\u0131\u011f\u0131yla kendi dahili rakeback program\u0131n\u0131 sunar.<\/p>\n<h2>Yeni m\u00fc\u015fteri bonusu nedir?<\/h2>\n<p>Yeni m\u00fc\u015fteri bonusu da bir t\u00fcr rakeback&#8217;tir, ancak yaln\u0131zca s\u0131n\u0131rl\u0131 bir s\u00fcre i\u00e7in ve maksimum tutarda ge\u00e7erlidir. En iyi bonuslar\u0131 kimin sundu\u011funu <a href=\"https:\/\/poker-bonuscode.de\">www.poker-bonuscode.de<\/a> adresinden \u00f6\u011frenebilirsiniz. Ger\u00e7ek rakeback ise, oyuncuya para i\u00e7in oynad\u0131\u011f\u0131 s\u00fcrece kal\u0131c\u0131 olarak verilir. <\/p>\n<h2>Peki hangi poker sitesi en iyi rakeback&#8217;i sunuyor?<\/h2>\n<p>En iyi poker sitelerini sizin i\u00e7in test ediyor ve \u00e7e\u015fitli rakeback programlar\u0131, puan sistemleri vb. hakk\u0131nda ayr\u0131nt\u0131l\u0131 bilgi sa\u011fl\u0131yoruz.<\/p>\n","protected":false},"excerpt":{"rendered":"<p>En \u0130yi Rakeback Sa\u011flayan Poker Siteleri Ger\u00e7ek parayla \u00e7evrimi\u00e7i poker oynad\u0131\u011f\u0131n\u0131zda, bir rake \u00f6dersiniz; yani poker sitesinin her el i\u00e7in pottan ald\u0131\u011f\u0131 miktar. Bunlar tek tek bak\u0131ld\u0131\u011f\u0131nda genellikle nispeten k\u00fc\u00e7\u00fck miktarlard\u0131r, ancak toplamda birikirler. M\u00fc\u015fterilere daha fazla oynamalar\u0131 i\u00e7in en iyi te\u015fviki sa\u011flamak amac\u0131yla \u00e7o\u011fu sitenin dahili bir rakeback program\u0131 vard\u0131r. Rakeback, oyuncunun poker sitesinden [&hellip;]<\/p>\n","protected":false},"author":1,"featured_media":0,"parent":0,"menu_order":0,"comment_status":"closed","ping_status":"closed","template":"","meta":{"footnotes":""},"class_list":["post-603","page","type-page","status-publish","hentry","entry"],"yoast_head":"<!-- This site is optimized with the Yoast SEO plugin v25.9 - https:\/\/yoast.com\/wordpress\/plugins\/seo\/ -->\n<title>En iyi rakeback&#039;i veren poker siteleri<\/title>\n<meta name=\"description\" content=\"Poker rakeback mi ar\u0131yorsunuz? Burada \u00e7evrimi\u00e7i poker oyuncular\u0131 i\u00e7in en iyi rakeback tekliflerini bulacaks\u0131n\u0131z.\" \/>\n<meta name=\"robots\" content=\"index, follow, max-snippet:-1, max-image-preview:large, max-video-preview:-1\" \/>\n<link rel=\"canonical\" href=\"https:\/\/rake-back-poker.de\/tr\/\" \/>\n<meta property=\"og:locale\" content=\"tr_TR\" \/>\n<meta property=\"og:type\" content=\"article\" \/>\n<meta property=\"og:title\" content=\"En iyi rakeback&#039;i veren poker siteleri\" \/>\n<meta property=\"og:description\" content=\"Poker rakeback mi ar\u0131yorsunuz? Burada \u00e7evrimi\u00e7i poker oyuncular\u0131 i\u00e7in en iyi rakeback tekliflerini bulacaks\u0131n\u0131z.\" \/>\n<meta property=\"og:url\" content=\"https:\/\/rake-back-poker.de\/tr\/\" \/>\n<meta property=\"og:site_name\" content=\"Rakeback Poker\" \/>\n<meta name=\"twitter:card\" content=\"summary_large_image\" \/>\n<meta name=\"twitter:label1\" content=\"Tahmini okuma s\u00fcresi\" \/>\n\t<meta name=\"twitter:data1\" content=\"2 dakika\" \/>\n<script type=\"application\/ld+json\" class=\"yoast-schema-graph\">{\"@context\":\"https:\/\/schema.org\",\"@graph\":[{\"@type\":\"WebPage\",\"@id\":\"https:\/\/rake-back-poker.de\/tr\/\",\"url\":\"https:\/\/rake-back-poker.de\/tr\/\",\"name\":\"En iyi rakeback'i veren poker siteleri\",\"isPartOf\":{\"@id\":\"https:\/\/rake-back-poker.de\/tr\/#website\"},\"datePublished\":\"2024-09-09T07:36:53+00:00\",\"description\":\"Poker rakeback mi ar\u0131yorsunuz? Burada \u00e7evrimi\u00e7i poker oyuncular\u0131 i\u00e7in en iyi rakeback tekliflerini bulacaks\u0131n\u0131z.\",\"breadcrumb\":{\"@id\":\"https:\/\/rake-back-poker.de\/tr\/#breadcrumb\"},\"inLanguage\":\"tr\",\"potentialAction\":[{\"@type\":\"ReadAction\",\"target\":[\"https:\/\/rake-back-poker.de\/tr\/\"]}]},{\"@type\":\"BreadcrumbList\",\"@id\":\"https:\/\/rake-back-poker.de\/tr\/#breadcrumb\",\"itemListElement\":[{\"@type\":\"ListItem\",\"position\":1,\"name\":\"Home\",\"item\":\"https:\/\/rake-back-poker.de\/tr\/\"},{\"@type\":\"ListItem\",\"position\":2,\"name\":\"Ev\"}]},{\"@type\":\"WebSite\",\"@id\":\"https:\/\/rake-back-poker.de\/tr\/#website\",\"url\":\"https:\/\/rake-back-poker.de\/tr\/\",\"name\":\"Rakeback Poker\",\"description\":\"\",\"potentialAction\":[{\"@type\":\"SearchAction\",\"target\":{\"@type\":\"EntryPoint\",\"urlTemplate\":\"https:\/\/rake-back-poker.de\/tr\/?s={search_term_string}\"},\"query-input\":{\"@type\":\"PropertyValueSpecification\",\"valueRequired\":true,\"valueName\":\"search_term_string\"}}],\"inLanguage\":\"tr\"}]}<\/script>\n<!-- \/ Yoast SEO plugin. -->","yoast_head_json":{"title":"En iyi rakeback'i veren poker siteleri","description":"Poker rakeback mi ar\u0131yorsunuz? Burada \u00e7evrimi\u00e7i poker oyuncular\u0131 i\u00e7in en iyi rakeback tekliflerini bulacaks\u0131n\u0131z.","robots":{"index":"index","follow":"follow","max-snippet":"max-snippet:-1","max-image-preview":"max-image-preview:large","max-video-preview":"max-video-preview:-1"},"canonical":"https:\/\/rake-back-poker.de\/tr\/","og_locale":"tr_TR","og_type":"article","og_title":"En iyi rakeback'i veren poker siteleri","og_description":"Poker rakeback mi ar\u0131yorsunuz? Burada \u00e7evrimi\u00e7i poker oyuncular\u0131 i\u00e7in en iyi rakeback tekliflerini bulacaks\u0131n\u0131z.","og_url":"https:\/\/rake-back-poker.de\/tr\/","og_site_name":"Rakeback Poker","twitter_card":"summary_large_image","twitter_misc":{"Tahmini okuma s\u00fcresi":"2 dakika"},"schema":{"@context":"https:\/\/schema.org","@graph":[{"@type":"WebPage","@id":"https:\/\/rake-back-poker.de\/tr\/","url":"https:\/\/rake-back-poker.de\/tr\/","name":"En iyi rakeback'i veren poker siteleri","isPartOf":{"@id":"https:\/\/rake-back-poker.de\/tr\/#website"},"datePublished":"2024-09-09T07:36:53+00:00","description":"Poker rakeback mi ar\u0131yorsunuz? Burada \u00e7evrimi\u00e7i poker oyuncular\u0131 i\u00e7in en iyi rakeback tekliflerini bulacaks\u0131n\u0131z.","breadcrumb":{"@id":"https:\/\/rake-back-poker.de\/tr\/#breadcrumb"},"inLanguage":"tr","potentialAction":[{"@type":"ReadAction","target":["https:\/\/rake-back-poker.de\/tr\/"]}]},{"@type":"BreadcrumbList","@id":"https:\/\/rake-back-poker.de\/tr\/#breadcrumb","itemListElement":[{"@type":"ListItem","position":1,"name":"Home","item":"https:\/\/rake-back-poker.de\/tr\/"},{"@type":"ListItem","position":2,"name":"Ev"}]},{"@type":"WebSite","@id":"https:\/\/rake-back-poker.de\/tr\/#website","url":"https:\/\/rake-back-poker.de\/tr\/","name":"Rakeback Poker","description":"","potentialAction":[{"@type":"SearchAction","target":{"@type":"EntryPoint","urlTemplate":"https:\/\/rake-back-poker.de\/tr\/?s={search_term_string}"},"query-input":{"@type":"PropertyValueSpecification","valueRequired":true,"valueName":"search_term_string"}}],"inLanguage":"tr"}]}},"_links":{"self":[{"href":"https:\/\/rake-back-poker.de\/tr\/wp-json\/wp\/v2\/pages\/603","targetHints":{"allow":["GET"]}}],"collection":[{"href":"https:\/\/rake-back-poker.de\/tr\/wp-json\/wp\/v2\/pages"}],"about":[{"href":"https:\/\/rake-back-poker.de\/tr\/wp-json\/wp\/v2\/types\/page"}],"author":[{"embeddable":true,"href":"https:\/\/rake-back-poker.de\/tr\/wp-json\/wp\/v2\/users\/1"}],"replies":[{"embeddable":true,"href":"https:\/\/rake-back-poker.de\/tr\/wp-json\/wp\/v2\/comments?post=603"}],"version-history":[{"count":0,"href":"https:\/\/rake-back-poker.de\/tr\/wp-json\/wp\/v2\/pages\/603\/revisions"}],"wp:attachment":[{"href":"https:\/\/rake-back-poker.de\/tr\/wp-json\/wp\/v2\/media?parent=603"}],"curies":[{"name":"wp","href":"https:\/\/api.w.org\/{rel}","templated":true}]}}